{"id":32465,"date":"2025-02-20T23:32:31","date_gmt":"2025-02-20T22:32:31","guid":{"rendered":"http:\/\/olemosaic.com\/producto\/iman-de-metal-dragon-barcelona-8-cm-2\/"},"modified":"2025-07-25T19:50:51","modified_gmt":"2025-07-25T17:50:51","slug":"iman-de-metal-dragao-barcelona-8-cm-2","status":"publish","type":"product","link":"https:\/\/olemosaic.com\/pt-pt\/produto\/iman-de-metal-dragao-barcelona-8-cm-2\/","title":{"rendered":"\u00cdman de metal. Drag\u00e3o. Gaud\u00ed. Barcelona. 8 cm."},"content":{"rendered":"<p>Este \u00edman met\u00e1lico de 8 cm \u00e9 uma representa\u00e7\u00e3o vibrante do famoso drag\u00e3o inspirado no mosaico de Antoni Gaud\u00ed que adorna o Parque G\u00fcell de Barcelona. Com uma paleta de cores luminosas, que inclui tons intensos de azul, vermelho e verde, este \u00edman capta a aten\u00e7\u00e3o e reflete a criatividade da arte modernista catal\u00e3. O design apresenta um fundo de mosaico que evoca a ess\u00eancia art\u00edstica e \u00fanica da cidade, real\u00e7ando o drag\u00e3o numa disposi\u00e7\u00e3o requintada que ganha vida. Na parte superior, o texto &#8220;Barcelona&#8221; apresenta-se com letras elegantes, acentuando a sua liga\u00e7\u00e3o com esta ic\u00f3nica urbe espanhola.<\/p>\n<p>Este souvenir n\u00e3o \u00e9 apenas um objeto decorativo atraente, mas tamb\u00e9m um s\u00edmbolo do patrim\u00f3nio cultural de Barcelona, perfeito para quem deseja levar consigo um peda\u00e7o da riqueza e da cor da cidade. O \u00edman \u00e9 ideal para adornar qualquer espa\u00e7o, desde o frigor\u00edfico at\u00e9 um quadro de avisos, recordando todos os dias a beleza de Barcelona. Na Ol\u00e9 Mosaic, especializamo-nos na distribui\u00e7\u00e3o de souvenirs de qualidade por grosso, e este \u00edman do drag\u00e3o representa uma excelente op\u00e7\u00e3o para lojas de recorda\u00e7\u00f5es tur\u00edsticas que desejem oferecer aos seus clientes uma lembran\u00e7a aut\u00eantica e representativa de uma das cidades mais visitadas da Europa. Com os nossos \u00edmanes de Barcelona, garantimos um toque de arte e tradi\u00e7\u00e3o em cada lar.<\/p>\n","protected":false},"excerpt":{"rendered":"<p>\u00cdman met\u00e1lico de 8 cm que representa um drag\u00e3o colorido, inspirado no famoso mosaico de Antoni Gaud\u00ed em Barcelona. Este \u00edman destaca-se pela sua vibrante paleta de cores, com tons azuis, vermelhos e verdes que criam um efeito visual muito atraente. O fundo apresenta um design de mosaico que evoca a ess\u00eancia art\u00edstica da cidade, e a palavra &#8220;Barcelona&#8221; na parte superior real\u00e7a a sua proced\u00eancia, tornando-o uma recorda\u00e7\u00e3o perfeita desta cidade ic\u00f3nica.<\/p>\n","protected":false},"featured_media":11401,"template":"","meta":{"_acf_changed":false},"product_brand":[],"product_cat":[699],"product_tag":[],"class_list":{"0":"post-32465","1":"product","2":"type-product","3":"status-publish","4":"has-post-thumbnail","6":"product_cat-imanes","7":"pa_ciudad-barcelona","8":"pa_motivo-dragao","9":"pa_pais-espana","11":"first","12":"instock","13":"shipping-taxable","14":"product-type-simple"},"acf":[],"_links":{"self":[{"href":"https:\/\/olemosaic.com\/pt-pt\/wp-json\/wp\/v2\/product\/32465","targetHints":{"allow":["GET"]}}],"collection":[{"href":"https:\/\/olemosaic.com\/pt-pt\/wp-json\/wp\/v2\/product"}],"about":[{"href":"https:\/\/olemosaic.com\/pt-pt\/wp-json\/wp\/v2\/types\/product"}],"wp:featuredmedia":[{"embeddable":true,"href":"https:\/\/olemosaic.com\/pt-pt\/wp-json\/wp\/v2\/media\/11401"}],"wp:attachment":[{"href":"https:\/\/olemosaic.com\/pt-pt\/wp-json\/wp\/v2\/media?parent=32465"}],"wp:term":[{"taxonomy":"product_brand","embeddable":true,"href":"https:\/\/olemosaic.com\/pt-pt\/wp-json\/wp\/v2\/product_brand?post=32465"},{"taxonomy":"product_cat","embeddable":true,"href":"https:\/\/olemosaic.com\/pt-pt\/wp-json\/wp\/v2\/product_cat?post=32465"},{"taxonomy":"product_tag","embeddable":true,"href":"https:\/\/olemosaic.com\/pt-pt\/wp-json\/wp\/v2\/product_tag?post=32465"}],"curies":[{"name":"wp","href":"https:\/\/api.w.org\/{rel}","templated":true}]}}