{"id":32454,"date":"2025-02-20T23:32:31","date_gmt":"2025-02-20T22:32:31","guid":{"rendered":"http:\/\/olemosaic.com\/producto\/iman-de-metal-salamandra-mojacar-negro-8-cm-2\/"},"modified":"2025-07-25T19:38:54","modified_gmt":"2025-07-25T17:38:54","slug":"iman-de-metal-salamandra-mojacar-preto-8-cm-2","status":"publish","type":"product","link":"https:\/\/olemosaic.com\/pt-pt\/produto\/iman-de-metal-salamandra-mojacar-preto-8-cm-2\/","title":{"rendered":"\u00cdman de metal. Salamandra. Moj\u00e1car. Andaluzia. Preto. 8 cm."},"content":{"rendered":"<p>Este \u00edman met\u00e1lico de 8 cm \u00e9 uma representa\u00e7\u00e3o vibrante do encanto de Moj\u00e1car, uma localidade costeira conhecida pela sua rica heran\u00e7a cultural e pela sua beleza paisag\u00edstica. O design destaca uma s\u00e9rie de salamandras coloridas, adornadas com padr\u00f5es geom\u00e9tricos sobre um elegante fundo preto, criando um contraste impactante e visualmente atraente. Cada salamandra apresenta-se numa variedade de tons vivos, desde verdes esmeralda a azuis profundos, evocando a exuber\u00e2ncia da flora e fauna andaluzas.<\/p>\n<p>Este \u00edman n\u00e3o serve apenas como recorda\u00e7\u00e3o decorativa, mas tamb\u00e9m encapsula a ess\u00eancia do folclore andaluz, acrescentando um toque de autenticidade a qualquer lar. Moj\u00e1car, famosa pela sua arquitetura branca e pelas suas paisagens deslumbrantes, fica representada de forma \u00fanica em cada detalhe deste \u00edman, tornando-o num objeto ideal para quem deseja levar consigo um fragmento desta m\u00e1gica localidade.<\/p>\n<p>Na Ol\u00e9 Mosaic, como grossistas de souvenirs aut\u00eanticos, acreditamos que este \u00edman de salamandras \u00e9 uma excelente op\u00e7\u00e3o para lojas de presentes tur\u00edsticos que procuram produtos que celebram a cultura local. O seu design atraente e a sua liga\u00e7\u00e3o com o esp\u00edrito de Moj\u00e1car tornam-no no souvenir perfeito para os turistas que procuram recorda\u00e7\u00f5es simb\u00f3licas da sua visita \u00e0 Andaluzia.<\/p>\n","protected":false},"excerpt":{"rendered":"<p>\u00cdman met\u00e1lico de 8 cm com salamandras coloridas, inspirado na beleza de Moj\u00e1car. Este atraente \u00edman apresenta um design vibrante sobre fundo preto, destacando salamandras com padr\u00f5es geom\u00e9tricos numa variedade de cores. Perfeito para levar um pedacinho da cultura andaluza para o seu lar, este \u00edman representa o folclore local e \u00e9 uma recorda\u00e7\u00e3o ideal desta encantadora localidade costeira.<\/p>\n","protected":false},"featured_media":13532,"template":"","meta":{"_acf_changed":false},"product_brand":[],"product_cat":[699],"product_tag":[516],"class_list":{"0":"post-32454","1":"product","2":"type-product","3":"status-publish","4":"has-post-thumbnail","6":"product_cat-imanes","7":"product_tag-animais","8":"pa_ciudad-mojacar","9":"pa_motivo-salamandras","10":"pa_pais-espana","12":"first","13":"instock","14":"shipping-taxable","15":"product-type-simple"},"acf":[],"_links":{"self":[{"href":"https:\/\/olemosaic.com\/pt-pt\/wp-json\/wp\/v2\/product\/32454","targetHints":{"allow":["GET"]}}],"collection":[{"href":"https:\/\/olemosaic.com\/pt-pt\/wp-json\/wp\/v2\/product"}],"about":[{"href":"https:\/\/olemosaic.com\/pt-pt\/wp-json\/wp\/v2\/types\/product"}],"wp:featuredmedia":[{"embeddable":true,"href":"https:\/\/olemosaic.com\/pt-pt\/wp-json\/wp\/v2\/media\/13532"}],"wp:attachment":[{"href":"https:\/\/olemosaic.com\/pt-pt\/wp-json\/wp\/v2\/media?parent=32454"}],"wp:term":[{"taxonomy":"product_brand","embeddable":true,"href":"https:\/\/olemosaic.com\/pt-pt\/wp-json\/wp\/v2\/product_brand?post=32454"},{"taxonomy":"product_cat","embeddable":true,"href":"https:\/\/olemosaic.com\/pt-pt\/wp-json\/wp\/v2\/product_cat?post=32454"},{"taxonomy":"product_tag","embeddable":true,"href":"https:\/\/olemosaic.com\/pt-pt\/wp-json\/wp\/v2\/product_tag?post=32454"}],"curies":[{"name":"wp","href":"https:\/\/api.w.org\/{rel}","templated":true}]}}