{"id":32453,"date":"2025-02-20T22:32:31","date_gmt":"2025-02-20T22:32:31","guid":{"rendered":"http:\/\/olemosaic.com\/producto\/iman-de-metal-bailaora-malaga-plata-8-cm\/"},"modified":"2025-07-25T18:40:43","modified_gmt":"2025-07-25T16:40:43","slug":"iman-de-metal-bailarina-flamenco-malaga-prata-8-cm","status":"publish","type":"product","link":"https:\/\/olemosaic.com\/pt-pt\/produto\/iman-de-metal-bailarina-flamenco-malaga-prata-8-cm\/","title":{"rendered":"\u00cdman de metal. Bailarina de Flamenco. M\u00e1laga. Prata. 8 cm."},"content":{"rendered":"<p>Este \u00edman met\u00e1lico de 8 cm \u00e9 uma representa\u00e7\u00e3o vibrante de uma bailarina de flamenco, inspirada na rica cultura de M\u00e1laga. Com um design colorido e detalhado, capta a ess\u00eancia da arte flamenca, mostrando a bailarina com um elegante vestido de folhos que combina tons brilhantes, real\u00e7ando os seus movimentos cheios de gra\u00e7a. Os detalhes em prata acrescentam um toque de sofistica\u00e7\u00e3o \u00e0 pe\u00e7a, enquanto o fundo apresenta um atraente mosaico que evoca a energia e o ritmo da dan\u00e7a flamenca. A palavra &#8220;M\u00c1LAGA&#8221; est\u00e1 impressa com letras proeminentes, proporcionando um car\u00e1cter distintivo que ancora este objeto na tradi\u00e7\u00e3o andaluza.<\/p>\n<p>Este \u00edman n\u00e3o \u00e9 apenas um complemento decorativo, mas um s\u00edmbolo potente do folclore da regi\u00e3o, perfeito para turistas que desejam levar um peda\u00e7o de M\u00e1laga para casa. A sua autenticidade e design artesanal tornam-no num souvenir ideal para recordar a vivacidade da cultura andaluza.<\/p>\n<p>Na Ol\u00e9 Mosaic, orgulhamo-nos de ser distribuidores de souvenirs aut\u00eanticos, e este \u00edman encapsula a tradi\u00e7\u00e3o espanhola, proporcionando \u00e0s lojas de presentes tur\u00edsticos uma excelente op\u00e7\u00e3o para oferecer aos seus clientes. Como grossistas de artigos de recorda\u00e7\u00e3o, garantimos a qualidade e a relev\u00e2ncia cultural de cada pe\u00e7a.<\/p>\n","protected":false},"excerpt":{"rendered":"<p>\u00cdman de metal de 8 cm que apresenta uma representa\u00e7\u00e3o vibrante de uma bailarina de flamenco, inspirada na cultura de M\u00e1laga. Este design colorido mostra a bailarina com um vestido de folhos em tons brilhantes, adornado com detalhes prateados. O fundo, com um mosaico que evoca a energia da dan\u00e7a, e a palavra &#8220;M\u00c1LAGA&#8221; impressa em letras destacadas, acrescentam um toque distintivo da cidade andaluza. Um souvenir ideal que capta a ess\u00eancia do folclore da regi\u00e3o.<\/p>\n","protected":false},"featured_media":10544,"template":"","meta":{"_acf_changed":false},"product_brand":[],"product_cat":[699],"product_tag":[],"class_list":{"0":"post-32453","1":"product","2":"type-product","3":"status-publish","4":"has-post-thumbnail","6":"product_cat-imanes","7":"pa_ciudad-malaga","8":"pa_motivo-dancarinos","9":"pa_pais-espana","11":"first","12":"instock","13":"shipping-taxable","14":"product-type-simple"},"acf":[],"_links":{"self":[{"href":"https:\/\/olemosaic.com\/pt-pt\/wp-json\/wp\/v2\/product\/32453","targetHints":{"allow":["GET"]}}],"collection":[{"href":"https:\/\/olemosaic.com\/pt-pt\/wp-json\/wp\/v2\/product"}],"about":[{"href":"https:\/\/olemosaic.com\/pt-pt\/wp-json\/wp\/v2\/types\/product"}],"wp:featuredmedia":[{"embeddable":true,"href":"https:\/\/olemosaic.com\/pt-pt\/wp-json\/wp\/v2\/media\/10544"}],"wp:attachment":[{"href":"https:\/\/olemosaic.com\/pt-pt\/wp-json\/wp\/v2\/media?parent=32453"}],"wp:term":[{"taxonomy":"product_brand","embeddable":true,"href":"https:\/\/olemosaic.com\/pt-pt\/wp-json\/wp\/v2\/product_brand?post=32453"},{"taxonomy":"product_cat","embeddable":true,"href":"https:\/\/olemosaic.com\/pt-pt\/wp-json\/wp\/v2\/product_cat?post=32453"},{"taxonomy":"product_tag","embeddable":true,"href":"https:\/\/olemosaic.com\/pt-pt\/wp-json\/wp\/v2\/product_tag?post=32453"}],"curies":[{"name":"wp","href":"https:\/\/api.w.org\/{rel}","templated":true}]}}