{"id":32451,"date":"2025-02-20T23:32:30","date_gmt":"2025-02-20T22:32:30","guid":{"rendered":"http:\/\/olemosaic.com\/producto\/iman-de-metal-sagrada-familia-barcelona-8-cm-14\/"},"modified":"2025-07-25T19:33:55","modified_gmt":"2025-07-25T17:33:55","slug":"iman-de-metal-sagrada-familia-barcelona-8-cm-14-pt-pt","status":"publish","type":"product","link":"https:\/\/olemosaic.com\/pt-pt\/produto\/iman-de-metal-sagrada-familia-barcelona-8-cm-14-pt-pt\/","title":{"rendered":"\u00cdman de metal. Sagrada Fam\u00edlia. Modernismo. Barcelona. 8 cm."},"content":{"rendered":"<p>Este \u00edman met\u00e1lico de 8 cm \u00e9 uma representa\u00e7\u00e3o vibrante da Sagrada Fam\u00edlia, um dos monumentos mais emblem\u00e1ticos de Barcelona. O seu design colorido, inspirado no estilo inconfund\u00edvel de Antoni Gaud\u00ed, destaca-se por uma impressionante variedade de pormenores arquitet\u00f3nicos que captam a ess\u00eancia do modernismo catal\u00e3o. Com uma paleta de cores que inclui vermelhos, azuis, amarelos e verdes intensos, este \u00edman n\u00e3o \u00e9 apenas um atrativo visual, mas tamb\u00e9m uma recorda\u00e7\u00e3o que evoca a singularidade desta obra-prima.<\/p>\n<p>O fundo, elaborado com um mosaico que evoca a arte modernista, real\u00e7a ainda mais a majestade da Sagrada Fam\u00edlia, convertendo este souvenir numa pe\u00e7a de grande valor cultural e art\u00edstico. Ideal para quem procura levar um peda\u00e7o da hist\u00f3ria de Barcelona, este \u00edman \u00e9 perfeito para adornar qualquer frigor\u00edfico ou superf\u00edcie met\u00e1lica, tornando-se um lembrete di\u00e1rio da beleza e criatividade que define a cidade.<\/p>\n<p>Na Ol\u00e9 Mosaic, especializamo-nos na distribui\u00e7\u00e3o de souvenirs por grosso, e este \u00edman da Sagrada Fam\u00edlia \u00e9 uma excelente op\u00e7\u00e3o para lojas de presentes tur\u00edsticos que desejem oferecer produtos aut\u00eanticos e de qualidade. Com o seu valor art\u00edstico e a sua liga\u00e7\u00e3o cultural, este \u00edman \u00e9 um imprescind\u00edvel para quem visita a capital catal\u00e3 e procura um souvenir representativo da sua rica heran\u00e7a.<\/p>\n","protected":false},"excerpt":{"rendered":"<p>\u00cdman met\u00e1lico de 8 cm com uma representa\u00e7\u00e3o vibrante da Sagrada Fam\u00edlia de Barcelona. Este design colorido, inspirado no estilo \u00fanico de Antoni Gaud\u00ed, destaca-se pelos seus ic\u00f3nicos pormenores arquitet\u00f3nicos e pela sua paleta de cores que inclui vermelho, azul, amarelo e verde. Com um fundo de mosaicos que evoca a arte modernista catal\u00e3, este \u00edman \u00e9 o souvenir ideal para captar a ess\u00eancia de uma das obras mais emblem\u00e1ticas da cidade.<\/p>\n","protected":false},"featured_media":11375,"template":"","meta":{"_acf_changed":false},"product_brand":[],"product_cat":[699],"product_tag":[],"class_list":{"0":"post-32451","1":"product","2":"type-product","3":"status-publish","4":"has-post-thumbnail","6":"product_cat-imanes","7":"pa_ciudad-barcelona","8":"pa_motivo-sagrada-familia","9":"pa_pais-espana","11":"first","12":"instock","13":"shipping-taxable","14":"product-type-simple"},"acf":[],"_links":{"self":[{"href":"https:\/\/olemosaic.com\/pt-pt\/wp-json\/wp\/v2\/product\/32451","targetHints":{"allow":["GET"]}}],"collection":[{"href":"https:\/\/olemosaic.com\/pt-pt\/wp-json\/wp\/v2\/product"}],"about":[{"href":"https:\/\/olemosaic.com\/pt-pt\/wp-json\/wp\/v2\/types\/product"}],"wp:featuredmedia":[{"embeddable":true,"href":"https:\/\/olemosaic.com\/pt-pt\/wp-json\/wp\/v2\/media\/11375"}],"wp:attachment":[{"href":"https:\/\/olemosaic.com\/pt-pt\/wp-json\/wp\/v2\/media?parent=32451"}],"wp:term":[{"taxonomy":"product_brand","embeddable":true,"href":"https:\/\/olemosaic.com\/pt-pt\/wp-json\/wp\/v2\/product_brand?post=32451"},{"taxonomy":"product_cat","embeddable":true,"href":"https:\/\/olemosaic.com\/pt-pt\/wp-json\/wp\/v2\/product_cat?post=32451"},{"taxonomy":"product_tag","embeddable":true,"href":"https:\/\/olemosaic.com\/pt-pt\/wp-json\/wp\/v2\/product_tag?post=32451"}],"curies":[{"name":"wp","href":"https:\/\/api.w.org\/{rel}","templated":true}]}}