{"id":32450,"date":"2025-02-20T23:32:30","date_gmt":"2025-02-20T22:32:30","guid":{"rendered":"http:\/\/olemosaic.com\/producto\/iman-de-metal-sagrada-familia-barcelona-plata-8-cm-5\/"},"modified":"2025-07-25T19:40:07","modified_gmt":"2025-07-25T17:40:07","slug":"iman-de-metal-sagrada-familia-barcelona-prata-8-cm-5","status":"publish","type":"product","link":"https:\/\/olemosaic.com\/pt-pt\/produto\/iman-de-metal-sagrada-familia-barcelona-prata-8-cm-5\/","title":{"rendered":"\u00cdman de metal. Sagrada Fam\u00edlia. Cores vivas. Barcelona. Prata. 8 cm."},"content":{"rendered":"<p>Este \u00edman met\u00e1lico de 8 cm \u00e9 uma representa\u00e7\u00e3o vibrante da Sagrada Fam\u00edlia, o emblem\u00e1tico monumento barcelon\u00eas desenhado pelo conceituado arquiteto Antoni Gaud\u00ed. Com um design que se destaca pelas suas cores brilhantes, incluindo tons dourados e prateados, este \u00edman evoca a majestade e a singularidade desta obra-prima arquitet\u00f3nica. A sua decora\u00e7\u00e3o em estilo mosaico capta a ess\u00eancia do modernismo catal\u00e3o e acrescenta um toque art\u00edstico que o torna um objeto de admira\u00e7\u00e3o.<\/p>\n<p>Na parte superior, o texto &#8220;I \u2665 BARCELONA&#8221; real\u00e7a a liga\u00e7\u00e3o emocional que muitos visitantes t\u00eam com esta cidade ic\u00f3nica. A forma e os pormenores minuciosos do \u00edman refletem a extraordin\u00e1ria criatividade que caracteriza a Sagrada Fam\u00edlia, fazendo deste souvenir uma pe\u00e7a n\u00e3o s\u00f3 decorativa, mas tamb\u00e9m representativa da cultura barcelonesa.<\/p>\n<p>Como um aut\u00eantico souvenir da cidade, este \u00edman \u00e9 uma excelente op\u00e7\u00e3o para turistas que procuram uma recorda\u00e7\u00e3o significativa e funcional. Na Ol\u00e9 Mosaic, especializamo-nos na distribui\u00e7\u00e3o de souvenirs por grosso, oferecendo produtos aut\u00eanticos de alta qualidade que captam a riqueza cultural de Espanha. Este \u00edman da Sagrada Fam\u00edlia \u00e9 ideal para lojas de presentes tur\u00edsticos que desejem oferecer artigos genu\u00ednos que celebrem a hist\u00f3ria e a arte de Barcelona.<\/p>\n","protected":false},"excerpt":{"rendered":"<p>\u00cdman met\u00e1lico de 8 cm que mostra uma representa\u00e7\u00e3o vibrante da Sagrada Fam\u00edlia, o emblem\u00e1tico monumento barcelon\u00eas. Este \u00edman destaca-se pelo seu design em cores vivas, com tons dourados e prateados que evocam a majestade da obra de Gaud\u00ed. Decorado com um estilo de mosaico, inclui o texto &#8220;I \u2665 BARCELONA&#8221; na parte superior, o que o torna uma recorda\u00e7\u00e3o ideal para os amantes da arte e da arquitetura.<\/p>\n","protected":false},"featured_media":11361,"template":"","meta":{"_acf_changed":false},"product_brand":[],"product_cat":[699],"product_tag":[],"class_list":{"0":"post-32450","1":"product","2":"type-product","3":"status-publish","4":"has-post-thumbnail","6":"product_cat-imanes","7":"pa_ciudad-barcelona","8":"pa_motivo-sagrada-familia","9":"pa_pais-espana","11":"first","12":"instock","13":"shipping-taxable","14":"product-type-simple"},"acf":[],"_links":{"self":[{"href":"https:\/\/olemosaic.com\/pt-pt\/wp-json\/wp\/v2\/product\/32450","targetHints":{"allow":["GET"]}}],"collection":[{"href":"https:\/\/olemosaic.com\/pt-pt\/wp-json\/wp\/v2\/product"}],"about":[{"href":"https:\/\/olemosaic.com\/pt-pt\/wp-json\/wp\/v2\/types\/product"}],"wp:featuredmedia":[{"embeddable":true,"href":"https:\/\/olemosaic.com\/pt-pt\/wp-json\/wp\/v2\/media\/11361"}],"wp:attachment":[{"href":"https:\/\/olemosaic.com\/pt-pt\/wp-json\/wp\/v2\/media?parent=32450"}],"wp:term":[{"taxonomy":"product_brand","embeddable":true,"href":"https:\/\/olemosaic.com\/pt-pt\/wp-json\/wp\/v2\/product_brand?post=32450"},{"taxonomy":"product_cat","embeddable":true,"href":"https:\/\/olemosaic.com\/pt-pt\/wp-json\/wp\/v2\/product_cat?post=32450"},{"taxonomy":"product_tag","embeddable":true,"href":"https:\/\/olemosaic.com\/pt-pt\/wp-json\/wp\/v2\/product_tag?post=32450"}],"curies":[{"name":"wp","href":"https:\/\/api.w.org\/{rel}","templated":true}]}}