{"id":32424,"date":"2025-02-20T22:32:30","date_gmt":"2025-02-20T22:32:30","guid":{"rendered":"http:\/\/olemosaic.com\/producto\/iman-de-metal-la-rambla-barcelona-8-cm\/"},"modified":"2025-07-25T18:45:31","modified_gmt":"2025-07-25T16:45:31","slug":"iman-de-metal-la-rambla-barcelona-8-cm-pt-pt","status":"publish","type":"product","link":"https:\/\/olemosaic.com\/pt-pt\/produto\/iman-de-metal-la-rambla-barcelona-8-cm-pt-pt\/","title":{"rendered":"\u00cdman de metal. La Rambla. Barcelona. 8 cm."},"content":{"rendered":"<p>Este \u00edman met\u00e1lico de 8 cm \u00e9 uma representa\u00e7\u00e3o vibrante de La Rambla, um dos \u00edcones mais emblem\u00e1ticos de Barcelona. Com um design em mosaico que real\u00e7a a ess\u00eancia cultural da Cidade Condal, esta recorda\u00e7\u00e3o capta a beleza e o dinamismo da famosa avenida. Os detalhes coloridos e as vibrantes matizes do \u00edman incluem o c\u00e9lebre monumento a Colombo, rodeado de palmeiras que evocam o ambiente mediterr\u00e2nico e edif\u00edcios atraentes que d\u00e3o vida ao local. O fundo azul intensifica a profundidade do design, fazendo com que cada elemento resplande\u00e7a e se torne uma celebra\u00e7\u00e3o do patrim\u00f3nio barcelon\u00eas.<\/p>\n<p>Este \u00edman n\u00e3o \u00e9 apenas uma recorda\u00e7\u00e3o pr\u00e1tica, mas tamb\u00e9m representa uma importante liga\u00e7\u00e3o cultural, lembrando aos turistas momentos especiais vividos em Barcelona. Como s\u00edmbolo da vitalidade e do esp\u00edrito da cidade, \u00e9 um excelente artigo para quem procura recorda\u00e7\u00f5es aut\u00eanticas e representativas. Na Ol\u00e9 Mosaic, especializamo-nos na distribui\u00e7\u00e3o de recorda\u00e7\u00f5es de alta qualidade por grosso, como este atraente \u00edman de La Rambla, ideal para lojas de presentes tur\u00edsticos e grossistas que procuram oferecer produtos \u00fanicos e cheios de significado. Esta recorda\u00e7\u00e3o de Barcelona \u00e9 uma escolha perfeita para captar a aten\u00e7\u00e3o dos visitantes e levar um peda\u00e7o da cidade para casa.<\/p>\n","protected":false},"excerpt":{"rendered":"<p>\u00cdman met\u00e1lico de 8 cm que representa uma interpreta\u00e7\u00e3o colorida de La Rambla de Barcelona. Este \u00edman apresenta um design em mosaico com detalhes vibrantes, como o famoso monumento a Colombo, palmeiras e edif\u00edcios emblem\u00e1ticos, tudo sobre um fundo azul que real\u00e7a a ess\u00eancia de la cidade. Ideal para recordar momentos na cidade condal ou como uma recorda\u00e7\u00e3o atraente.<\/p>\n","protected":false},"featured_media":11434,"template":"","meta":{"_acf_changed":false},"product_brand":[],"product_cat":[699],"product_tag":[],"class_list":{"0":"post-32424","1":"product","2":"type-product","3":"status-publish","4":"has-post-thumbnail","6":"product_cat-imanes","7":"pa_ciudad-barcelona","8":"pa_motivo-la-rambla","9":"pa_pais-espana","11":"first","12":"instock","13":"shipping-taxable","14":"product-type-simple"},"acf":[],"_links":{"self":[{"href":"https:\/\/olemosaic.com\/pt-pt\/wp-json\/wp\/v2\/product\/32424","targetHints":{"allow":["GET"]}}],"collection":[{"href":"https:\/\/olemosaic.com\/pt-pt\/wp-json\/wp\/v2\/product"}],"about":[{"href":"https:\/\/olemosaic.com\/pt-pt\/wp-json\/wp\/v2\/types\/product"}],"wp:featuredmedia":[{"embeddable":true,"href":"https:\/\/olemosaic.com\/pt-pt\/wp-json\/wp\/v2\/media\/11434"}],"wp:attachment":[{"href":"https:\/\/olemosaic.com\/pt-pt\/wp-json\/wp\/v2\/media?parent=32424"}],"wp:term":[{"taxonomy":"product_brand","embeddable":true,"href":"https:\/\/olemosaic.com\/pt-pt\/wp-json\/wp\/v2\/product_brand?post=32424"},{"taxonomy":"product_cat","embeddable":true,"href":"https:\/\/olemosaic.com\/pt-pt\/wp-json\/wp\/v2\/product_cat?post=32424"},{"taxonomy":"product_tag","embeddable":true,"href":"https:\/\/olemosaic.com\/pt-pt\/wp-json\/wp\/v2\/product_tag?post=32424"}],"curies":[{"name":"wp","href":"https:\/\/api.w.org\/{rel}","templated":true}]}}