{"id":32423,"date":"2025-02-20T22:32:30","date_gmt":"2025-02-20T22:32:30","guid":{"rendered":"http:\/\/olemosaic.com\/producto\/iman-de-metal-la-rambla-barcelona-negro-8-cm\/"},"modified":"2025-07-25T18:45:32","modified_gmt":"2025-07-25T16:45:32","slug":"iman-de-metal-la-rambla-barcelona-preto-8-cm","status":"publish","type":"product","link":"https:\/\/olemosaic.com\/pt-pt\/produto\/iman-de-metal-la-rambla-barcelona-preto-8-cm\/","title":{"rendered":"\u00cdman de metal. La Rambla. Barcelona. Preto. 8 cm."},"content":{"rendered":"<p>Este \u00edman met\u00e1lico de 8 cm \u00e9 uma representa\u00e7\u00e3o vibrante de La Rambla de Barcelona, um s\u00edmbolo da vida e da cultura catal\u00e3. O design colorido \u00e9 composto por mosaicos que destacam a emblem\u00e1tica fonte ornamental e as majestosas \u00e1rvores que adornam esta ic\u00f3nica avenida, convidando a recordar a ess\u00eancia de um passeio cheio de encanto. O fundo preto real\u00e7a as cores brilhantes da ilustra\u00e7\u00e3o, criando um contraste chamativo, enquanto a palavra &#8220;Barcelona&#8221; se apresenta em letras grandes e multicoloridas, captando a aten\u00e7\u00e3o e refletindo o esp\u00edrito art\u00edstico da cidade condal. Este \u00edman n\u00e3o \u00e9 apenas um acess\u00f3rio decorativo, mas tamb\u00e9m uma excelente recorda\u00e7\u00e3o da visita a um dos locais mais emblem\u00e1ticos de Espanha. Ideal como recorda\u00e7\u00e3o, este produto destaca-se pela sua autenticidade, permitindo aos turistas levar um pedacinho da vibrante cultura barcelonesa para casa. Na Ol\u00e9 Mosaic, especializamo-nos na distribui\u00e7\u00e3o de recorda\u00e7\u00f5es por grosso, oferecendo produtos aut\u00eanticos que celebram a diversidade e a beleza da tradi\u00e7\u00e3o espanhola. Este \u00edman \u00e9 uma op\u00e7\u00e3o perfeita para lojas de presentes tur\u00edsticos que procuram oferecer pe\u00e7as representativas e memor\u00e1veis de Barcelona.<\/p>\n","protected":false},"excerpt":{"rendered":"<p>\u00cdman met\u00e1lico de 8 cm, desenhado com uma representa\u00e7\u00e3o vibrante de La Rambla de Barcelona. O seu design colorido, \u00e0 base de mosaicos, destaca a emblem\u00e1tica fonte e as \u00e1rvores que adornam esta ic\u00f3nica avenida. O fundo preto real\u00e7a as cores brilhantes do \u00edman, enquanto a palavra &#8220;Barcelona&#8221; se apresenta em letras chamativas e multicoloridas, captando a ess\u00eancia art\u00edstica e cultural da cidade. Ideal para recordar a sua visita a este famoso passeio.<\/p>\n","protected":false},"featured_media":6954,"template":"","meta":{"_acf_changed":false},"product_brand":[],"product_cat":[699],"product_tag":[],"class_list":{"0":"post-32423","1":"product","2":"type-product","3":"status-publish","4":"has-post-thumbnail","6":"product_cat-imanes","7":"pa_ciudad-barcelona","8":"pa_motivo-la-rambla","9":"pa_pais-espana","11":"first","12":"instock","13":"shipping-taxable","14":"product-type-simple"},"acf":[],"_links":{"self":[{"href":"https:\/\/olemosaic.com\/pt-pt\/wp-json\/wp\/v2\/product\/32423","targetHints":{"allow":["GET"]}}],"collection":[{"href":"https:\/\/olemosaic.com\/pt-pt\/wp-json\/wp\/v2\/product"}],"about":[{"href":"https:\/\/olemosaic.com\/pt-pt\/wp-json\/wp\/v2\/types\/product"}],"wp:featuredmedia":[{"embeddable":true,"href":"https:\/\/olemosaic.com\/pt-pt\/wp-json\/wp\/v2\/media\/6954"}],"wp:attachment":[{"href":"https:\/\/olemosaic.com\/pt-pt\/wp-json\/wp\/v2\/media?parent=32423"}],"wp:term":[{"taxonomy":"product_brand","embeddable":true,"href":"https:\/\/olemosaic.com\/pt-pt\/wp-json\/wp\/v2\/product_brand?post=32423"},{"taxonomy":"product_cat","embeddable":true,"href":"https:\/\/olemosaic.com\/pt-pt\/wp-json\/wp\/v2\/product_cat?post=32423"},{"taxonomy":"product_tag","embeddable":true,"href":"https:\/\/olemosaic.com\/pt-pt\/wp-json\/wp\/v2\/product_tag?post=32423"}],"curies":[{"name":"wp","href":"https:\/\/api.w.org\/{rel}","templated":true}]}}