{"id":32422,"date":"2025-02-20T22:32:29","date_gmt":"2025-02-20T22:32:29","guid":{"rendered":"http:\/\/olemosaic.com\/producto\/iman-de-metal-sagrada-familia-barcelona-azul-8-cm\/"},"modified":"2025-07-25T19:14:57","modified_gmt":"2025-07-25T17:14:57","slug":"iman-de-metal-sagrada-familia-barcelona-azul-8-cm-pt-pt","status":"publish","type":"product","link":"https:\/\/olemosaic.com\/pt-pt\/produto\/iman-de-metal-sagrada-familia-barcelona-azul-8-cm-pt-pt\/","title":{"rendered":"\u00cdman de metal. Sagrada Fam\u00edlia. Barcelona. Azul. 8 cm."},"content":{"rendered":"<p>Este \u00edman met\u00e1lico de 8 cm \u00e9 uma representa\u00e7\u00e3o vibrante da majestosa Sagrada Fam\u00edlia, o emblem\u00e1tico templo de Gaud\u00ed em Barcelona. Com um design cativante que combina tons azuis e mosaicos detalhados, esta recorda\u00e7\u00e3o capta a grandeza e o singular estilo arquitet\u00f3nico de uma das obras mais reconhecidas da Cidade Condal. As impressionantes torres da Sagrada Fam\u00edlia s\u00e3o representadas elegantemente no \u00edman, real\u00e7ando a sua estrutura ic\u00f3nica, que atrai milh\u00f5es de visitantes todos os anos.<\/p>\n<p>Decorado com a palavra &#8220;Barcelona&#8221; em letras coloridas, este \u00edman n\u00e3o se destaca apenas pelo seu apelo visual, mas tamb\u00e9m se torna uma recorda\u00e7\u00e3o significativa da rica hist\u00f3ria cultural da capital catal\u00e3. O seu design vibrante e art\u00edstico torna-o uma excelente op\u00e7\u00e3o tanto para os amantes da arquitetura como para quem procura uma recorda\u00e7\u00e3o representativa da sua visita a Barcelona.<\/p>\n<p>A Ol\u00e9 Mosaic orgulha-se de oferecer este tipo de recorda\u00e7\u00f5es, plasmando a ess\u00eancia da Sagrada Fam\u00edlia numa pe\u00e7a leve e f\u00e1cil de transportar. Como distribuidores de \u00edmanes por grosso, garantimos produtos de qualidade, ideais para lojas de presentes tur\u00edsticos, assegurando que cada cliente leva uma amostra aut\u00eantica da cultura local. Este \u00edman \u00e9, sem d\u00favida, uma op\u00e7\u00e3o perfeita para recordar a beleza de Barcelona.<\/p>\n","protected":false},"excerpt":{"rendered":"<p>\u00cdman met\u00e1lico de 8 cm que capta a majestosidade da Sagrada Fam\u00edlia de Barcelona. Este atraente \u00edman apresenta um design vibrante em tons azuis, com detalhes em mosaico que representam as impressionantes torres do emblem\u00e1tico templo de Gaud\u00ed. Decorado com a palavra &#8220;Barcelona&#8221; em letras coloridas, esta recorda\u00e7\u00e3o combina o art\u00edstico e o cultural, tornando-se uma lembran\u00e7a ideal da cidade condal. Perfeito para qualquer amante da arquitetura.<\/p>\n","protected":false},"featured_media":8164,"template":"","meta":{"_acf_changed":false},"product_brand":[],"product_cat":[699],"product_tag":[],"class_list":{"0":"post-32422","1":"product","2":"type-product","3":"status-publish","4":"has-post-thumbnail","6":"product_cat-imanes","7":"pa_ciudad-barcelona","8":"pa_motivo-sagrada-familia","9":"pa_pais-espana","11":"first","12":"instock","13":"shipping-taxable","14":"product-type-simple"},"acf":[],"_links":{"self":[{"href":"https:\/\/olemosaic.com\/pt-pt\/wp-json\/wp\/v2\/product\/32422","targetHints":{"allow":["GET"]}}],"collection":[{"href":"https:\/\/olemosaic.com\/pt-pt\/wp-json\/wp\/v2\/product"}],"about":[{"href":"https:\/\/olemosaic.com\/pt-pt\/wp-json\/wp\/v2\/types\/product"}],"wp:featuredmedia":[{"embeddable":true,"href":"https:\/\/olemosaic.com\/pt-pt\/wp-json\/wp\/v2\/media\/8164"}],"wp:attachment":[{"href":"https:\/\/olemosaic.com\/pt-pt\/wp-json\/wp\/v2\/media?parent=32422"}],"wp:term":[{"taxonomy":"product_brand","embeddable":true,"href":"https:\/\/olemosaic.com\/pt-pt\/wp-json\/wp\/v2\/product_brand?post=32422"},{"taxonomy":"product_cat","embeddable":true,"href":"https:\/\/olemosaic.com\/pt-pt\/wp-json\/wp\/v2\/product_cat?post=32422"},{"taxonomy":"product_tag","embeddable":true,"href":"https:\/\/olemosaic.com\/pt-pt\/wp-json\/wp\/v2\/product_tag?post=32422"}],"curies":[{"name":"wp","href":"https:\/\/api.w.org\/{rel}","templated":true}]}}