{"id":32421,"date":"2025-02-20T23:32:29","date_gmt":"2025-02-20T22:32:29","guid":{"rendered":"http:\/\/olemosaic.com\/producto\/iman-de-metal-sagrada-familia-barcelona-8-cm-13\/"},"modified":"2025-07-25T19:31:38","modified_gmt":"2025-07-25T17:31:38","slug":"iman-de-metal-sagrada-familia-barcelona-8-cm-13-pt-pt","status":"publish","type":"product","link":"https:\/\/olemosaic.com\/pt-pt\/produto\/iman-de-metal-sagrada-familia-barcelona-8-cm-13-pt-pt\/","title":{"rendered":"\u00cdman de metal. Sagrada Fam\u00edlia. Pin\u00e1culos. Barcelona. 8 cm."},"content":{"rendered":"<p>Este \u00edman met\u00e1lico de 8 cm \u00e9 uma representa\u00e7\u00e3o vibrante da emblem\u00e1tica Sagrada Fam\u00edlia de Barcelona, um s\u00edmbolo ic\u00f3nico da arquitetura modernista catal\u00e3 desenhado por Antoni Gaud\u00ed. Com um design em mosaico excecional, esta recorda\u00e7\u00e3o capta a ess\u00eancia desta majestosa bas\u00edlica, apresentando uma explos\u00e3o de cores que d\u00e1 vida \u00e0s suas caracter\u00edsticas torres e aos intrincados detalhes arquitet\u00f3nicos que a tornam \u00fanica. A ilustra\u00e7\u00e3o destaca a estrutura da Sagrada Fam\u00edlia, com as suas torres distintivas que parecem tocar o c\u00e9u, rodeadas por uma textura vibrante que evoca a arte do mosaico, t\u00e3o representativa da obra de Gaud\u00ed.<\/p>\n<p>A palavra &#8220;Barcelona&#8221; \u00e9 exibida num lettering colorido na parte superior, proporcionando um toque chamativo que complementa a imagem da bas\u00edlica. Este \u00edman n\u00e3o funciona apenas como uma pe\u00e7a decorativa pr\u00e1tica para o seu frigor\u00edfico, mas tamb\u00e9m atua como um lembrete visual da sua experi\u00eancia na Cidade Condal. Perfeito para turistas que procuram uma recorda\u00e7\u00e3o aut\u00eantica e cultural, este \u00edman torna-se um tesouro que capta a magia de Barcelona.<\/p>\n<p>Na Ol\u00e9 Mosaic, somos especialistas na distribui\u00e7\u00e3o de recorda\u00e7\u00f5es por grosso, oferecendo cole\u00e7\u00f5es que celebram a rica heran\u00e7a cultural de Espanha. Este \u00edman da Sagrada Fam\u00edlia \u00e9 uma excelente op\u00e7\u00e3o para lojas de presentes tur\u00edsticos que procuram produtos \u00fanicos e representativos. Como refer\u00eancia de recorda\u00e7\u00f5es de Barcelona, garante a liga\u00e7\u00e3o aut\u00eantica do visitante com esta cidade fascinante.<\/p>\n","protected":false},"excerpt":{"rendered":"<p>\u00cdman met\u00e1lico de 8 cm inspirado na emblem\u00e1tica Sagrada Fam\u00edlia de Barcelona. Este atraente \u00edman apresenta um design vibrante em mosaico, com uma explos\u00e3o de cores que captam a ess\u00eancia do ic\u00f3nico monumento. A ilustra\u00e7\u00e3o destaca as caracter\u00edsticas torres e detalhes arquitet\u00f3nicos da Sagrada Fam\u00edlia, juntamente com a palavra &#8220;Barcelona&#8221; num lettering colorido, tornando-o uma recorda\u00e7\u00e3o perfeita para recordar a sua visita \u00e0 cidade.<\/p>\n","protected":false},"featured_media":11374,"template":"","meta":{"_acf_changed":false},"product_brand":[],"product_cat":[699],"product_tag":[],"class_list":{"0":"post-32421","1":"product","2":"type-product","3":"status-publish","4":"has-post-thumbnail","6":"product_cat-imanes","7":"pa_ciudad-barcelona","8":"pa_motivo-sagrada-familia","9":"pa_pais-espana","11":"first","12":"instock","13":"shipping-taxable","14":"product-type-simple"},"acf":[],"_links":{"self":[{"href":"https:\/\/olemosaic.com\/pt-pt\/wp-json\/wp\/v2\/product\/32421","targetHints":{"allow":["GET"]}}],"collection":[{"href":"https:\/\/olemosaic.com\/pt-pt\/wp-json\/wp\/v2\/product"}],"about":[{"href":"https:\/\/olemosaic.com\/pt-pt\/wp-json\/wp\/v2\/types\/product"}],"wp:featuredmedia":[{"embeddable":true,"href":"https:\/\/olemosaic.com\/pt-pt\/wp-json\/wp\/v2\/media\/11374"}],"wp:attachment":[{"href":"https:\/\/olemosaic.com\/pt-pt\/wp-json\/wp\/v2\/media?parent=32421"}],"wp:term":[{"taxonomy":"product_brand","embeddable":true,"href":"https:\/\/olemosaic.com\/pt-pt\/wp-json\/wp\/v2\/product_brand?post=32421"},{"taxonomy":"product_cat","embeddable":true,"href":"https:\/\/olemosaic.com\/pt-pt\/wp-json\/wp\/v2\/product_cat?post=32421"},{"taxonomy":"product_tag","embeddable":true,"href":"https:\/\/olemosaic.com\/pt-pt\/wp-json\/wp\/v2\/product_tag?post=32421"}],"curies":[{"name":"wp","href":"https:\/\/api.w.org\/{rel}","templated":true}]}}