{"id":32409,"date":"2025-02-20T22:32:29","date_gmt":"2025-02-20T22:32:29","guid":{"rendered":"http:\/\/olemosaic.com\/producto\/iman-de-metal-gato-tenerife-negro-8-cm\/"},"modified":"2025-07-25T20:38:31","modified_gmt":"2025-07-25T18:38:31","slug":"iman-de-metal-gato-tenerife-preto-8-cm","status":"publish","type":"product","link":"https:\/\/olemosaic.com\/pt-pt\/produto\/iman-de-metal-gato-tenerife-preto-8-cm\/","title":{"rendered":"\u00cdman de metal. Gato. Tenerife. Preto. 8 cm."},"content":{"rendered":"<p>Este \u00edman met\u00e1lico de 8 cm \u00e9 uma representa\u00e7\u00e3o vibrante de um gato, inspirado na rica cultura de Tenerife, um destino tur\u00edstico famoso pela sua diversidade e beleza. Com um design de mosaico que exibe uma mistura de tonalidades alegres como o azul, verde, vermelho e amarelo, este \u00edman n\u00e3o \u00e9 apenas um acess\u00f3rio decorativo; \u00e9 uma pe\u00e7a de arte que captura a ess\u00eancia das tradi\u00e7\u00f5es can\u00e1rias. A figura do gato destaca-se sobre um fundo preto, real\u00e7ando ainda mais o seu design colorido, enquanto a palavra &#8220;TENERIFE&#8221; se apresenta num estilo atraente que adiciona um toque distintivo a este souvenir.<\/p>\n<p>Este \u00edman reflete a heran\u00e7a art\u00edstica de Tenerife, onde os mosaicos s\u00e3o um s\u00edmbolo de identidade e express\u00e3o local. A habilidade artesanal por tr\u00e1s da sua cria\u00e7\u00e3o torna-o uma recorda\u00e7\u00e3o aut\u00eantica e significativa que evoca o calor e a autenticidade da ilha. Al\u00e9m disso, este produto \u00e9 ideal para turistas que procuram souvenirs representativos que transcendam o meramente decorativo e ofere\u00e7am uma liga\u00e7\u00e3o cultural com o seu local de origem. Na Ol\u00e9 Mosaic, como grossistas de recorda\u00e7\u00f5es de Tenerife, garantimos a autenticidade e a qualidade dos nossos souvenirs, tornando este \u00edman de gato uma excelente op\u00e7\u00e3o para lojas de presentes tur\u00edsticos que desejem oferecer produtos \u00fanicos e com significado.<\/p>\n","protected":false},"excerpt":{"rendered":"<p>\u00cdman met\u00e1lico de 8 cm decorado com um design vibrante de um gato inspirado na cultura de Tenerife. Este colorido \u00edman apresenta uma representa\u00e7\u00e3o em mosaico repleta de tonalidades alegres como o azul, o verde, o vermelho e o amarelo, sobre um fundo preto que real\u00e7a a figura do gato. A palavra &#8220;TENERIFE&#8221; est\u00e1 impressa num estilo atraente, adicionando um toque distintivo a esta recorda\u00e7\u00e3o que captura a ess\u00eancia e a arte local.<\/p>\n","protected":false},"featured_media":12827,"template":"","meta":{"_acf_changed":false},"product_brand":[],"product_cat":[699],"product_tag":[516],"class_list":{"0":"post-32409","1":"product","2":"type-product","3":"status-publish","4":"has-post-thumbnail","6":"product_cat-imanes","7":"product_tag-animais","8":"pa_ciudad-tenerife","9":"pa_motivo-gatos","10":"pa_pais-espana","12":"first","13":"instock","14":"shipping-taxable","15":"product-type-simple"},"acf":[],"_links":{"self":[{"href":"https:\/\/olemosaic.com\/pt-pt\/wp-json\/wp\/v2\/product\/32409","targetHints":{"allow":["GET"]}}],"collection":[{"href":"https:\/\/olemosaic.com\/pt-pt\/wp-json\/wp\/v2\/product"}],"about":[{"href":"https:\/\/olemosaic.com\/pt-pt\/wp-json\/wp\/v2\/types\/product"}],"wp:featuredmedia":[{"embeddable":true,"href":"https:\/\/olemosaic.com\/pt-pt\/wp-json\/wp\/v2\/media\/12827"}],"wp:attachment":[{"href":"https:\/\/olemosaic.com\/pt-pt\/wp-json\/wp\/v2\/media?parent=32409"}],"wp:term":[{"taxonomy":"product_brand","embeddable":true,"href":"https:\/\/olemosaic.com\/pt-pt\/wp-json\/wp\/v2\/product_brand?post=32409"},{"taxonomy":"product_cat","embeddable":true,"href":"https:\/\/olemosaic.com\/pt-pt\/wp-json\/wp\/v2\/product_cat?post=32409"},{"taxonomy":"product_tag","embeddable":true,"href":"https:\/\/olemosaic.com\/pt-pt\/wp-json\/wp\/v2\/product_tag?post=32409"}],"curies":[{"name":"wp","href":"https:\/\/api.w.org\/{rel}","templated":true}]}}