{"id":32408,"date":"2025-02-20T22:32:29","date_gmt":"2025-02-20T22:32:29","guid":{"rendered":"http:\/\/olemosaic.com\/producto\/iman-de-metal-salamandra-mallorca-8-cm\/"},"modified":"2025-07-25T19:40:51","modified_gmt":"2025-07-25T17:40:51","slug":"iman-de-metal-salamandra-maiorca-8-cm","status":"publish","type":"product","link":"https:\/\/olemosaic.com\/pt-pt\/produto\/iman-de-metal-salamandra-maiorca-8-cm\/","title":{"rendered":"\u00cdman de metal. Salamandra. Maiorca. 8 cm."},"content":{"rendered":"<p>Este \u00edman met\u00e1lico de 8 cm \u00e9 uma representa\u00e7\u00e3o vibrante da fauna maiorquina, com uma salamandra colorida que captura a ess\u00eancia da natureza da ilha. O design de mosaico que adorna este \u00edman destaca-se pelas suas cores brilhantes, como o verde, o amarelo, o vermelho e o azul, dispostas em formas geom\u00e9tricas que contrastam maravilhosamente sobre um fundo azul claro. A salamandra, s\u00edmbolo da rica biodiversidade de Maiorca, apresenta um acabamento brilhante que confere um toque de alegria e frescura, ideal para quem deseja levar um peda\u00e7o do Mediterr\u00e2neo para casa.<\/p>\n<p>A palavra &#8220;MALLORCA&#8221; est\u00e1 elegantemente impressa na parte superior do \u00edman, refor\u00e7ando a sua identidade e tornando-o uma recorda\u00e7\u00e3o facilmente reconhec\u00edvel da ilha. Este \u00edman n\u00e3o \u00e9 apenas uma excelente pe\u00e7a decorativa, mas tamb\u00e9m um testemunho da cultura maiorquina, que valoriza o seu patrim\u00f3nio natural e a beleza singular da sua fauna.<\/p>\n<p>Na Ol\u00e9 Mosaic, focamo-nos na distribui\u00e7\u00e3o por grosso de souvenirs aut\u00eanticos, e este \u00edman de salamandra torna-se uma op\u00e7\u00e3o irresist\u00edvel para turistas e lojas de presentes que procuram algo verdadeiramente representativo de Maiorca. Adquira este atraente souvenir que celebra a natureza da ilha e oferece aos seus clientes uma recorda\u00e7\u00e3o \u00fanica e culturalmente significativa.<\/p>\n","protected":false},"excerpt":{"rendered":"<p>\u00cdman met\u00e1lico de 8 cm que representa uma salamandra colorida, inspirado na fauna de Maiorca. Este atraente \u00edman apresenta um design de mosaico com cores brilhantes e formas geom\u00e9tricas sobre um fundo azul claro. A salamandra, s\u00edmbolo da riqueza natural da ilha, mostra detalhes em verde, amarelo, vermelho e azul. A palavra &#8220;MALLORCA&#8221; est\u00e1 impressa na parte superior, complementando esta pe\u00e7a decorativa ideal para recordar as suas viagens.<\/p>\n","protected":false},"featured_media":12886,"template":"","meta":{"_acf_changed":false},"product_brand":[],"product_cat":[699],"product_tag":[516],"class_list":{"0":"post-32408","1":"product","2":"type-product","3":"status-publish","4":"has-post-thumbnail","6":"product_cat-imanes","7":"product_tag-animais","8":"pa_ciudad-mallorca","9":"pa_motivo-salamandras","10":"pa_pais-espana","12":"first","13":"instock","14":"shipping-taxable","15":"product-type-simple"},"acf":[],"_links":{"self":[{"href":"https:\/\/olemosaic.com\/pt-pt\/wp-json\/wp\/v2\/product\/32408","targetHints":{"allow":["GET"]}}],"collection":[{"href":"https:\/\/olemosaic.com\/pt-pt\/wp-json\/wp\/v2\/product"}],"about":[{"href":"https:\/\/olemosaic.com\/pt-pt\/wp-json\/wp\/v2\/types\/product"}],"wp:featuredmedia":[{"embeddable":true,"href":"https:\/\/olemosaic.com\/pt-pt\/wp-json\/wp\/v2\/media\/12886"}],"wp:attachment":[{"href":"https:\/\/olemosaic.com\/pt-pt\/wp-json\/wp\/v2\/media?parent=32408"}],"wp:term":[{"taxonomy":"product_brand","embeddable":true,"href":"https:\/\/olemosaic.com\/pt-pt\/wp-json\/wp\/v2\/product_brand?post=32408"},{"taxonomy":"product_cat","embeddable":true,"href":"https:\/\/olemosaic.com\/pt-pt\/wp-json\/wp\/v2\/product_cat?post=32408"},{"taxonomy":"product_tag","embeddable":true,"href":"https:\/\/olemosaic.com\/pt-pt\/wp-json\/wp\/v2\/product_tag?post=32408"}],"curies":[{"name":"wp","href":"https:\/\/api.w.org\/{rel}","templated":true}]}}