{"id":32407,"date":"2025-02-20T22:32:29","date_gmt":"2025-02-20T22:32:29","guid":{"rendered":"http:\/\/olemosaic.com\/producto\/iman-de-metal-salamandra-barcelona-negro-8-cm\/"},"modified":"2025-07-25T23:49:33","modified_gmt":"2025-07-25T21:49:33","slug":"iman-de-metal-salamandra-barcelona-preto-8-cm","status":"publish","type":"product","link":"https:\/\/olemosaic.com\/pt-pt\/produto\/iman-de-metal-salamandra-barcelona-preto-8-cm\/","title":{"rendered":"\u00cdman de metal. Salamandra. Barcelona. Preto. 8 cm."},"content":{"rendered":"<p>Este \u00edman met\u00e1lico de 8 cm \u00e9 uma representa\u00e7\u00e3o vibrante da criatividade barcelonesa, com uma cole\u00e7\u00e3o colorida de salamandras em diversas posturas. O design inspira-se no famoso trencad\u00eds, a t\u00e9cnica de mosaico que caracteriza a obra do c\u00e9lebre arquiteto Antoni Gaud\u00ed, transformando o quotidiano em arte. Com um fundo preto que real\u00e7a as cores vivas das salamandras, este \u00edman \u00e9 uma pe\u00e7a chamativa e moderna, ideal para qualquer superf\u00edcie met\u00e1lica, como o frigor\u00edfico, um painel magn\u00e9tico ou um quadro.<\/p>\n<p>O apelo visual desta recorda\u00e7\u00e3o \u00e9 complementado pela palavra &#8220;Barcelona&#8221; em letras mai\u00fasculas na parte superior, oferecendo uma lembran\u00e7a constante da magia e da diversidade que a cidade oferece. As salamandras, com os seus designs geom\u00e9tricos e cores brilhantes, simbolizam a liga\u00e7\u00e3o de Barcelona com a natureza e a imagina\u00e7\u00e3o, recordando a quem o possui as maravilhas da cultura local.<\/p>\n<p>Na Ol\u00e9 Mosaic, como grossista de souvenirs de alta qualidade, oferecemos este \u00edman de salamandras como uma excelente op\u00e7\u00e3o para lojas de presentes tur\u00edsticos que procuram autenticidade e apelo cultural. Este \u00edman n\u00e3o \u00e9 apenas uma recorda\u00e7\u00e3o, mas uma pe\u00e7a de arte que encapsula a ess\u00eancia de Barcelona e o seu patrim\u00f3nio art\u00edstico, perfeito para que os turistas levem um peda\u00e7o da cidade para casa.<\/p>\n","protected":false},"excerpt":{"rendered":"<p>\u00cdman met\u00e1lico de 8 cm, decorado com uma cole\u00e7\u00e3o vibrante de salamandras de cores brilhantes, que evoca o famoso trencad\u00eds barcelon\u00eas. Este \u00edman, com um fundo preto que real\u00e7a os motivos coloridos, representa salamandras em diversas posturas, com um design din\u00e2mico e moderno. A palavra &#8220;Barcelona&#8221;, em letras mai\u00fasculas na parte superior, completa esta atraente recorda\u00e7\u00e3o, ideal para evocar a ess\u00eancia criativa da cidade.<\/p>\n","protected":false},"featured_media":7802,"template":"","meta":{"_acf_changed":false},"product_brand":[],"product_cat":[699],"product_tag":[516],"class_list":{"0":"post-32407","1":"product","2":"type-product","3":"status-publish","4":"has-post-thumbnail","6":"product_cat-imanes","7":"product_tag-animais","8":"pa_ciudad-barcelona","9":"pa_motivo-salamandras","10":"pa_pais-espana","12":"first","13":"instock","14":"shipping-taxable","15":"product-type-simple"},"acf":[],"_links":{"self":[{"href":"https:\/\/olemosaic.com\/pt-pt\/wp-json\/wp\/v2\/product\/32407","targetHints":{"allow":["GET"]}}],"collection":[{"href":"https:\/\/olemosaic.com\/pt-pt\/wp-json\/wp\/v2\/product"}],"about":[{"href":"https:\/\/olemosaic.com\/pt-pt\/wp-json\/wp\/v2\/types\/product"}],"wp:featuredmedia":[{"embeddable":true,"href":"https:\/\/olemosaic.com\/pt-pt\/wp-json\/wp\/v2\/media\/7802"}],"wp:attachment":[{"href":"https:\/\/olemosaic.com\/pt-pt\/wp-json\/wp\/v2\/media?parent=32407"}],"wp:term":[{"taxonomy":"product_brand","embeddable":true,"href":"https:\/\/olemosaic.com\/pt-pt\/wp-json\/wp\/v2\/product_brand?post=32407"},{"taxonomy":"product_cat","embeddable":true,"href":"https:\/\/olemosaic.com\/pt-pt\/wp-json\/wp\/v2\/product_cat?post=32407"},{"taxonomy":"product_tag","embeddable":true,"href":"https:\/\/olemosaic.com\/pt-pt\/wp-json\/wp\/v2\/product_tag?post=32407"}],"curies":[{"name":"wp","href":"https:\/\/api.w.org\/{rel}","templated":true}]}}