{"id":32405,"date":"2025-02-20T22:32:28","date_gmt":"2025-02-20T22:32:28","guid":{"rendered":"http:\/\/olemosaic.com\/producto\/iman-de-metal-buho-mallorca-8-cm\/"},"modified":"2025-07-25T19:36:46","modified_gmt":"2025-07-25T17:36:46","slug":"iman-de-metal-mocho-maiorca-8-cm","status":"publish","type":"product","link":"https:\/\/olemosaic.com\/pt-pt\/produto\/iman-de-metal-mocho-maiorca-8-cm\/","title":{"rendered":"\u00cdman de metal. Mocho. Maiorca. 8 cm."},"content":{"rendered":"<p>Este \u00edman met\u00e1lico de 8 cm \u00e9 uma pe\u00e7a vibrante e colorida que representa um mocho, inspirado na arte do mosaico t\u00edpica de Maiorca. O seu design cativante combina tons de amarelo, azul, vermelho e verde, evocando a rica paleta de cores do folclore maiorquino. O \u00edman destaca-se n\u00e3o s\u00f3 pelo seu apelo visual, mas tamb\u00e9m pelo seu simbolismo: o mocho \u00e9 uma ave associada \u00e0 sabedoria e \u00e0 intui\u00e7\u00e3o, elementos muito valorizados na cultura local.<\/p>\n<p>A palavra &#8220;MALLORCA&#8221; est\u00e1 impressa na parte superior do \u00edman, oferecendo um toque distintivo que o torna uma recorda\u00e7\u00e3o ideal para quem deseja levar um peda\u00e7o desta bela ilha espanhola. Este souvenir \u00e9 perfeito para decorar frigor\u00edficos, quadros ou qualquer superf\u00edcie met\u00e1lica, adicionando um toque de cor e autenticidade aos espa\u00e7os.<\/p>\n<p>Na Ol\u00e9 Mosaic, especializamo-nos na distribui\u00e7\u00e3o de souvenirs por grosso, o que nos permite oferecer este tipo de \u00edman entre os nossos produtos representativos de Maiorca e de outras regi\u00f5es espanholas. Este \u00edman de mocho \u00e9 uma excelente op\u00e7\u00e3o para lojas de presentes tur\u00edsticos que procuram souvenirs aut\u00eanticos e visualmente impactantes, refor\u00e7ando a liga\u00e7\u00e3o cultural e emocional com a ilha. Com o seu design detalhado e o seu significado, este \u00edman torna-se uma recorda\u00e7\u00e3o perfeita que captura a ess\u00eancia de Maiorca.<\/p>\n","protected":false},"excerpt":{"rendered":"<p>\u00cdman met\u00e1lico de 8 cm com um design vibrante de mocho, inspirado na arte do mosaico t\u00edpica de Maiorca. Este atraente souvenir destaca-se pelas suas cores vivas e chamativas, que incluem tons de amarelo, azul, vermelho e verde, representando as caracter\u00edsticas do folclore local. A palavra &#8220;MALLORCA&#8221; est\u00e1 impressa na parte superior, adicionando um toque distintivo e uma recorda\u00e7\u00e3o ideal para decorar qualquer espa\u00e7o.<\/p>\n","protected":false},"featured_media":11440,"template":"","meta":{"_acf_changed":false},"product_brand":[],"product_cat":[699],"product_tag":[516],"class_list":{"0":"post-32405","1":"product","2":"type-product","3":"status-publish","4":"has-post-thumbnail","6":"product_cat-imanes","7":"product_tag-animais","8":"pa_ciudad-mallorca","9":"pa_motivo-corujas","10":"pa_pais-espana","12":"first","13":"instock","14":"shipping-taxable","15":"product-type-simple"},"acf":[],"_links":{"self":[{"href":"https:\/\/olemosaic.com\/pt-pt\/wp-json\/wp\/v2\/product\/32405","targetHints":{"allow":["GET"]}}],"collection":[{"href":"https:\/\/olemosaic.com\/pt-pt\/wp-json\/wp\/v2\/product"}],"about":[{"href":"https:\/\/olemosaic.com\/pt-pt\/wp-json\/wp\/v2\/types\/product"}],"wp:featuredmedia":[{"embeddable":true,"href":"https:\/\/olemosaic.com\/pt-pt\/wp-json\/wp\/v2\/media\/11440"}],"wp:attachment":[{"href":"https:\/\/olemosaic.com\/pt-pt\/wp-json\/wp\/v2\/media?parent=32405"}],"wp:term":[{"taxonomy":"product_brand","embeddable":true,"href":"https:\/\/olemosaic.com\/pt-pt\/wp-json\/wp\/v2\/product_brand?post=32405"},{"taxonomy":"product_cat","embeddable":true,"href":"https:\/\/olemosaic.com\/pt-pt\/wp-json\/wp\/v2\/product_cat?post=32405"},{"taxonomy":"product_tag","embeddable":true,"href":"https:\/\/olemosaic.com\/pt-pt\/wp-json\/wp\/v2\/product_tag?post=32405"}],"curies":[{"name":"wp","href":"https:\/\/api.w.org\/{rel}","templated":true}]}}