{"id":32394,"date":"2025-02-20T22:32:28","date_gmt":"2025-02-20T22:32:28","guid":{"rendered":"http:\/\/olemosaic.com\/producto\/iman-de-metal-bailaora-valencia-8-cm\/"},"modified":"2025-07-25T18:49:43","modified_gmt":"2025-07-25T16:49:43","slug":"iman-de-metal-bailarina-flamenco-valencia-8-cm","status":"publish","type":"product","link":"https:\/\/olemosaic.com\/pt-pt\/produto\/iman-de-metal-bailarina-flamenco-valencia-8-cm\/","title":{"rendered":"\u00cdman de metal. Bailarina de Flamenco. Val\u00eancia. 8 cm."},"content":{"rendered":"<p>Este \u00edman met\u00e1lico de 8 cm \u00e9 uma pe\u00e7a vibrante que capta a ess\u00eancia da cultura valenciana com um design art\u00edstico e colorido. Representa uma elegante bailarina de flamenco, adornada com um mosaico que evoca a rica tradi\u00e7\u00e3o art\u00edstica da regi\u00e3o. A figura da bailarina, vestida com um elaborado traje de flamenco, destaca-se em tons brilhantes de vermelho, verde e amarelo, sobre um fundo azul que real\u00e7a a intensidade do seu traje, criando um apelo visual que n\u00e3o passar\u00e1 despercebido.<\/p>\n<p>O uso de pormenores em mosaico n\u00e3o s\u00f3 presta homenagem \u00e0 famosa cer\u00e2mica valenciana, como transforma o \u00edman numa recorda\u00e7\u00e3o aut\u00eantica e significativa para os turistas. Cada pe\u00e7a reflete a vibrante cultura da comunidade, celebrando a alegria e a paix\u00e3o que caracterizam tanto o flamenco como as festas valencianas. Este \u00edman \u00e9 uma excelente forma de levar um peda\u00e7o de Val\u00eancia para casa, uma lembran\u00e7a ideal para quem procura algo mais do que uma simples recorda\u00e7\u00e3o.<\/p>\n<p>Na Ol\u00e9 Mosaic, dedicamo-nos \u00e0 distribui\u00e7\u00e3o de lembran\u00e7as por grosso, assegurando a qualidade e autenticidade de cada produto. Este \u00edman de bailarina \u00e9 perfeito para lojas de presentes tur\u00edsticos que desejem oferecer aos seus clientes uma representa\u00e7\u00e3o colorida e culturalmente significativa de Val\u00eancia, destacando-se na nossa gama de recorda\u00e7\u00f5es.<\/p>\n","protected":false},"excerpt":{"rendered":"<p>\u00cdman de metal de 8 cm que representa uma bailarina, com um design vibrante inspirado na cultura valenciana. Este \u00edman destaca-se pelo seu mosaico colorido, que evoca a tradi\u00e7\u00e3o art\u00edstica da regi\u00e3o. A figura da bailarina, vestida com um elaborado traje de flamenco, ergue-se sobre um fundo azul que real\u00e7a os tons vivos de vermelho, verde e amarelo da sua vestimenta. Um toque cultural perfeito para qualquer cole\u00e7\u00e3o.<\/p>\n","protected":false},"featured_media":10028,"template":"","meta":{"_acf_changed":false},"product_brand":[],"product_cat":[699],"product_tag":[],"class_list":{"0":"post-32394","1":"product","2":"type-product","3":"status-publish","4":"has-post-thumbnail","6":"product_cat-imanes","7":"pa_ciudad-valencia","8":"pa_motivo-dancarinos","9":"pa_pais-espana","11":"first","12":"instock","13":"shipping-taxable","14":"product-type-simple"},"acf":[],"_links":{"self":[{"href":"https:\/\/olemosaic.com\/pt-pt\/wp-json\/wp\/v2\/product\/32394","targetHints":{"allow":["GET"]}}],"collection":[{"href":"https:\/\/olemosaic.com\/pt-pt\/wp-json\/wp\/v2\/product"}],"about":[{"href":"https:\/\/olemosaic.com\/pt-pt\/wp-json\/wp\/v2\/types\/product"}],"wp:featuredmedia":[{"embeddable":true,"href":"https:\/\/olemosaic.com\/pt-pt\/wp-json\/wp\/v2\/media\/10028"}],"wp:attachment":[{"href":"https:\/\/olemosaic.com\/pt-pt\/wp-json\/wp\/v2\/media?parent=32394"}],"wp:term":[{"taxonomy":"product_brand","embeddable":true,"href":"https:\/\/olemosaic.com\/pt-pt\/wp-json\/wp\/v2\/product_brand?post=32394"},{"taxonomy":"product_cat","embeddable":true,"href":"https:\/\/olemosaic.com\/pt-pt\/wp-json\/wp\/v2\/product_cat?post=32394"},{"taxonomy":"product_tag","embeddable":true,"href":"https:\/\/olemosaic.com\/pt-pt\/wp-json\/wp\/v2\/product_tag?post=32394"}],"curies":[{"name":"wp","href":"https:\/\/api.w.org\/{rel}","templated":true}]}}