{"id":32393,"date":"2025-02-20T23:32:28","date_gmt":"2025-02-20T22:32:28","guid":{"rendered":"http:\/\/olemosaic.com\/producto\/iman-de-metal-buho-barcelona-plata-8-cm-2\/"},"modified":"2025-07-25T18:49:41","modified_gmt":"2025-07-25T16:49:41","slug":"iman-de-metal-coruja-barcelona-prata-8-cm-2","status":"publish","type":"product","link":"https:\/\/olemosaic.com\/pt-pt\/produto\/iman-de-metal-coruja-barcelona-prata-8-cm-2\/","title":{"rendered":"\u00cdman de metal. Coruja. Mosaico. Barcelona. Prata. 8 cm."},"content":{"rendered":"<p>Este \u00edman met\u00e1lico de 8 cm \u00e9 uma pe\u00e7a vibrante que capta a ess\u00eancia de Barcelona atrav\u00e9s do emblem\u00e1tico design de uma coruja decorada ao estilo mosaico. Inspirado na arquitetura modernista da cidade, o \u00edman apresenta uma paleta de cores vivas, con tons vermelhos, amarelos, verdes e azuis que se entrela\u00e7am em formas geom\u00e9tricas, criando uma representa\u00e7\u00e3o fascinante e cativante desta majestosa ave noturna. O acabamento brilhante acrescenta um toque de sofistica\u00e7\u00e3o e real\u00e7a os pormenores art\u00edsticos, tornando-o uma excelente recorda\u00e7\u00e3o que reflete a criatividade e a arte catal\u00e3.<\/p>\n<p>Na parte superior do \u00edman, a palavra &#8220;Barcelona&#8221; refor\u00e7a o orgulho pela cidade e a sua rica heran\u00e7a cultural. Este \u00edman n\u00e3o \u00e9 apenas uma simples decora\u00e7\u00e3o, mas um s\u00edmbolo aut\u00eantico do esp\u00edrito barcelon\u00eas, uma recorda\u00e7\u00e3o perfeita para quem deseja levar um peda\u00e7o da vibrante cultura da cidade.<\/p>\n<p>Na Ol\u00e9 Mosaic, dedicamo-nos \u00e0 distribui\u00e7\u00e3o de lembran\u00e7as de qualidade por grosso, e este \u00edman de coruja \u00e9 uma excelente adi\u00e7\u00e3o para qualquer loja de presentes tur\u00edsticos. \u00c9 uma forma ideal de ligar os visitantes \u00e0 fascinante hist\u00f3ria e \u00e0 arte de Barcelona, o que o torna uma op\u00e7\u00e3o popular entre os turistas que procuram recorda\u00e7\u00f5es emblem\u00e1ticas e aut\u00eanticas. Como grossistas de \u00edmanes, garantimos produtos que celebram a riqueza cultural de Espanha, perfeitos para quem deseja recordar a sua experi\u00eancia nesta magn\u00edfica cidade.<\/p>\n","protected":false},"excerpt":{"rendered":"<p>\u00cdman met\u00e1lico de 8 cm, com um design colorido de coruja ao estilo mosaico, inspirado na arquitetura modernista de Barcelona. Este \u00edman destaca-se pelas suas cores vivas e formas geom\u00e9tricas, elaborados com um acabamento brilhante que real\u00e7a a arte e a cultura catal\u00e3. Na parte superior, a palavra &#8220;Barcelona&#8221; complementa o design, tornando esta recorda\u00e7\u00e3o numa lembran\u00e7a atrativa da cidade.<\/p>\n","protected":false},"featured_media":11442,"template":"","meta":{"_acf_changed":false},"product_brand":[],"product_cat":[699],"product_tag":[516],"class_list":{"0":"post-32393","1":"product","2":"type-product","3":"status-publish","4":"has-post-thumbnail","6":"product_cat-imanes","7":"product_tag-animais","8":"pa_ciudad-barcelona","9":"pa_motivo-corujas","10":"pa_pais-espana","12":"first","13":"instock","14":"shipping-taxable","15":"product-type-simple"},"acf":[],"_links":{"self":[{"href":"https:\/\/olemosaic.com\/pt-pt\/wp-json\/wp\/v2\/product\/32393","targetHints":{"allow":["GET"]}}],"collection":[{"href":"https:\/\/olemosaic.com\/pt-pt\/wp-json\/wp\/v2\/product"}],"about":[{"href":"https:\/\/olemosaic.com\/pt-pt\/wp-json\/wp\/v2\/types\/product"}],"wp:featuredmedia":[{"embeddable":true,"href":"https:\/\/olemosaic.com\/pt-pt\/wp-json\/wp\/v2\/media\/11442"}],"wp:attachment":[{"href":"https:\/\/olemosaic.com\/pt-pt\/wp-json\/wp\/v2\/media?parent=32393"}],"wp:term":[{"taxonomy":"product_brand","embeddable":true,"href":"https:\/\/olemosaic.com\/pt-pt\/wp-json\/wp\/v2\/product_brand?post=32393"},{"taxonomy":"product_cat","embeddable":true,"href":"https:\/\/olemosaic.com\/pt-pt\/wp-json\/wp\/v2\/product_cat?post=32393"},{"taxonomy":"product_tag","embeddable":true,"href":"https:\/\/olemosaic.com\/pt-pt\/wp-json\/wp\/v2\/product_tag?post=32393"}],"curies":[{"name":"wp","href":"https:\/\/api.w.org\/{rel}","templated":true}]}}