{"id":32392,"date":"2025-02-20T22:32:28","date_gmt":"2025-02-20T22:32:28","guid":{"rendered":"http:\/\/olemosaic.com\/producto\/iman-de-metal-buho-barcelona-8-cm\/"},"modified":"2025-07-25T19:47:38","modified_gmt":"2025-07-25T17:47:38","slug":"iman-de-metal-coruja-barcelona-8-cm","status":"publish","type":"product","link":"https:\/\/olemosaic.com\/pt-pt\/produto\/iman-de-metal-coruja-barcelona-8-cm\/","title":{"rendered":"\u00cdman de metal. Coruja. Barcelona. 8 cm."},"content":{"rendered":"<p>Este \u00edman met\u00e1lico de 8 cm \u00e9 uma pe\u00e7a encantadora que capta a ess\u00eancia vibrante de Barcelona gra\u00e7as ao seu design chamativo de duas corujas. Representadas com um estilo de mosaico, presta homenagem \u00e0 rica cultura art\u00edstica da cidade. Com um acabamento brilhante, este \u00edman destaca-se pelas suas cores intensas, que v\u00e3o do azul e verde ao vermelho e amarelo, evocando a diversidade e o calor da arquitetura modernista barcelonesa. A representa\u00e7\u00e3o das corujas, aves que simbolizam a sabedoria, revela-se cativante e ergue-se sobre um fundo inspirado na t\u00e9cnica do mosaico, t\u00e3o t\u00edpica de obras arquitet\u00f3nicas como o Parque G\u00fcell, desenhado pelo famoso Antoni Gaud\u00ed.<\/p>\n<p>O texto &#8220;Barcelona&#8221;, impresso na parte superior do \u00edman, acrescenta um toque distintivo que o torna uma recorda\u00e7\u00e3o memor\u00e1vel da cidade. Esta lembran\u00e7a \u00e9 ideal para os turistas que procuram uma aproxima\u00e7\u00e3o aut\u00eantica \u00e0 cultura catal\u00e3, pelo que este \u00edman \u00e9 um presente perfeito ou um detalhe pessoal que capta os momentos vividos nesta emblem\u00e1tica cidade. Na Ol\u00e9 Mosaic, como grossistas de lembran\u00e7as de Barcelona, oferecemos produtos que refletem a autenticidade e a tradi\u00e7\u00e3o, garantindo qualidade em cada pe\u00e7a. Este \u00edman de corujas \u00e9 uma excelente op\u00e7\u00e3o para lojas de presentes tur\u00edsticos que desejem oferecer artigos atrativos e culturalmente relevantes.<\/p>\n","protected":false},"excerpt":{"rendered":"<p>\u00cdman met\u00e1lico de 8 cm com um design atrativo de duas corujas sobre um fundo colorido, inspirado no estilo mosaico de Barcelona. Com um acabamento brilhante, este \u00edman destaca-se pelas suas cores vibrantes e pela sua t\u00e9cnica art\u00edstica, que evoca a riqueza da cultura catal\u00e3. A palavra &#8220;Barcelona&#8221; \u00e9 impressa na parte superior, acrescentando um toque distintivo e atrativo a esta recorda\u00e7\u00e3o ideal para os amantes da cidade.<\/p>\n","protected":false},"featured_media":11321,"template":"","meta":{"_acf_changed":false},"product_brand":[],"product_cat":[699],"product_tag":[516],"class_list":{"0":"post-32392","1":"product","2":"type-product","3":"status-publish","4":"has-post-thumbnail","6":"product_cat-imanes","7":"product_tag-animais","8":"pa_ciudad-barcelona","9":"pa_motivo-corujas","10":"pa_pais-espana","12":"first","13":"instock","14":"shipping-taxable","15":"product-type-simple"},"acf":[],"_links":{"self":[{"href":"https:\/\/olemosaic.com\/pt-pt\/wp-json\/wp\/v2\/product\/32392","targetHints":{"allow":["GET"]}}],"collection":[{"href":"https:\/\/olemosaic.com\/pt-pt\/wp-json\/wp\/v2\/product"}],"about":[{"href":"https:\/\/olemosaic.com\/pt-pt\/wp-json\/wp\/v2\/types\/product"}],"wp:featuredmedia":[{"embeddable":true,"href":"https:\/\/olemosaic.com\/pt-pt\/wp-json\/wp\/v2\/media\/11321"}],"wp:attachment":[{"href":"https:\/\/olemosaic.com\/pt-pt\/wp-json\/wp\/v2\/media?parent=32392"}],"wp:term":[{"taxonomy":"product_brand","embeddable":true,"href":"https:\/\/olemosaic.com\/pt-pt\/wp-json\/wp\/v2\/product_brand?post=32392"},{"taxonomy":"product_cat","embeddable":true,"href":"https:\/\/olemosaic.com\/pt-pt\/wp-json\/wp\/v2\/product_cat?post=32392"},{"taxonomy":"product_tag","embeddable":true,"href":"https:\/\/olemosaic.com\/pt-pt\/wp-json\/wp\/v2\/product_tag?post=32392"}],"curies":[{"name":"wp","href":"https:\/\/api.w.org\/{rel}","templated":true}]}}