{"id":32391,"date":"2025-02-20T22:32:28","date_gmt":"2025-02-20T22:32:28","guid":{"rendered":"http:\/\/olemosaic.com\/producto\/iman-de-metal-caballito-de-mar-mallorca-azul-8-cm\/"},"modified":"2025-07-25T18:43:30","modified_gmt":"2025-07-25T16:43:30","slug":"iman-de-metal-cavalo-marinho-maiorca-azul-8-cm","status":"publish","type":"product","link":"https:\/\/olemosaic.com\/pt-pt\/produto\/iman-de-metal-cavalo-marinho-maiorca-azul-8-cm\/","title":{"rendered":"\u00cdman de metal. Cavalo-marinho. Maiorca. Azul. 8 cm."},"content":{"rendered":"<p>Este \u00edman met\u00e1lico de 8 cm \u00e9 uma bela representa\u00e7\u00e3o da vida marinha de Maiorca, com um design vibrante de cavalos-marinhos que encarna a ess\u00eancia do Mediterr\u00e2neo. Com um acabamento cativante em tons azuis e multicoloridos, o \u00edman mostra uma animada cena submarina, decorada com elementos que evocam a rica tradi\u00e7\u00e3o artesanal da ilha, incluindo pormenores de cer\u00e2mica e motivos de mosaico que refletem a heran\u00e7a cultural maiorquina. O fundo azul profundo simboliza as \u00e1guas cristalinas do Mediterr\u00e2neo, enquanto os cavalos-marinhos, em tonalidades vermelhas, verdes e amarelas, acrescentam alegria e frescura, captando a aten\u00e7\u00e3o de quem o observa.<\/p>\n<p>Mais do que um simples acess\u00f3rio decorativo, este \u00edman \u00e9 uma recorda\u00e7\u00e3o aut\u00eantica e representativa das maravilhas naturais e da biodiversidade do ambiente marinho maiorquino. Perfeito para turistas que procuram lembran\u00e7as \u00fanicas de Maiorca, o \u00edman \u00e9 o complemento ideal para decorar qualquer superf\u00edcie met\u00e1lica em casa, recordando as belas experi\u00eancias vividas na ilha. Na Ol\u00e9 Mosaic, distribu\u00edmos lembran\u00e7as de alta qualidade e este \u00edman de cavalos-marinhos \u00e9 uma excelente op\u00e7\u00e3o para lojas de presentes tur\u00edsticos que procuram oferecer produtos que celebrem a cultura e a arte locais. Adicione um toque do belo Mediterr\u00e2neo \u00e0 sua cole\u00e7\u00e3o de recorda\u00e7\u00f5es!<\/p>\n","protected":false},"excerpt":{"rendered":"<p>\u00cdman de metal de 8 cm com um design vibrante de cavalos-marinhos, inspirado na beleza marinha de Maiorca. Este \u00edman colorido apresenta um acabamento em tons azuis e multicoloridos, representando uma cena submarina cheia de vida, com elementos de cer\u00e2mica e motivos de mosaico que refletem a rica tradi\u00e7\u00e3o art\u00edstica da ilha. Ideal para adicionar um toque mediterr\u00e2nico a qualquer superf\u00edcie met\u00e1lica.<\/p>\n","protected":false},"featured_media":11455,"template":"","meta":{"_acf_changed":false},"product_brand":[],"product_cat":[699],"product_tag":[516],"class_list":{"0":"post-32391","1":"product","2":"type-product","3":"status-publish","4":"has-post-thumbnail","6":"product_cat-imanes","7":"product_tag-animais","8":"pa_ciudad-mallorca","9":"pa_motivo-cavalos-marinhos","10":"pa_pais-espana","12":"first","13":"instock","14":"shipping-taxable","15":"product-type-simple"},"acf":[],"_links":{"self":[{"href":"https:\/\/olemosaic.com\/pt-pt\/wp-json\/wp\/v2\/product\/32391","targetHints":{"allow":["GET"]}}],"collection":[{"href":"https:\/\/olemosaic.com\/pt-pt\/wp-json\/wp\/v2\/product"}],"about":[{"href":"https:\/\/olemosaic.com\/pt-pt\/wp-json\/wp\/v2\/types\/product"}],"wp:featuredmedia":[{"embeddable":true,"href":"https:\/\/olemosaic.com\/pt-pt\/wp-json\/wp\/v2\/media\/11455"}],"wp:attachment":[{"href":"https:\/\/olemosaic.com\/pt-pt\/wp-json\/wp\/v2\/media?parent=32391"}],"wp:term":[{"taxonomy":"product_brand","embeddable":true,"href":"https:\/\/olemosaic.com\/pt-pt\/wp-json\/wp\/v2\/product_brand?post=32391"},{"taxonomy":"product_cat","embeddable":true,"href":"https:\/\/olemosaic.com\/pt-pt\/wp-json\/wp\/v2\/product_cat?post=32391"},{"taxonomy":"product_tag","embeddable":true,"href":"https:\/\/olemosaic.com\/pt-pt\/wp-json\/wp\/v2\/product_tag?post=32391"}],"curies":[{"name":"wp","href":"https:\/\/api.w.org\/{rel}","templated":true}]}}