{"id":32390,"date":"2025-02-20T23:32:27","date_gmt":"2025-02-20T22:32:27","guid":{"rendered":"http:\/\/olemosaic.com\/producto\/iman-de-metal-sagrada-familia-barcelona-8-cm-12\/"},"modified":"2025-07-25T19:27:26","modified_gmt":"2025-07-25T17:27:26","slug":"iman-de-metal-sagrada-familia-barcelona-8-cm-12-pt-pt","status":"publish","type":"product","link":"https:\/\/olemosaic.com\/pt-pt\/produto\/iman-de-metal-sagrada-familia-barcelona-8-cm-12-pt-pt\/","title":{"rendered":"\u00cdman de metal. Sagrada Fam\u00edlia. Edif\u00edcio Gaud\u00ed. Barcelona. 8 cm."},"content":{"rendered":"<p>Este \u00edman met\u00e1lico de 8 cm \u00e9 uma bela representa\u00e7\u00e3o da ic\u00f3nica Sagrada Fam\u00edlia, um dos monumentos mais emblem\u00e1ticos de Barcelona. O seu design vibrante, adornado com um mosaico de cores brilhantes, capta a ess\u00eancia arquitet\u00f3nica desta obra-prima de Antoni Gaud\u00ed. Na parte superior, a frase &#8220;I \u2665 Barcelona&#8221; destaca-se num tom vermelho chamativo, acrescentando um toque de calor e atratividade ao design. A Sagrada Fam\u00edlia, com as suas torres imponentes e pormenores magn\u00edficos, ergue-se imponente no fundo, convidando os amantes da arte e da arquitetura a mergulharem no seu esplendor.<\/p>\n<p>Este \u00edman n\u00e3o \u00e9 apenas um acess\u00f3rio pr\u00e1tico para decorar o seu frigor\u00edfico ou qualquer superf\u00edcie met\u00e1lica, mas \u00e9 tamb\u00e9m uma aut\u00eantica recorda\u00e7\u00e3o de Barcelona, que recorda a quem o v\u00ea a magia da cidade condal. Como pe\u00e7a representativa, simboliza a rica heran\u00e7a cultural de Barcelona e o g\u00e9nio de Gaud\u00ed, um atrativo indiscut\u00edvel para os turistas que procuram levar um peda\u00e7o da cidade. Na Ol\u00e9 Mosaic, oferecemos este \u00edman como parte da nossa variada cole\u00e7\u00e3o de lembran\u00e7as, garantindo autenticidade e qualidade. \u00c9 uma excelente op\u00e7\u00e3o para lojas de presentes tur\u00edsticos que desejem oferecer aos seus clientes recorda\u00e7\u00f5es \u00fanicas e cheias de significado da sua visita a Barcelona.<\/p>\n","protected":false},"excerpt":{"rendered":"<p>\u00cdman de metal de 8 cm com uma representa\u00e7\u00e3o colorida da Sagrada Fam\u00edlia, um monumento emblem\u00e1tico de Barcelona. O design, com as suas cores vivas e formas de mosaico, capta a ess\u00eancia arquitet\u00f3nica da obra-prima de Gaud\u00ed. Com a frase &#8220;I \u2665 Barcelona&#8221; na parte superior, este \u00edman \u00e9 a recorda\u00e7\u00e3o perfeita para os amantes da cidade, ideal para personalizar qualquer espa\u00e7o com um toque de arte e cultura catal\u00e3.<\/p>\n","protected":false},"featured_media":11362,"template":"","meta":{"_acf_changed":false},"product_brand":[],"product_cat":[699],"product_tag":[],"class_list":{"0":"post-32390","1":"product","2":"type-product","3":"status-publish","4":"has-post-thumbnail","6":"product_cat-imanes","7":"pa_ciudad-barcelona","8":"pa_motivo-sagrada-familia","9":"pa_pais-espana","11":"first","12":"instock","13":"shipping-taxable","14":"product-type-simple"},"acf":[],"_links":{"self":[{"href":"https:\/\/olemosaic.com\/pt-pt\/wp-json\/wp\/v2\/product\/32390","targetHints":{"allow":["GET"]}}],"collection":[{"href":"https:\/\/olemosaic.com\/pt-pt\/wp-json\/wp\/v2\/product"}],"about":[{"href":"https:\/\/olemosaic.com\/pt-pt\/wp-json\/wp\/v2\/types\/product"}],"wp:featuredmedia":[{"embeddable":true,"href":"https:\/\/olemosaic.com\/pt-pt\/wp-json\/wp\/v2\/media\/11362"}],"wp:attachment":[{"href":"https:\/\/olemosaic.com\/pt-pt\/wp-json\/wp\/v2\/media?parent=32390"}],"wp:term":[{"taxonomy":"product_brand","embeddable":true,"href":"https:\/\/olemosaic.com\/pt-pt\/wp-json\/wp\/v2\/product_brand?post=32390"},{"taxonomy":"product_cat","embeddable":true,"href":"https:\/\/olemosaic.com\/pt-pt\/wp-json\/wp\/v2\/product_cat?post=32390"},{"taxonomy":"product_tag","embeddable":true,"href":"https:\/\/olemosaic.com\/pt-pt\/wp-json\/wp\/v2\/product_tag?post=32390"}],"curies":[{"name":"wp","href":"https:\/\/api.w.org\/{rel}","templated":true}]}}