{"id":32383,"date":"2025-02-20T22:32:27","date_gmt":"2025-02-20T22:32:27","guid":{"rendered":"http:\/\/olemosaic.com\/producto\/iman-de-metal-casa-batllo-barcelona-8-cm\/"},"modified":"2025-07-25T19:23:41","modified_gmt":"2025-07-25T17:23:41","slug":"iman-de-metal-casa-batllo-barcelona-8-cm-pt-pt","status":"publish","type":"product","link":"https:\/\/olemosaic.com\/pt-pt\/produto\/iman-de-metal-casa-batllo-barcelona-8-cm-pt-pt\/","title":{"rendered":"\u00cdman de metal. Casa Batll\u00f3. Barcelona. 8 cm."},"content":{"rendered":"<p>Este \u00edman met\u00e1lico de 8 cm \u00e9 uma reprodu\u00e7\u00e3o fiel da ic\u00f3nica Casa Batll\u00f3 de Barcelona, obra do c\u00e9lebre arquiteto Antoni Gaud\u00ed. Com o seu design atraente em mosaico, o \u00edman captura a vibrante fachada do edif\u00edcio, um verdadeiro s\u00edmbolo do modernismo catal\u00e3o. As cores vivas que adornam a ilustra\u00e7\u00e3o, com uma paleta de azuis, amarelos e vermelhos, evocam a exuber\u00e2ncia e singularidade desta obra-prima arquitet\u00f3nica. Cada detalhe foi cuidado ao m\u00e1ximo para refletir as famosas formas onduladas e o jogo de luzes e sombras da sua superf\u00edcie, oferecendo uma amostra aut\u00eantica da criatividade que caracteriza Gaud\u00ed.<\/p>\n<p>Este \u00edman n\u00e3o \u00e9 apenas a recorda\u00e7\u00e3o perfeita para os amantes da arquitetura e da arte, mas tamb\u00e9m um excelente lembrete da beleza de Barcelona, permitindo aos turistas levar um peda\u00e7o desta cidade vibrante para casa. Como pe\u00e7a representativa da cultura catal\u00e3, \u00e9 ideal para quem procura souvenirs que reflitam o rico patrim\u00f3nio cultural da regi\u00e3o. Na Ol\u00e9 Mosaic, como grossistas de souvenirs, oferecemos este \u00edman da Casa Batll\u00f3 para que as lojas de presentes tur\u00edsticos ofere\u00e7am aos seus clientes uma recorda\u00e7\u00e3o aut\u00eantica e significativa de Barcelona.<\/p>\n","protected":false},"excerpt":{"rendered":"<p>\u00cdman met\u00e1lico de 8 cm inspirado na emblem\u00e1tica Casa Batll\u00f3 de Barcelona. Este \u00edman colorido apresenta uma representa\u00e7\u00e3o art\u00edstica em mosaico, capturando a vibrante fachada do famoso edif\u00edcio desenhado por Antoni Gaud\u00ed. Com uma paleta de cores que inclui tons de azul, amarelo e vermelho, este \u00edman \u00e9 uma recorda\u00e7\u00e3o perfeita da arquitetura modernista catal\u00e3. Uma excelente forma de levar um peda\u00e7o da beleza de Barcelona.<\/p>\n","protected":false},"featured_media":11398,"template":"","meta":{"_acf_changed":false},"product_brand":[],"product_cat":[699],"product_tag":[],"class_list":{"0":"post-32383","1":"product","2":"type-product","3":"status-publish","4":"has-post-thumbnail","6":"product_cat-imanes","7":"pa_ciudad-barcelona","8":"pa_motivo-casa-batllo","9":"pa_pais-espana","11":"first","12":"instock","13":"shipping-taxable","14":"product-type-simple"},"acf":[],"_links":{"self":[{"href":"https:\/\/olemosaic.com\/pt-pt\/wp-json\/wp\/v2\/product\/32383","targetHints":{"allow":["GET"]}}],"collection":[{"href":"https:\/\/olemosaic.com\/pt-pt\/wp-json\/wp\/v2\/product"}],"about":[{"href":"https:\/\/olemosaic.com\/pt-pt\/wp-json\/wp\/v2\/types\/product"}],"wp:featuredmedia":[{"embeddable":true,"href":"https:\/\/olemosaic.com\/pt-pt\/wp-json\/wp\/v2\/media\/11398"}],"wp:attachment":[{"href":"https:\/\/olemosaic.com\/pt-pt\/wp-json\/wp\/v2\/media?parent=32383"}],"wp:term":[{"taxonomy":"product_brand","embeddable":true,"href":"https:\/\/olemosaic.com\/pt-pt\/wp-json\/wp\/v2\/product_brand?post=32383"},{"taxonomy":"product_cat","embeddable":true,"href":"https:\/\/olemosaic.com\/pt-pt\/wp-json\/wp\/v2\/product_cat?post=32383"},{"taxonomy":"product_tag","embeddable":true,"href":"https:\/\/olemosaic.com\/pt-pt\/wp-json\/wp\/v2\/product_tag?post=32383"}],"curies":[{"name":"wp","href":"https:\/\/api.w.org\/{rel}","templated":true}]}}