{"id":32382,"date":"2025-02-20T23:32:27","date_gmt":"2025-02-20T22:32:27","guid":{"rendered":"http:\/\/olemosaic.com\/producto\/iman-de-metal-salamandra-fuerteventura-negro-8-cm-2\/"},"modified":"2025-07-25T20:17:34","modified_gmt":"2025-07-25T18:17:34","slug":"iman-de-metal-salamandra-fuerteventura-preto-8-cm-2","status":"publish","type":"product","link":"https:\/\/olemosaic.com\/pt-pt\/produto\/iman-de-metal-salamandra-fuerteventura-preto-8-cm-2\/","title":{"rendered":"\u00cdman de metal. Salamandra. Fuerteventura. Can\u00e1rias. Preto. 8 cm."},"content":{"rendered":"<p>Este \u00edman met\u00e1lico de 8 cm \u00e9 uma representa\u00e7\u00e3o alegre da fauna de Fuerteventura. Mostra uma salamandra colorida com um impressionante design de mosaico sobre um fundo preto que a real\u00e7a. As suas escamas exibem tons vibrantes de azul, verde e amarelo, criando um efeito visual cativante que atrai a aten\u00e7\u00e3o. Al\u00e9m disso, a palavra &#8220;FUERTEVENTURA&#8221; aparece impressa na parte superior do \u00edman, um toque distintivo e local que o torna uma recorda\u00e7\u00e3o aut\u00eantica da ilha.<\/p>\n<p>Esta pe\u00e7a n\u00e3o serve apenas como um pr\u00e1tico \u00edman para o seu frigor\u00edfico, mas tamb\u00e9m decora qualquer espa\u00e7o, real\u00e7ando a alegria e a cultura can\u00e1rias no lar. As salamandras s\u00e3o parte integrante da biodiversidade de Fuerteventura e representam a rica fauna que habita nesta ilha m\u00e1gica. Este \u00edman torna-se assim um souvenir significativo para os turistas que desejam levar um peda\u00e7o das belas Ilhas Can\u00e1rias.<\/p>\n<p>Na Ol\u00e9 Mosaic, somos distribuidores de souvenirs por grosso e este \u00edman de salamandra \u00e9 uma excelente op\u00e7\u00e3o para lojas de presentes tur\u00edsticos que desejem oferecer um produto aut\u00eantico e culturalmente relevante. Ideal para quem procura souvenirs de Fuerteventura, este \u00edman n\u00e3o s\u00f3 simboliza a ess\u00eancia da ilha, como tamb\u00e9m se destaca pela sua qualidade e apelo visual, tornando-o uma escolha perfeita para quem deseja recordar a sua visita.<\/p>\n","protected":false},"excerpt":{"rendered":"<p>\u00cdman met\u00e1lico de 8 cm inspirado na fauna de Fuerteventura, que representa uma salamandra colorida com design de mosaico. Destaca-se pelo seu fundo preto, que real\u00e7a as cores vibrantes da salamandra, com detalhes em tons de azul, verde e amarelo, criando um apelo visual. A palavra &#8220;FUERTEVENTURA&#8221; aparece impressa na parte superior, acrescentando um toque distintivo e local. Ideal como recorda\u00e7\u00e3o ou elemento decorativo para a casa.<\/p>\n","protected":false},"featured_media":12878,"template":"","meta":{"_acf_changed":false},"product_brand":[],"product_cat":[699],"product_tag":[516],"class_list":{"0":"post-32382","1":"product","2":"type-product","3":"status-publish","4":"has-post-thumbnail","6":"product_cat-imanes","7":"product_tag-animais","8":"pa_ciudad-fuerteventura","9":"pa_motivo-salamandras","10":"pa_pais-espana","12":"first","13":"instock","14":"shipping-taxable","15":"product-type-simple"},"acf":[],"_links":{"self":[{"href":"https:\/\/olemosaic.com\/pt-pt\/wp-json\/wp\/v2\/product\/32382","targetHints":{"allow":["GET"]}}],"collection":[{"href":"https:\/\/olemosaic.com\/pt-pt\/wp-json\/wp\/v2\/product"}],"about":[{"href":"https:\/\/olemosaic.com\/pt-pt\/wp-json\/wp\/v2\/types\/product"}],"wp:featuredmedia":[{"embeddable":true,"href":"https:\/\/olemosaic.com\/pt-pt\/wp-json\/wp\/v2\/media\/12878"}],"wp:attachment":[{"href":"https:\/\/olemosaic.com\/pt-pt\/wp-json\/wp\/v2\/media?parent=32382"}],"wp:term":[{"taxonomy":"product_brand","embeddable":true,"href":"https:\/\/olemosaic.com\/pt-pt\/wp-json\/wp\/v2\/product_brand?post=32382"},{"taxonomy":"product_cat","embeddable":true,"href":"https:\/\/olemosaic.com\/pt-pt\/wp-json\/wp\/v2\/product_cat?post=32382"},{"taxonomy":"product_tag","embeddable":true,"href":"https:\/\/olemosaic.com\/pt-pt\/wp-json\/wp\/v2\/product_tag?post=32382"}],"curies":[{"name":"wp","href":"https:\/\/api.w.org\/{rel}","templated":true}]}}