{"id":32381,"date":"2025-02-20T23:32:27","date_gmt":"2025-02-20T22:32:27","guid":{"rendered":"http:\/\/olemosaic.com\/producto\/iman-de-metal-sagrada-familia-barcelona-8-cm-11\/"},"modified":"2025-07-25T18:52:07","modified_gmt":"2025-07-25T16:52:07","slug":"iman-de-metal-sagrada-familia-barcelona-8-cm-11-pt-pt","status":"publish","type":"product","link":"https:\/\/olemosaic.com\/pt-pt\/produto\/iman-de-metal-sagrada-familia-barcelona-8-cm-11-pt-pt\/","title":{"rendered":"\u00cdman de metal. Sagrada Fam\u00edlia. Torres da Bas\u00edlica. Barcelona. 8 cm."},"content":{"rendered":"<p>Este \u00edman met\u00e1lico de 8 cm \u00e9 uma recorda\u00e7\u00e3o vibrante que captura a ess\u00eancia da emblem\u00e1tica Sagrada Fam\u00edlia de Barcelona, uma obra-prima inigual\u00e1vel do famoso arquiteto Antoni Gaud\u00ed. Com o seu design de mosaico colorido, este \u00edman destaca as ic\u00f3nicas torres e os intrincados detalhes arquitet\u00f3nicos do templo, celebrando la singularidade deste monumento modernista que se tornou um s\u00edmbolo da cidade. Na parte superior, a frase &#8220;I \u2665 Barcelona&#8221; acrescenta um toque de atratividade que ressoa com o esp\u00edrito da metr\u00f3pole catal\u00e3, tornando este artigo uma excelente op\u00e7\u00e3o para quem deseja levar uma recorda\u00e7\u00e3o aut\u00eantica da sua viagem.<\/p>\n<p>O \u00edman \u00e9 perfeito para adornar qualquer superf\u00edcie met\u00e1lica da casa, seja o frigor\u00edfico, um painel magn\u00e9tico ou qualquer outro lugar que necessite de um toque de encanto e cor. Este produto n\u00e3o s\u00f3 representa a beleza da arquitetura de Gaud\u00ed, como tamb\u00e9m simboliza o amor dos visitantes por Barcelona, tornando-o um presente ideal para amigos e familiares. Na Ol\u00e9 Mosaic, orgulhamo-nos de oferecer souvenirs de alta qualidade por grosso, e este \u00edman da Sagrada Fam\u00edlia \u00e9 um exemplo destacado de autenticidade e relev\u00e2ncia cultural, perfeito para lojas de presentes tur\u00edsticos que procuram produtos representativos da heran\u00e7a espanhola.<\/p>\n","protected":false},"excerpt":{"rendered":"<p>\u00cdman met\u00e1lico de 8 cm que representa a ic\u00f3nica Sagrada Fam\u00edlia de Barcelona. Este design atraente apresenta uma ilustra\u00e7\u00e3o colorida em mosaico, destacando as torres e os detalhes arquitet\u00f3nicos do famoso templo de Antoni Gaud\u00ed. Com o texto &#8220;I \u2665 Barcelona&#8221; na parte superior, este \u00edman \u00e9 uma recorda\u00e7\u00e3o perfeita para evocar a beleza desta obra-prima modernista e adicionar um toque vibrante a qualquer superf\u00edcie met\u00e1lica da sua casa.<\/p>\n","protected":false},"featured_media":13538,"template":"","meta":{"_acf_changed":false},"product_brand":[],"product_cat":[699],"product_tag":[],"class_list":{"0":"post-32381","1":"product","2":"type-product","3":"status-publish","4":"has-post-thumbnail","6":"product_cat-imanes","7":"pa_ciudad-barcelona","8":"pa_motivo-sagrada-familia","9":"pa_pais-espana","11":"first","12":"instock","13":"shipping-taxable","14":"product-type-simple"},"acf":[],"_links":{"self":[{"href":"https:\/\/olemosaic.com\/pt-pt\/wp-json\/wp\/v2\/product\/32381","targetHints":{"allow":["GET"]}}],"collection":[{"href":"https:\/\/olemosaic.com\/pt-pt\/wp-json\/wp\/v2\/product"}],"about":[{"href":"https:\/\/olemosaic.com\/pt-pt\/wp-json\/wp\/v2\/types\/product"}],"wp:featuredmedia":[{"embeddable":true,"href":"https:\/\/olemosaic.com\/pt-pt\/wp-json\/wp\/v2\/media\/13538"}],"wp:attachment":[{"href":"https:\/\/olemosaic.com\/pt-pt\/wp-json\/wp\/v2\/media?parent=32381"}],"wp:term":[{"taxonomy":"product_brand","embeddable":true,"href":"https:\/\/olemosaic.com\/pt-pt\/wp-json\/wp\/v2\/product_brand?post=32381"},{"taxonomy":"product_cat","embeddable":true,"href":"https:\/\/olemosaic.com\/pt-pt\/wp-json\/wp\/v2\/product_cat?post=32381"},{"taxonomy":"product_tag","embeddable":true,"href":"https:\/\/olemosaic.com\/pt-pt\/wp-json\/wp\/v2\/product_tag?post=32381"}],"curies":[{"name":"wp","href":"https:\/\/api.w.org\/{rel}","templated":true}]}}