{"id":32343,"date":"2025-02-20T22:32:26","date_gmt":"2025-02-20T22:32:26","guid":{"rendered":"http:\/\/olemosaic.com\/producto\/iman-de-metal-gato-barcelona-plata-8-cm\/"},"modified":"2025-07-25T20:28:37","modified_gmt":"2025-07-25T18:28:37","slug":"iman-de-metal-gato-barcelona-prateado-8-cm","status":"publish","type":"product","link":"https:\/\/olemosaic.com\/pt-pt\/produto\/iman-de-metal-gato-barcelona-prateado-8-cm\/","title":{"rendered":"\u00cdman de metal. Gato. Barcelona. Prateado. 8 cm."},"content":{"rendered":"<p>Este \u00edman met\u00e1lico de 8 cm \u00e9 uma vibrante recorda\u00e7\u00e3o de Barcelona que representa um encantador gato, inspirado na ic\u00f3nica arte modernista da cidade. Com um design colorido e chamativo, este \u00edman atrai o olhar gra\u00e7as ao seu mosaico de formas geom\u00e9tricas e tons brilhantes, que revitalizam a imagem cl\u00e1ssica do felino. Predominam cores vivas como o azul, o verde, o vermelho e o amarelo, que se fundem harmoniosamente sobre um fundo branco que simula um efeito de azulejos partidos, criando uma apar\u00eancia moderna e art\u00edstica.<\/p>\n<p>Este \u00edman n\u00e3o \u00e9 apenas ideal para adornar qualquer frigor\u00edfico, mas tamb\u00e9m simboliza a rica tradi\u00e7\u00e3o art\u00edstica de Barcelona, famosa pelas suas obras-primas arquitet\u00f3nicas e pelos seus vibrantes mosaicos, como os de Antoni Gaud\u00ed. Como lembran\u00e7a, este \u00edman de gato destaca-se pela sua autenticidade e pela sua liga\u00e7\u00e3o cultural, tornando-se uma recorda\u00e7\u00e3o representativa da ess\u00eancia da cidade.<\/p>\n<p>Na Ol\u00e9 Mosaic, como grossistas de lembran\u00e7as, oferecemos produtos que capturam a ess\u00eancia de regi\u00f5es emblem\u00e1ticas. Este \u00edman \u00e9 uma excelente escolha para lojas de presentes tur\u00edsticos que procuram artigos \u00fanicos e de qualidade, perfeitos para turistas que desejem levar um pedacinho de Barcelona para casa.<\/p>\n","protected":false},"excerpt":{"rendered":"<p>\u00cdman met\u00e1lico de 8 cm que representa um gato colorido, inspirado no modernismo barcelon\u00eas. Esta atraente lembran\u00e7a destaca-se pelo seu design vibrante, com um mosaico de formas e tonalidades que revitalizam a imagem cl\u00e1ssica do felino. As cores vivas, como o azul, o verde, o vermelho e o amarelo, complementam-se com um fundo branco que simula um efeito de azulejos partidos. Ideal para adicionar um toque de sofistica\u00e7\u00e3o e arte a qualquer frigor\u00edfico.<\/p>\n","protected":false},"featured_media":12825,"template":"","meta":{"_acf_changed":false},"product_brand":[],"product_cat":[699],"product_tag":[516],"class_list":{"0":"post-32343","1":"product","2":"type-product","3":"status-publish","4":"has-post-thumbnail","6":"product_cat-imanes","7":"product_tag-animais","8":"pa_ciudad-barcelona","9":"pa_motivo-gatos","10":"pa_pais-espana","12":"first","13":"instock","14":"shipping-taxable","15":"product-type-simple"},"acf":[],"_links":{"self":[{"href":"https:\/\/olemosaic.com\/pt-pt\/wp-json\/wp\/v2\/product\/32343","targetHints":{"allow":["GET"]}}],"collection":[{"href":"https:\/\/olemosaic.com\/pt-pt\/wp-json\/wp\/v2\/product"}],"about":[{"href":"https:\/\/olemosaic.com\/pt-pt\/wp-json\/wp\/v2\/types\/product"}],"wp:featuredmedia":[{"embeddable":true,"href":"https:\/\/olemosaic.com\/pt-pt\/wp-json\/wp\/v2\/media\/12825"}],"wp:attachment":[{"href":"https:\/\/olemosaic.com\/pt-pt\/wp-json\/wp\/v2\/media?parent=32343"}],"wp:term":[{"taxonomy":"product_brand","embeddable":true,"href":"https:\/\/olemosaic.com\/pt-pt\/wp-json\/wp\/v2\/product_brand?post=32343"},{"taxonomy":"product_cat","embeddable":true,"href":"https:\/\/olemosaic.com\/pt-pt\/wp-json\/wp\/v2\/product_cat?post=32343"},{"taxonomy":"product_tag","embeddable":true,"href":"https:\/\/olemosaic.com\/pt-pt\/wp-json\/wp\/v2\/product_tag?post=32343"}],"curies":[{"name":"wp","href":"https:\/\/api.w.org\/{rel}","templated":true}]}}