{"id":32342,"date":"2025-02-20T23:32:26","date_gmt":"2025-02-20T22:32:26","guid":{"rendered":"http:\/\/olemosaic.com\/producto\/iman-de-metal-sagrada-familia-barcelona-8-cm-10\/"},"modified":"2025-07-25T19:13:51","modified_gmt":"2025-07-25T17:13:51","slug":"iman-de-metal-sagrada-familia-barcelona-8-cm-10-pt-pt","status":"publish","type":"product","link":"https:\/\/olemosaic.com\/pt-pt\/produto\/iman-de-metal-sagrada-familia-barcelona-8-cm-10-pt-pt\/","title":{"rendered":"\u00cdman de metal. Sagrada Fam\u00edlia. Modernismo catal\u00e3o. Barcelona. 8 cm."},"content":{"rendered":"<p>Este \u00edman met\u00e1lico de 8 cm \u00e9 uma vibrante recorda\u00e7\u00e3o da emblem\u00e1tica Sagrada Fam\u00edlia de Barcelona, uma das obras-primas mais reconhecidas do arquiteto Antoni Gaud\u00ed. O seu design colorido captura a ess\u00eancia do estilo modernista, com detalhes arquitet\u00f3nicos que refletem a singularidade desta bas\u00edlica. As formas distintivas da Sagrada Fam\u00edlia s\u00e3o mostradas com uma paleta vibrante, onde os tons quentes e frios se combinam numa representa\u00e7\u00e3o art\u00edstica que real\u00e7a a sua beleza. Na parte superior, a inscri\u00e7\u00e3o &#8220;I \u2764\ufe0f Barcelona&#8221; adiciona um toque atraente, tornando este \u00edman numa pe\u00e7a ideal para quem deseja recordar a sua visita \u00e0 monumental cidade.<\/p>\n<p>Esta lembran\u00e7a n\u00e3o \u00e9 apenas um acess\u00f3rio decorativo, mas tamb\u00e9m um s\u00edmbolo do rico patrim\u00f3nio cultural de Barcelona. A Sagrada Fam\u00edlia, legado do modernismo catal\u00e3o, \u00e9 um testemunho do engenho e da criatividade de Gaud\u00ed, e este \u00edman \u00e9 uma forma aut\u00eantica de levar um peda\u00e7o dessa hist\u00f3ria para casa. Na Ol\u00e9 Mosaic, especializamo-nos na distribui\u00e7\u00e3o de lembran\u00e7as por grosso, oferecendo artigos como este \u00edman \u00fanico que combina arte e cultura. \u00c9 uma excelente op\u00e7\u00e3o para lojas de presentes tur\u00edsticos que procuram oferecer produtos significativos e de qualidade, ideais para recordar uma das joias arquitet\u00f3nicas mais emblem\u00e1ticas de Espanha.<\/p>\n","protected":false},"excerpt":{"rendered":"<p>\u00cdman met\u00e1lico de 8 cm que representa a emblem\u00e1tica Sagrada Fam\u00edlia de Barcelona. Esta atraente lembran\u00e7a apresenta um design colorido inspirado no modernismo de Antoni Gaud\u00ed, com formas arquitet\u00f3nicas singulares e uma paleta vibrante que real\u00e7a os detalhes da obra. A inscri\u00e7\u00e3o &#8220;I \u2764\ufe0f Barcelona&#8221; na parte superior adiciona um toque chamativo, tornando-o numa recorda\u00e7\u00e3o ideal da sua visita a esta monumental cidade.<\/p>\n","protected":false},"featured_media":13537,"template":"","meta":{"_acf_changed":false},"product_brand":[],"product_cat":[699],"product_tag":[],"class_list":{"0":"post-32342","1":"product","2":"type-product","3":"status-publish","4":"has-post-thumbnail","6":"product_cat-imanes","7":"pa_ciudad-barcelona","8":"pa_motivo-sagrada-familia","9":"pa_pais-espana","11":"first","12":"instock","13":"shipping-taxable","14":"product-type-simple"},"acf":[],"_links":{"self":[{"href":"https:\/\/olemosaic.com\/pt-pt\/wp-json\/wp\/v2\/product\/32342","targetHints":{"allow":["GET"]}}],"collection":[{"href":"https:\/\/olemosaic.com\/pt-pt\/wp-json\/wp\/v2\/product"}],"about":[{"href":"https:\/\/olemosaic.com\/pt-pt\/wp-json\/wp\/v2\/types\/product"}],"wp:featuredmedia":[{"embeddable":true,"href":"https:\/\/olemosaic.com\/pt-pt\/wp-json\/wp\/v2\/media\/13537"}],"wp:attachment":[{"href":"https:\/\/olemosaic.com\/pt-pt\/wp-json\/wp\/v2\/media?parent=32342"}],"wp:term":[{"taxonomy":"product_brand","embeddable":true,"href":"https:\/\/olemosaic.com\/pt-pt\/wp-json\/wp\/v2\/product_brand?post=32342"},{"taxonomy":"product_cat","embeddable":true,"href":"https:\/\/olemosaic.com\/pt-pt\/wp-json\/wp\/v2\/product_cat?post=32342"},{"taxonomy":"product_tag","embeddable":true,"href":"https:\/\/olemosaic.com\/pt-pt\/wp-json\/wp\/v2\/product_tag?post=32342"}],"curies":[{"name":"wp","href":"https:\/\/api.w.org\/{rel}","templated":true}]}}