{"id":32341,"date":"2025-02-20T22:32:26","date_gmt":"2025-02-20T22:32:26","guid":{"rendered":"http:\/\/olemosaic.com\/producto\/iman-de-metal-salamandra-fuerteventura-negro-8-cm\/"},"modified":"2025-07-25T19:53:21","modified_gmt":"2025-07-25T17:53:21","slug":"iman-de-metal-salamandra-fuerteventura-preto-8-cm","status":"publish","type":"product","link":"https:\/\/olemosaic.com\/pt-pt\/produto\/iman-de-metal-salamandra-fuerteventura-preto-8-cm\/","title":{"rendered":"\u00cdman de metal. Salamandra. Fuerteventura. Preto. 8 cm."},"content":{"rendered":"<p>Este \u00edman met\u00e1lico de 8 cm \u00e9 uma vibrante homenagem \u00e0 rica fauna de Fuerteventura, destacando a emblem\u00e1tica salamandra com um design atraente e colorido. Sobre um fundo preto que real\u00e7a as ilustra\u00e7\u00f5es em tons alegres e mosaicos, o \u00edman captura a ess\u00eancia das salamandras em diversas posturas, mostrando a sua beleza \u00fanica e a sua liga\u00e7\u00e3o com o ambiente natural das Ilhas Can\u00e1rias. Na parte superior, a palavra \u201cFUERTEVENTURA\u201d apresenta-se com um estilo chamativo, dotando o \u00edman de um car\u00e1cter distintivo e tur\u00edstico que o torna uma recorda\u00e7\u00e3o ideal da sua visita.<\/p>\n<p>A qualidade do material met\u00e1lico garante durabilidade e resist\u00eancia, fazendo deste \u00edman n\u00e3o apenas um adorno decorativo, mas tamb\u00e9m uma pe\u00e7a funcional para a sua casa, escrit\u00f3rio ou espa\u00e7o pessoal. Com cada olhar, evocar\u00e1 o calor das ilhas e a sua espl\u00eandida fauna. Este \u00edman \u00e9 uma excelente lembran\u00e7a de Fuerteventura que reflete a autenticidade cultural da regi\u00e3o.<\/p>\n<p>Na Ol\u00e9 Mosaic, como grossista de lembran\u00e7as, oferecemos este \u00edman de salamandra como uma proposta \u00fanica para as lojas de presentes tur\u00edsticos que procuram variedade e relev\u00e2ncia nos seus produtos. Perfeito para quem deseja levar um peda\u00e7o da beleza natural de Fuerteventura, este \u00edman posiciona-se como um imprescind\u00edvel em qualquer cole\u00e7\u00e3o de lembran\u00e7as das Can\u00e1rias.<\/p>\n","protected":false},"excerpt":{"rendered":"<p>\u00cdman met\u00e1lico de 8 cm com um design vibrante que representa salamandras, inspirado na fauna de Fuerteventura. Este \u00edman apresenta um fundo preto que real\u00e7a as ilustra\u00e7\u00f5es em cores alegres e mosaicos, mostrando salamandras em diversas posturas. A palavra &#8220;FUERTEVENTURA&#8221; destaca-se na parte superior, adicionando um toque cultural e tur\u00edstico. Ideal para recordar a beleza natural das Ilhas Can\u00e1rias.<\/p>\n","protected":false},"featured_media":13523,"template":"","meta":{"_acf_changed":false},"product_brand":[],"product_cat":[699],"product_tag":[516],"class_list":{"0":"post-32341","1":"product","2":"type-product","3":"status-publish","4":"has-post-thumbnail","6":"product_cat-imanes","7":"product_tag-animais","8":"pa_ciudad-fuerteventura","9":"pa_motivo-salamandras","10":"pa_pais-espana","12":"first","13":"instock","14":"shipping-taxable","15":"product-type-simple"},"acf":[],"_links":{"self":[{"href":"https:\/\/olemosaic.com\/pt-pt\/wp-json\/wp\/v2\/product\/32341","targetHints":{"allow":["GET"]}}],"collection":[{"href":"https:\/\/olemosaic.com\/pt-pt\/wp-json\/wp\/v2\/product"}],"about":[{"href":"https:\/\/olemosaic.com\/pt-pt\/wp-json\/wp\/v2\/types\/product"}],"wp:featuredmedia":[{"embeddable":true,"href":"https:\/\/olemosaic.com\/pt-pt\/wp-json\/wp\/v2\/media\/13523"}],"wp:attachment":[{"href":"https:\/\/olemosaic.com\/pt-pt\/wp-json\/wp\/v2\/media?parent=32341"}],"wp:term":[{"taxonomy":"product_brand","embeddable":true,"href":"https:\/\/olemosaic.com\/pt-pt\/wp-json\/wp\/v2\/product_brand?post=32341"},{"taxonomy":"product_cat","embeddable":true,"href":"https:\/\/olemosaic.com\/pt-pt\/wp-json\/wp\/v2\/product_cat?post=32341"},{"taxonomy":"product_tag","embeddable":true,"href":"https:\/\/olemosaic.com\/pt-pt\/wp-json\/wp\/v2\/product_tag?post=32341"}],"curies":[{"name":"wp","href":"https:\/\/api.w.org\/{rel}","templated":true}]}}