{"id":32326,"date":"2025-02-20T23:32:25","date_gmt":"2025-02-20T22:32:25","guid":{"rendered":"http:\/\/olemosaic.com\/producto\/iman-de-metal-panoramica-barcelona-8-cm-9\/"},"modified":"2025-07-25T19:37:26","modified_gmt":"2025-07-25T17:37:26","slug":"iman-de-metal-panoramica-barcelona-8-cm-9-pt-pt","status":"publish","type":"product","link":"https:\/\/olemosaic.com\/pt-pt\/produto\/iman-de-metal-panoramica-barcelona-8-cm-9-pt-pt\/","title":{"rendered":"\u00cdman de metal. Panor\u00e2mica. Edif\u00edcios Gaud\u00ed. Barcelona. 8 cm."},"content":{"rendered":"<p>Este \u00edman met\u00e1lico de 8 cm \u00e9 uma vibrante homenagem \u00e0 beleza de Barcelona, com uma colorida panor\u00e2mica que captura os seus elementos mais ic\u00f3nicos. A Sagrada Fam\u00edlia, com as suas torres em tons vermelhos e dourados, ergue-se majestosa no design, acompanhada de elementos de arquitetura modernista que refletem a ess\u00eancia art\u00edstica da capital catal\u00e3. Integrado num estilo mosaico est\u00e9tico, esta recorda\u00e7\u00e3o real\u00e7a a singularidade da cidade e a sua rica heran\u00e7a cultural.<\/p>\n<p>O \u00edman inclui o famoso texto &#8220;I \u2665 Barcelona&#8221;, em letras apelativas sobre um fundo azul-celeste, evocando o calor da paisagem urbana. Este detalhe, juntamente com os p\u00e1ssaros em voo e os motivos de cer\u00e2mica que adornam as constru\u00e7\u00f5es, proporciona um ar l\u00fadico e alegre, tornando-o um objeto perfeito para levar um peda\u00e7o da cultura catal\u00e3 para qualquer casa. Ideal para decorar frigor\u00edficos, este \u00edman n\u00e3o s\u00f3 \u00e9 funcional, como tamb\u00e9m um lembrete visual de uma visita inesquec\u00edvel a Barcelona.<\/p>\n<p>Na Ol\u00e9 Mosaic, somos especialistas na distribui\u00e7\u00e3o de recorda\u00e7\u00f5es por grosso, e este \u00edman de Barcelona \u00e9 uma excelente op\u00e7\u00e3o para lojas de presentes tur\u00edsticos que procuram capturar a ess\u00eancia de la cidade num formato acess\u00edvel e atraente. Ao oferecer recorda\u00e7\u00f5es de Barcelona aut\u00eanticas, garantimos que cada pe\u00e7a conte uma hist\u00f3ria e evoque mem\u00f3rias especiais desta vibrante metr\u00f3pole.<\/p>\n","protected":false},"excerpt":{"rendered":"<p>\u00cdman met\u00e1lico de 8 cm que captura uma colorida panor\u00e2mica de Barcelona. Este \u00edman apresenta um design vibrante que inclui a ic\u00f3nica Sagrada Fam\u00edlia e elementos de arquitetura modernista, tudo em estilo mosaico. Com o texto &#8220;I \u2665 Barcelona&#8221; em letras apelativas, esta recorda\u00e7\u00e3o \u00e9 perfeita para evocar a beleza da cidade. Ideal para decorar frigor\u00edficos e levar um peda\u00e7o da cultura catal\u00e3 para qualquer casa.<\/p>\n","protected":false},"featured_media":11410,"template":"","meta":{"_acf_changed":false},"product_brand":[],"product_cat":[699],"product_tag":[],"class_list":{"0":"post-32326","1":"product","2":"type-product","3":"status-publish","4":"has-post-thumbnail","6":"product_cat-imanes","7":"pa_ciudad-barcelona","8":"pa_motivo-panoramas","9":"pa_pais-espana","11":"first","12":"instock","13":"shipping-taxable","14":"product-type-simple"},"acf":[],"_links":{"self":[{"href":"https:\/\/olemosaic.com\/pt-pt\/wp-json\/wp\/v2\/product\/32326","targetHints":{"allow":["GET"]}}],"collection":[{"href":"https:\/\/olemosaic.com\/pt-pt\/wp-json\/wp\/v2\/product"}],"about":[{"href":"https:\/\/olemosaic.com\/pt-pt\/wp-json\/wp\/v2\/types\/product"}],"wp:featuredmedia":[{"embeddable":true,"href":"https:\/\/olemosaic.com\/pt-pt\/wp-json\/wp\/v2\/media\/11410"}],"wp:attachment":[{"href":"https:\/\/olemosaic.com\/pt-pt\/wp-json\/wp\/v2\/media?parent=32326"}],"wp:term":[{"taxonomy":"product_brand","embeddable":true,"href":"https:\/\/olemosaic.com\/pt-pt\/wp-json\/wp\/v2\/product_brand?post=32326"},{"taxonomy":"product_cat","embeddable":true,"href":"https:\/\/olemosaic.com\/pt-pt\/wp-json\/wp\/v2\/product_cat?post=32326"},{"taxonomy":"product_tag","embeddable":true,"href":"https:\/\/olemosaic.com\/pt-pt\/wp-json\/wp\/v2\/product_tag?post=32326"}],"curies":[{"name":"wp","href":"https:\/\/api.w.org\/{rel}","templated":true}]}}