{"id":32314,"date":"2025-02-20T22:32:25","date_gmt":"2025-02-20T22:32:25","guid":{"rendered":"http:\/\/olemosaic.com\/producto\/iman-de-metal-panoramica-valencia-8-cm\/"},"modified":"2025-07-25T20:00:10","modified_gmt":"2025-07-25T18:00:10","slug":"iman-de-metal-panoramica-valencia-8-cm-pt-pt","status":"publish","type":"product","link":"https:\/\/olemosaic.com\/pt-pt\/produto\/iman-de-metal-panoramica-valencia-8-cm-pt-pt\/","title":{"rendered":"\u00cdman de metal. Panor\u00e2mica. Val\u00eancia. 8 cm."},"content":{"rendered":"<p>Este \u00edman met\u00e1lico de 8 cm \u00e9 uma recorda\u00e7\u00e3o vibrante e colorida que capta a ess\u00eancia de Val\u00eancia, mostrando uma panor\u00e2mica com dois dos seus monumentos mais emblem\u00e1ticos: o Mercado Central e a inconfund\u00edvel Cidade das Artes e das Ci\u00eancias. O seu design, que evoca o t\u00edpico mosaico valenciano, est\u00e1 adornado com uma explos\u00e3o de cores que real\u00e7a cada detalhe arquitet\u00f3nico, criando uma imagem festiva e atraente. A tipografia estilizada de &#8220;VALENCIA&#8221; destaca-se de forma impactante na parte superior, conferindo um toque moderno e din\u00e2mico ao \u00edman.<\/p>\n<p>Este \u00edman n\u00e3o \u00e9 apenas uma pe\u00e7a decorativa, mas tamb\u00e9m atua como uma ponte cultural, recordando aos turistas a rica heran\u00e7a art\u00edstica e arquitet\u00f3nica de Val\u00eancia. Ao adquirir esta recorda\u00e7\u00e3o, os visitantes podem levar para casa um fragmento da cidade, perfeito para recordar os momentos especiais vividos durante a sua viagem.<\/p>\n<p>Na Ol\u00e9 Mosaic, compreendemos a import\u00e2ncia de oferecer produtos aut\u00eanticos que reflitam a singularidade de cada regi\u00e3o. Este \u00edman \u00e9 uma escolha ideal para lojas de presentes tur\u00edsticos que procuram uma recorda\u00e7\u00e3o representativa e de qualidade. Como grossistas de recorda\u00e7\u00f5es, garantimos que cada pe\u00e7a n\u00e3o s\u00f3 seja atraente, mas tamb\u00e9m encapsule a vibrante cultura de Val\u00eancia, ideal para quem deseja recordar a sua visita a esta bela cidade espanhola.<\/p>\n","protected":false},"excerpt":{"rendered":"<p>\u00cdman met\u00e1lico de 8 cm com uma colorida panor\u00e2mica de Val\u00eancia. Esta atraente recorda\u00e7\u00e3o destaca-se pelo seu design vibrante, que inclui representa\u00e7\u00f5es ic\u00f3nicas como o Mercado Central e a Cidade das Artes e das Ci\u00eancias, num estilo que evoca o mosaico t\u00edpico da regi\u00e3o. As cores vivas e a tipografia de &#8220;VALENCIA&#8221; conferem-lhe um ar festivo, tornando-o um presente ideal ou uma recorda\u00e7\u00e3o para os amantes desta bela cidade espanhola.<\/p>\n","protected":false},"featured_media":10459,"template":"","meta":{"_acf_changed":false},"product_brand":[],"product_cat":[699],"product_tag":[],"class_list":{"0":"post-32314","1":"product","2":"type-product","3":"status-publish","4":"has-post-thumbnail","6":"product_cat-imanes","7":"pa_ciudad-valencia","8":"pa_motivo-panoramas","9":"pa_pais-espana","11":"first","12":"instock","13":"shipping-taxable","14":"product-type-simple"},"acf":[],"_links":{"self":[{"href":"https:\/\/olemosaic.com\/pt-pt\/wp-json\/wp\/v2\/product\/32314","targetHints":{"allow":["GET"]}}],"collection":[{"href":"https:\/\/olemosaic.com\/pt-pt\/wp-json\/wp\/v2\/product"}],"about":[{"href":"https:\/\/olemosaic.com\/pt-pt\/wp-json\/wp\/v2\/types\/product"}],"wp:featuredmedia":[{"embeddable":true,"href":"https:\/\/olemosaic.com\/pt-pt\/wp-json\/wp\/v2\/media\/10459"}],"wp:attachment":[{"href":"https:\/\/olemosaic.com\/pt-pt\/wp-json\/wp\/v2\/media?parent=32314"}],"wp:term":[{"taxonomy":"product_brand","embeddable":true,"href":"https:\/\/olemosaic.com\/pt-pt\/wp-json\/wp\/v2\/product_brand?post=32314"},{"taxonomy":"product_cat","embeddable":true,"href":"https:\/\/olemosaic.com\/pt-pt\/wp-json\/wp\/v2\/product_cat?post=32314"},{"taxonomy":"product_tag","embeddable":true,"href":"https:\/\/olemosaic.com\/pt-pt\/wp-json\/wp\/v2\/product_tag?post=32314"}],"curies":[{"name":"wp","href":"https:\/\/api.w.org\/{rel}","templated":true}]}}