{"id":32313,"date":"2025-02-20T23:32:25","date_gmt":"2025-02-20T22:32:25","guid":{"rendered":"http:\/\/olemosaic.com\/producto\/iman-de-metal-sagrada-familia-barcelona-negro-8-cm-5\/"},"modified":"2025-07-25T18:51:21","modified_gmt":"2025-07-25T16:51:21","slug":"iman-de-metal-sagrada-familia-barcelona-preto-8-cm-5","status":"publish","type":"product","link":"https:\/\/olemosaic.com\/pt-pt\/produto\/iman-de-metal-sagrada-familia-barcelona-preto-8-cm-5\/","title":{"rendered":"\u00cdman de metal. Sagrada Fam\u00edlia. Estilo contempor\u00e2neo. Barcelona. Preto. 8 cm."},"content":{"rendered":"<p>Este \u00edman met\u00e1lico de 8 cm \u00e9 uma recorda\u00e7\u00e3o vibrante que capta a ess\u00eancia da Sagrada Fam\u00edlia em Barcelona, uma das obras-primas do famoso arquiteto Antoni Gaud\u00ed. Com um design colorido e contempor\u00e2neo, este \u00edman destaca-se pela sua representa\u00e7\u00e3o art\u00edstica que simula os coloridos vitrais da bas\u00edlica, empregando um uso est\u00e9tico de formas geom\u00e9tricas e tonalidades brilhantes que evocam a luminosidade caracter\u00edstica do edif\u00edcio. A palavra &#8220;Barcelona&#8221; est\u00e1 impressa na parte superior, integrando-se de forma harm\u00f3nica na composi\u00e7\u00e3o geral e real\u00e7ando o car\u00e1ter \u00fanico deste emblem\u00e1tico s\u00edmbolo da cidade.<\/p>\n<p>Fabricado em metal de alta qualidade, este \u00edman n\u00e3o \u00e9 apenas um objeto decorativo, mas uma pe\u00e7a que transporta quem o contempla para a maravilha arquitet\u00f3nica da Sagrada Fam\u00edlia. O seu fundo preto real\u00e7a as cores vibrantes da ilustra\u00e7\u00e3o, tornando esta recorda\u00e7\u00e3o uma op\u00e7\u00e3o ideal para quem procura levar um pedacinho de Barcelona para casa. Na Ol\u00e9 Mosaic, especializamo-nos na distribui\u00e7\u00e3o de recorda\u00e7\u00f5es por grosso, e este \u00edman representa uma excelente oportunidade para lojas de presentes tur\u00edsticos que desejem oferecer artigos aut\u00eanticos e representativos da cultura catal\u00e3. Este \u00edman da Sagrada Fam\u00edlia \u00e9, sem d\u00favida, uma recorda\u00e7\u00e3o inesquec\u00edvel que celebra a riqueza e o patrim\u00f3nio de Barcelona, tornando-o um artigo imprescind\u00edvel para qualquer turista.<\/p>\n","protected":false},"excerpt":{"rendered":"<p>\u00cdman met\u00e1lico de 8 cm com uma vibrante representa\u00e7\u00e3o da Sagrada Fam\u00edlia de Barcelona. Este atraente \u00edman destaca-se pelo seu design colorido, que evoca a majestade da obra de Gaud\u00ed, com formas geom\u00e9tricas e detalhes em tons brilhantes que simulam os vitrais da bas\u00edlica. A palavra \u00abBarcelona\u00bb aparece impressa na parte superior, complementando o estilo contempor\u00e2neo deste souvenir perfeito para levar um pedacinho da cidade para casa.<\/p>\n","protected":false},"featured_media":11376,"template":"","meta":{"_acf_changed":false},"product_brand":[],"product_cat":[699],"product_tag":[],"class_list":{"0":"post-32313","1":"product","2":"type-product","3":"status-publish","4":"has-post-thumbnail","6":"product_cat-imanes","7":"pa_ciudad-barcelona","8":"pa_motivo-sagrada-familia","9":"pa_pais-espana","11":"first","12":"instock","13":"shipping-taxable","14":"product-type-simple"},"acf":[],"_links":{"self":[{"href":"https:\/\/olemosaic.com\/pt-pt\/wp-json\/wp\/v2\/product\/32313","targetHints":{"allow":["GET"]}}],"collection":[{"href":"https:\/\/olemosaic.com\/pt-pt\/wp-json\/wp\/v2\/product"}],"about":[{"href":"https:\/\/olemosaic.com\/pt-pt\/wp-json\/wp\/v2\/types\/product"}],"wp:featuredmedia":[{"embeddable":true,"href":"https:\/\/olemosaic.com\/pt-pt\/wp-json\/wp\/v2\/media\/11376"}],"wp:attachment":[{"href":"https:\/\/olemosaic.com\/pt-pt\/wp-json\/wp\/v2\/media?parent=32313"}],"wp:term":[{"taxonomy":"product_brand","embeddable":true,"href":"https:\/\/olemosaic.com\/pt-pt\/wp-json\/wp\/v2\/product_brand?post=32313"},{"taxonomy":"product_cat","embeddable":true,"href":"https:\/\/olemosaic.com\/pt-pt\/wp-json\/wp\/v2\/product_cat?post=32313"},{"taxonomy":"product_tag","embeddable":true,"href":"https:\/\/olemosaic.com\/pt-pt\/wp-json\/wp\/v2\/product_tag?post=32313"}],"curies":[{"name":"wp","href":"https:\/\/api.w.org\/{rel}","templated":true}]}}