{"id":32312,"date":"2025-02-20T23:32:24","date_gmt":"2025-02-20T22:32:24","guid":{"rendered":"http:\/\/olemosaic.com\/producto\/iman-de-metal-sagrada-familia-barcelona-8-cm-9\/"},"modified":"2025-07-25T19:25:08","modified_gmt":"2025-07-25T17:25:08","slug":"iman-de-metal-sagrada-familia-barcelona-8-cm-9-pt-pt","status":"publish","type":"product","link":"https:\/\/olemosaic.com\/pt-pt\/produto\/iman-de-metal-sagrada-familia-barcelona-8-cm-9-pt-pt\/","title":{"rendered":"\u00cdman de metal. Sagrada Fam\u00edlia. Design colorido. Barcelona. 8 cm."},"content":{"rendered":"<p>Este \u00edman met\u00e1lico de 8 cm \u00e9 um souvenir imprescind\u00edvel que capta a ess\u00eancia da Sagrada Fam\u00edlia, o emblema arquitet\u00f3nico de Barcelona. Com um design vibrante e cheio de cor, este \u00edman apresenta uma ilustra\u00e7\u00e3o detalhada do monumento, destacando as suas ic\u00f3nicas torres que se erguem majestosamente em dire\u00e7\u00e3o ao c\u00e9u. Os tons vermelhos, amarelos e azuis refletem o brilho e o car\u00e1ter inovador da arte de Antoni Gaud\u00ed, evocando a complexidade dos mosaicos que adornam a obra. Este \u00edman n\u00e3o \u00e9 apenas um objeto decorativo, mas tamb\u00e9m simboliza a rica heran\u00e7a cultural de Barcelona, servindo como lembran\u00e7a da beleza arquitet\u00f3nica que a cidade oferece.<\/p>\n<p>A Sagrada Fam\u00edlia \u00e9 mais do que um design arquitet\u00f3nico: \u00e9 um \u00edcone do modernismo catal\u00e3o e um testemunho do talento art\u00edstico e da vis\u00e3o de Gaud\u00ed. Este \u00edman, como souvenir representativo, permite aos visitantes levar um peda\u00e7o desta hist\u00f3ria e cultura para casa. Na Ol\u00e9 Mosaic, dedicamo-nos \u00e0 distribui\u00e7\u00e3o de souvenirs por grosso, e este \u00edman da Sagrada Fam\u00edlia \u00e9 uma op\u00e7\u00e3o excecional para qualquer loja de presentes tur\u00edsticos que procure oferecer produtos aut\u00eanticos e significativos. \u00c9 uma recorda\u00e7\u00e3o ideal para quem deseja guardar um fragmento de Barcelona, perfeito para amantes da arte e da arquitetura que procuram souvenirs que encapsulem a ess\u00eancia da cidade.<\/p>\n","protected":false},"excerpt":{"rendered":"<p>\u00cdman met\u00e1lico de 8 cm, decorado com um mosaico vibrante da Sagrada Fam\u00edlia, s\u00edmbolo emblem\u00e1tico de Barcelona. Este \u00edman apresenta uma ilustra\u00e7\u00e3o colorida e detalhada que capta as ic\u00f3nicas torres do monumento, com toques em vermelho, amarelo e azul que evocam o brilho do design de Gaud\u00ed. Perfeito para recordar a sua visita \u00e0 cidade, \u00e9 um souvenir ideal para qualquer amante da arte e da arquitetura.<\/p>\n","protected":false},"featured_media":11358,"template":"","meta":{"_acf_changed":false},"product_brand":[],"product_cat":[699],"product_tag":[],"class_list":{"0":"post-32312","1":"product","2":"type-product","3":"status-publish","4":"has-post-thumbnail","6":"product_cat-imanes","7":"pa_ciudad-barcelona","8":"pa_motivo-sagrada-familia","9":"pa_pais-espana","11":"first","12":"instock","13":"shipping-taxable","14":"product-type-simple"},"acf":[],"_links":{"self":[{"href":"https:\/\/olemosaic.com\/pt-pt\/wp-json\/wp\/v2\/product\/32312","targetHints":{"allow":["GET"]}}],"collection":[{"href":"https:\/\/olemosaic.com\/pt-pt\/wp-json\/wp\/v2\/product"}],"about":[{"href":"https:\/\/olemosaic.com\/pt-pt\/wp-json\/wp\/v2\/types\/product"}],"wp:featuredmedia":[{"embeddable":true,"href":"https:\/\/olemosaic.com\/pt-pt\/wp-json\/wp\/v2\/media\/11358"}],"wp:attachment":[{"href":"https:\/\/olemosaic.com\/pt-pt\/wp-json\/wp\/v2\/media?parent=32312"}],"wp:term":[{"taxonomy":"product_brand","embeddable":true,"href":"https:\/\/olemosaic.com\/pt-pt\/wp-json\/wp\/v2\/product_brand?post=32312"},{"taxonomy":"product_cat","embeddable":true,"href":"https:\/\/olemosaic.com\/pt-pt\/wp-json\/wp\/v2\/product_cat?post=32312"},{"taxonomy":"product_tag","embeddable":true,"href":"https:\/\/olemosaic.com\/pt-pt\/wp-json\/wp\/v2\/product_tag?post=32312"}],"curies":[{"name":"wp","href":"https:\/\/api.w.org\/{rel}","templated":true}]}}