{"id":32311,"date":"2025-02-20T23:32:24","date_gmt":"2025-02-20T22:32:24","guid":{"rendered":"http:\/\/olemosaic.com\/producto\/iman-de-metal-sagrada-familia-barcelona-8-cm-8\/"},"modified":"2025-07-25T19:50:04","modified_gmt":"2025-07-25T17:50:04","slug":"iman-de-metal-sagrada-familia-barcelona-8-cm-8-pt-pt","status":"publish","type":"product","link":"https:\/\/olemosaic.com\/pt-pt\/produto\/iman-de-metal-sagrada-familia-barcelona-8-cm-8-pt-pt\/","title":{"rendered":"\u00cdman de metal. Sagrada Fam\u00edlia. Barcelona. Fundo azul. 8 cm."},"content":{"rendered":"<p>Este \u00edman met\u00e1lico de 8 cm \u00e9 uma recorda\u00e7\u00e3o vibrante que representa a ic\u00f3nica Sagrada Fam\u00edlia de Barcelona, uma das obras mais emblem\u00e1ticas do arquiteto Antoni Gaud\u00ed. O seu design capta a ess\u00eancia desta majestosa bas\u00edlica, com um mosaico colorido que destaca as intrincadas torres e fachadas que adornam o monumento. A ilustra\u00e7\u00e3o apresenta um fundo azul sereno, emoldurado por toques de cores quentes que evocam as tonalidades brilhantes da arquitetura modernista que caracteriza a cidade.<\/p>\n<p>Cada detalhe do \u00edman real\u00e7a a singularidade do projeto arquitet\u00f3nico, desde as formas elegantes das torres at\u00e9 aos coloridos elementos decorativos que embelezam a sua estrutura. Este \u00edman \u00e9 mais do que um simples souvenir; \u00e9 uma representa\u00e7\u00e3o cultural de Barcelona que permite aos visitantes levar um peda\u00e7o da hist\u00f3ria e da arte da cidade para o seu lar.<\/p>\n<p>Um souvenir perfeito para viajantes que procuram recorda\u00e7\u00f5es aut\u00eanticas, este \u00edman da Sagrada Fam\u00edlia \u00e9 uma excelente op\u00e7\u00e3o para quem deseja dar um toque de color aos seus frigor\u00edficos e recordar a sua visita a esta maravilhosa cidade. Na Ol\u00e9 Mosaic, especializamo-nos na distribui\u00e7\u00e3o de souvenirs por grosso e este \u00edman \u00e9 uma op\u00e7\u00e3o ideal para lojas de presentes tur\u00edsticos que desejam oferecer produtos aut\u00eanticos e de qualidade.<\/p>\n","protected":false},"excerpt":{"rendered":"<p>\u00cdman de metal de 8 cm que representa a ic\u00f3nica Sagrada Fam\u00edlia de Barcelona. Este design vibrante capta a ess\u00eancia da obra-prima de Gaud\u00ed, com o seu mosaico colorido que real\u00e7a as torres e fachadas do monumento. A ilustra\u00e7\u00e3o, com um fundo azul e toques de cores quentes, evoca a beleza da arquitetura modernista da cidade. Um souvenir perfeito para recordar a sua visita a Barcelona.<\/p>\n","protected":false},"featured_media":11394,"template":"","meta":{"_acf_changed":false},"product_brand":[],"product_cat":[699],"product_tag":[],"class_list":{"0":"post-32311","1":"product","2":"type-product","3":"status-publish","4":"has-post-thumbnail","6":"product_cat-imanes","7":"pa_ciudad-barcelona","8":"pa_motivo-sagrada-familia","9":"pa_pais-espana","11":"first","12":"instock","13":"shipping-taxable","14":"product-type-simple"},"acf":[],"_links":{"self":[{"href":"https:\/\/olemosaic.com\/pt-pt\/wp-json\/wp\/v2\/product\/32311","targetHints":{"allow":["GET"]}}],"collection":[{"href":"https:\/\/olemosaic.com\/pt-pt\/wp-json\/wp\/v2\/product"}],"about":[{"href":"https:\/\/olemosaic.com\/pt-pt\/wp-json\/wp\/v2\/types\/product"}],"wp:featuredmedia":[{"embeddable":true,"href":"https:\/\/olemosaic.com\/pt-pt\/wp-json\/wp\/v2\/media\/11394"}],"wp:attachment":[{"href":"https:\/\/olemosaic.com\/pt-pt\/wp-json\/wp\/v2\/media?parent=32311"}],"wp:term":[{"taxonomy":"product_brand","embeddable":true,"href":"https:\/\/olemosaic.com\/pt-pt\/wp-json\/wp\/v2\/product_brand?post=32311"},{"taxonomy":"product_cat","embeddable":true,"href":"https:\/\/olemosaic.com\/pt-pt\/wp-json\/wp\/v2\/product_cat?post=32311"},{"taxonomy":"product_tag","embeddable":true,"href":"https:\/\/olemosaic.com\/pt-pt\/wp-json\/wp\/v2\/product_tag?post=32311"}],"curies":[{"name":"wp","href":"https:\/\/api.w.org\/{rel}","templated":true}]}}