{"id":32310,"date":"2025-02-20T23:32:24","date_gmt":"2025-02-20T22:32:24","guid":{"rendered":"http:\/\/olemosaic.com\/producto\/iman-de-metal-sagrada-familia-barcelona-negro-8-cm-4\/"},"modified":"2025-07-25T19:07:02","modified_gmt":"2025-07-25T17:07:02","slug":"iman-de-metal-sagrada-familia-barcelona-preto-8-cm-4","status":"publish","type":"product","link":"https:\/\/olemosaic.com\/pt-pt\/produto\/iman-de-metal-sagrada-familia-barcelona-preto-8-cm-4\/","title":{"rendered":"\u00cdman de metal. Bas\u00edlica Sagrada Fam\u00edlia. Barcelona. Fundo preto. 8 cm."},"content":{"rendered":"<p>Este \u00edman met\u00e1lico de 8 cm \u00e9 uma recorda\u00e7\u00e3o imprescind\u00edvel da ic\u00f3nica Sagrada Fam\u00edlia de Barcelona, uma das obras-primas do arquiteto Antoni Gaud\u00ed. O seu design atraente, com cores vibrantes em amarelo, laranja e azul sobre um fundo preto, capta a majestade desta bas\u00edlica, s\u00edmbolo da cidade. Com uma representa\u00e7\u00e3o meticulosa das suas torres caracter\u00edsticas e elementos arquitet\u00f3nicos, este \u00edman n\u00e3o \u00e9 apenas um acess\u00f3rio funcional, mas uma aut\u00eantica homenagem \u00e0 riqueza cultural e art\u00edstica de Barcelona. Os detalhes graficamente estilizados acrescentam um toque contempor\u00e2neo, enquanto a paleta de cores vivas evoca a luz e a energia da capital catal\u00e3. Este souvenir \u00e9 perfeito para recordar a sua visita \u00e0 cidade e tamb\u00e9m uma excelente op\u00e7\u00e3o para adicionar um toque distintivo a qualquer superf\u00edcie met\u00e1lica em casa ou no escrit\u00f3rio. Na Ol\u00e9 Mosaic, especializamo-nos na distribui\u00e7\u00e3o de souvenirs por grosso, oferecendo artigos aut\u00eanticos e representativos como este \u00edman da Sagrada Fam\u00edlia, ideal para lojas de presentes tur\u00edsticos que procuram produtos de qualidade e relev\u00e2ncia cultural. Souvenirs de Barcelona como este \u00edman s\u00e3o a forma perfeita de levar consigo um peda\u00e7o da rica hist\u00f3ria e da arte catal\u00e3.<\/p>\n","protected":false},"excerpt":{"rendered":"<p>\u00cdman met\u00e1lico de 8 cm que representa a emblem\u00e1tica Sagrada Fam\u00edlia de Barcelona. Este atraente \u00edman apresenta um design vibrante em tons de amarelo, laranja e azul sobre um fundo preto, capturando a majestade da obra-prima de Gaud\u00ed. Com detalhes que destacam as suas torres e elementos arquitet\u00f3nicos, esta recorda\u00e7\u00e3o \u00e9 perfeita para evocar a beleza de Barcelona e adicionar um toque distintivo a qualquer superf\u00edcie met\u00e1lica.<\/p>\n","protected":false},"featured_media":11380,"template":"","meta":{"_acf_changed":false},"product_brand":[],"product_cat":[699],"product_tag":[],"class_list":{"0":"post-32310","1":"product","2":"type-product","3":"status-publish","4":"has-post-thumbnail","6":"product_cat-imanes","7":"pa_ciudad-barcelona","8":"pa_motivo-sagrada-familia","9":"pa_pais-espana","11":"first","12":"instock","13":"shipping-taxable","14":"product-type-simple"},"acf":[],"_links":{"self":[{"href":"https:\/\/olemosaic.com\/pt-pt\/wp-json\/wp\/v2\/product\/32310","targetHints":{"allow":["GET"]}}],"collection":[{"href":"https:\/\/olemosaic.com\/pt-pt\/wp-json\/wp\/v2\/product"}],"about":[{"href":"https:\/\/olemosaic.com\/pt-pt\/wp-json\/wp\/v2\/types\/product"}],"wp:featuredmedia":[{"embeddable":true,"href":"https:\/\/olemosaic.com\/pt-pt\/wp-json\/wp\/v2\/media\/11380"}],"wp:attachment":[{"href":"https:\/\/olemosaic.com\/pt-pt\/wp-json\/wp\/v2\/media?parent=32310"}],"wp:term":[{"taxonomy":"product_brand","embeddable":true,"href":"https:\/\/olemosaic.com\/pt-pt\/wp-json\/wp\/v2\/product_brand?post=32310"},{"taxonomy":"product_cat","embeddable":true,"href":"https:\/\/olemosaic.com\/pt-pt\/wp-json\/wp\/v2\/product_cat?post=32310"},{"taxonomy":"product_tag","embeddable":true,"href":"https:\/\/olemosaic.com\/pt-pt\/wp-json\/wp\/v2\/product_tag?post=32310"}],"curies":[{"name":"wp","href":"https:\/\/api.w.org\/{rel}","templated":true}]}}