{"id":32279,"date":"2025-02-20T23:32:24","date_gmt":"2025-02-20T22:32:24","guid":{"rendered":"http:\/\/olemosaic.com\/producto\/iman-de-metal-bailaora-mijas-plata-8-cm\/"},"modified":"2025-07-25T18:47:22","modified_gmt":"2025-07-25T16:47:22","slug":"iman-de-metal-bailarina-flamenco-mijas-prata-8-cm","status":"publish","type":"product","link":"https:\/\/olemosaic.com\/pt-pt\/produto\/iman-de-metal-bailarina-flamenco-mijas-prata-8-cm\/","title":{"rendered":"\u00cdman de metal. Bailarina de Flamenco. Mijas. Prata. 8 cm."},"content":{"rendered":"<p>Este \u00edman met\u00e1lico de 8 cm \u00e9 uma recorda\u00e7\u00e3o vibrante da rica cultura andaluza, que capta a ess\u00eancia do folclore espanhol atrav\u00e9s de um design pintado \u00e0 m\u00e3o que evoca a alegria do baile flamenco. Representa uma bailarina de flamenco com um vestido deslumbrante cheio de cor, que expressa o dinamismo e a paix\u00e3o do flamenco, destacando os padr\u00f5es multicoloridos que adornam o seu traje. A bailarina, que posa com gra\u00e7a, est\u00e1 rodeada pelo texto &#8220;MIJAS&#8221; num estilo chamativo e colorido, complementando a cena com a sua energia contagiante.<\/p>\n<p>O fundo do \u00edman, que simula um efeito de mosaico, n\u00e3o s\u00f3 real\u00e7a a beleza do design, como tamb\u00e9m alude \u00e0 emblem\u00e1tica heran\u00e7a art\u00edstica de Mijas e arredores. Este \u00edman n\u00e3o \u00e9 apenas uma pe\u00e7a decorativa, mas atua como um excelente souvenir de Mijas, tornando-se uma recorda\u00e7\u00e3o aut\u00eantica e representativa da tradi\u00e7\u00e3o cultural andaluza.<\/p>\n<p>Perfeito para turistas que procuram souvenirs de qualidade, este \u00edman de bailarina \u00e9 uma op\u00e7\u00e3o ideal para lojas de recorda\u00e7\u00f5es tur\u00edsticas que desejem oferecer produtos aut\u00eanticos e atraentes. Na Ol\u00e9 Mosaic, como distribuidores de souvenirs por grosso, garantimos a autenticidade e o apelo de cada pe\u00e7a, perfeitas para recordar a magia do flamenco e o esp\u00edrito vibrante de Mijas.<\/p>\n","protected":false},"excerpt":{"rendered":"<p>\u00cdman de metal de 8 cm que capta a ess\u00eancia do folclore espanhol, com a imagem de uma bailarina de flamenco vestida com um traje de cores vivas. Inspirado em Mijas, este \u00edman apresenta um design artesanal, pintado \u00e0 m\u00e3o, com um efeito de mosaico, que real\u00e7a o dinamismo do baile flamenco. A bailarina, que posa com gra\u00e7a e alegria, \u00e9 acompanhada pela palavra &#8220;MIJAS&#8221; em cores chamativas, o que torna este \u00edman uma atraente recorda\u00e7\u00e3o da tradi\u00e7\u00e3o andaluza.<\/p>\n","protected":false},"featured_media":10538,"template":"","meta":{"_acf_changed":false},"product_brand":[],"product_cat":[699],"product_tag":[],"class_list":{"0":"post-32279","1":"product","2":"type-product","3":"status-publish","4":"has-post-thumbnail","6":"product_cat-imanes","7":"pa_ciudad-mijas","8":"pa_motivo-dancarinos","9":"pa_pais-espana","11":"first","12":"instock","13":"shipping-taxable","14":"product-type-simple"},"acf":[],"_links":{"self":[{"href":"https:\/\/olemosaic.com\/pt-pt\/wp-json\/wp\/v2\/product\/32279","targetHints":{"allow":["GET"]}}],"collection":[{"href":"https:\/\/olemosaic.com\/pt-pt\/wp-json\/wp\/v2\/product"}],"about":[{"href":"https:\/\/olemosaic.com\/pt-pt\/wp-json\/wp\/v2\/types\/product"}],"wp:featuredmedia":[{"embeddable":true,"href":"https:\/\/olemosaic.com\/pt-pt\/wp-json\/wp\/v2\/media\/10538"}],"wp:attachment":[{"href":"https:\/\/olemosaic.com\/pt-pt\/wp-json\/wp\/v2\/media?parent=32279"}],"wp:term":[{"taxonomy":"product_brand","embeddable":true,"href":"https:\/\/olemosaic.com\/pt-pt\/wp-json\/wp\/v2\/product_brand?post=32279"},{"taxonomy":"product_cat","embeddable":true,"href":"https:\/\/olemosaic.com\/pt-pt\/wp-json\/wp\/v2\/product_cat?post=32279"},{"taxonomy":"product_tag","embeddable":true,"href":"https:\/\/olemosaic.com\/pt-pt\/wp-json\/wp\/v2\/product_tag?post=32279"}],"curies":[{"name":"wp","href":"https:\/\/api.w.org\/{rel}","templated":true}]}}