{"id":32277,"date":"2025-02-20T22:32:24","date_gmt":"2025-02-20T22:32:24","guid":{"rendered":"http:\/\/olemosaic.com\/producto\/iman-de-metal-salamandra-gran-canaria-8-cm\/"},"modified":"2025-07-25T23:51:25","modified_gmt":"2025-07-25T21:51:25","slug":"iman-de-metal-salamandra-gran-canaria-8-cm-pt-pt","status":"publish","type":"product","link":"https:\/\/olemosaic.com\/pt-pt\/produto\/iman-de-metal-salamandra-gran-canaria-8-cm-pt-pt\/","title":{"rendered":"\u00cdman de metal. Salamandra. Gran Canaria. 8 cm."},"content":{"rendered":"<p>Este \u00edman met\u00e1lico de 8 cm \u00e9 uma homenagem vibrante \u00e0 colorida fauna de Gran Canaria, perfeito para quem deseja levar um pedacinho desta preciosa ilha. A ilustra\u00e7\u00e3o, cheia de vida, apresenta m\u00faltiplas salamandras, cada uma adornada com um mosaico de cores brilhantes que evoca a rica biodiversidade e o ambiente natural \u00fanico de Gran Canaria. O fundo azul claro, desenhado para simular um mosaico art\u00edstico, confere um toque fresco que complementa as salamandras e faz com que o \u00edman se destaque com eleg\u00e2ncia.<\/p>\n<p>O texto &#8220;Gran Canaria&#8221; aparece em letras festivas, real\u00e7ando o car\u00e1cter tur\u00edstico do produto e tornando-o uma excelente recorda\u00e7\u00e3o da sua visita a esta fascinante ilha. Este \u00edman n\u00e3o serve apenas como uma ferramenta pr\u00e1tica para prender notas e lembretes no frigor\u00edfico, mas \u00e9 tamb\u00e9m um s\u00edmbolo da liga\u00e7\u00e3o entre o visitante e esta magn\u00edfica regi\u00e3o do arquip\u00e9lago das Can\u00e1rias.<\/p>\n<p>Na Ol\u00e9 Mosaic, reconhecemos a import\u00e2ncia de oferecer souvenirs aut\u00eanticos que captem a ess\u00eancia cultural dos seus destinos. Este \u00edman \u00e9 uma op\u00e7\u00e3o perfeita para lojas de recorda\u00e7\u00f5es tur\u00edsticas que procuram produtos de qualidade e com um contexto cultural significativo. Ao escolher este \u00edman de salamandra de Gran Canaria, os turistas n\u00e3o adquirem apenas uma recorda\u00e7\u00e3o, mas um pequeno peda\u00e7o da rica biodiversidade que caracteriza esta joia do Atl\u00e2ntico. Como grossistas de souvenirs, garantimos que cada pe\u00e7a \u00e9 um testemunho do artesanato e do amor pela cultura local.<\/p>\n","protected":false},"excerpt":{"rendered":"<p>\u00cdman met\u00e1lico de 8 cm, inspirado na colorida fauna de Gran Canaria. Este atraente \u00edman apresenta uma s\u00e9rie de salamandras decoradas com um mosaico vibrante de cores que evocam a rica biodiversidade da ilha. O fundo, azul claro, simula um mosaico, acrescentando um toque art\u00edstico e fresco. Com o texto &#8220;Gran Canaria&#8221; em letras festivas, \u00e9 um souvenir ideal para recordar a beleza deste destino das Can\u00e1rias.<\/p>\n","protected":false},"featured_media":12907,"template":"","meta":{"_acf_changed":false},"product_brand":[],"product_cat":[699],"product_tag":[516],"class_list":{"0":"post-32277","1":"product","2":"type-product","3":"status-publish","4":"has-post-thumbnail","6":"product_cat-imanes","7":"product_tag-animais","8":"pa_ciudad-gran-canaria","9":"pa_motivo-salamandras","10":"pa_pais-espana","12":"first","13":"instock","14":"shipping-taxable","15":"product-type-simple"},"acf":[],"_links":{"self":[{"href":"https:\/\/olemosaic.com\/pt-pt\/wp-json\/wp\/v2\/product\/32277","targetHints":{"allow":["GET"]}}],"collection":[{"href":"https:\/\/olemosaic.com\/pt-pt\/wp-json\/wp\/v2\/product"}],"about":[{"href":"https:\/\/olemosaic.com\/pt-pt\/wp-json\/wp\/v2\/types\/product"}],"wp:featuredmedia":[{"embeddable":true,"href":"https:\/\/olemosaic.com\/pt-pt\/wp-json\/wp\/v2\/media\/12907"}],"wp:attachment":[{"href":"https:\/\/olemosaic.com\/pt-pt\/wp-json\/wp\/v2\/media?parent=32277"}],"wp:term":[{"taxonomy":"product_brand","embeddable":true,"href":"https:\/\/olemosaic.com\/pt-pt\/wp-json\/wp\/v2\/product_brand?post=32277"},{"taxonomy":"product_cat","embeddable":true,"href":"https:\/\/olemosaic.com\/pt-pt\/wp-json\/wp\/v2\/product_cat?post=32277"},{"taxonomy":"product_tag","embeddable":true,"href":"https:\/\/olemosaic.com\/pt-pt\/wp-json\/wp\/v2\/product_tag?post=32277"}],"curies":[{"name":"wp","href":"https:\/\/api.w.org\/{rel}","templated":true}]}}