{"id":32276,"date":"2025-02-20T22:32:24","date_gmt":"2025-02-20T22:32:24","guid":{"rendered":"http:\/\/olemosaic.com\/producto\/iman-de-metal-salamandra-alicante-8-cm\/"},"modified":"2025-07-25T18:42:56","modified_gmt":"2025-07-25T16:42:56","slug":"iman-de-metal-salamandra-alicante-8-cm-pt-pt","status":"publish","type":"product","link":"https:\/\/olemosaic.com\/pt-pt\/produto\/iman-de-metal-salamandra-alicante-8-cm-pt-pt\/","title":{"rendered":"\u00cdman de metal. Salamandra. Alicante. 8 cm."},"content":{"rendered":"<p>Este \u00edman met\u00e1lico de 8 cm \u00e9 uma recorda\u00e7\u00e3o encantadora que celebra a ess\u00eancia de Alicante atrav\u00e9s do seu design vibrante de salamandra, um s\u00edmbolo emblem\u00e1tico da cultura local. Com um estilo de mosaico artisticamente elaborado, o \u00edman apresenta uma paleta de cores vivas que combina tonalidades de azul, verde, vermelho e amarelo, capturando na perfei\u00e7\u00e3o a alegria do ambiente alicantino. A salamandra, com os seus contornos detalhados, destaca-se sobre um fundo azul claro que real\u00e7a o seu apelo visual, tornando-se um design cativante que evoca a rica fauna da regi\u00e3o.<\/p>\n<p>A palavra &#8220;ALICANTE&#8221; est\u00e1 impressa com letras chamativas na parte superior, fazendo deste \u00edman uma pe\u00e7a n\u00e3o s\u00f3 decorativa, mas tamb\u00e9m uma recorda\u00e7\u00e3o significativa dos momentos vividos nesta encantadora cidade. Alicante, famosa pela sua costa, hist\u00f3ria e clima mediterr\u00e2nico, continua a ser um destino tur\u00edstico popular, e este souvenir encapsula uma parte da sua identidade cultural.<\/p>\n<p>Ideal para quem procura levar um pedacinho de Alicante para casa, este \u00edman \u00e9 uma excelente op\u00e7\u00e3o para lojas de recorda\u00e7\u00f5es tur\u00edsticas e uma adi\u00e7\u00e3o imprescind\u00edvel a qualquer cole\u00e7\u00e3o de recorda\u00e7\u00f5es. Na Ol\u00e9 Mosaic, como grossista de souvenirs, garantimos autenticidade e artesanato em cada produto, fazendo deste \u00edman de salamandra um presente perfeito e memor\u00e1vel.<\/p>\n","protected":false},"excerpt":{"rendered":"<p>\u00cdman met\u00e1lico de 8 cm que reproduz uma salamandra, s\u00edmbolo da cultura alicantina, numa representa\u00e7\u00e3o colorida. Este encantador \u00edman, desenhado com um estilo de mosaico vibrante, apresenta uma variada paleta de cores sobre um fundo azul claro. Na parte superior, a palavra &#8220;ALICANTE&#8221; completa a cena decorativa. Perfeito para quem deseja levar uma recorda\u00e7\u00e3o de Alicante para casa.<\/p>\n","protected":false},"featured_media":12896,"template":"","meta":{"_acf_changed":false},"product_brand":[],"product_cat":[699],"product_tag":[516],"class_list":{"0":"post-32276","1":"product","2":"type-product","3":"status-publish","4":"has-post-thumbnail","6":"product_cat-imanes","7":"product_tag-animais","8":"pa_ciudad-alicante","9":"pa_motivo-salamandras","10":"pa_pais-espana","12":"first","13":"instock","14":"shipping-taxable","15":"product-type-simple"},"acf":[],"_links":{"self":[{"href":"https:\/\/olemosaic.com\/pt-pt\/wp-json\/wp\/v2\/product\/32276","targetHints":{"allow":["GET"]}}],"collection":[{"href":"https:\/\/olemosaic.com\/pt-pt\/wp-json\/wp\/v2\/product"}],"about":[{"href":"https:\/\/olemosaic.com\/pt-pt\/wp-json\/wp\/v2\/types\/product"}],"wp:featuredmedia":[{"embeddable":true,"href":"https:\/\/olemosaic.com\/pt-pt\/wp-json\/wp\/v2\/media\/12896"}],"wp:attachment":[{"href":"https:\/\/olemosaic.com\/pt-pt\/wp-json\/wp\/v2\/media?parent=32276"}],"wp:term":[{"taxonomy":"product_brand","embeddable":true,"href":"https:\/\/olemosaic.com\/pt-pt\/wp-json\/wp\/v2\/product_brand?post=32276"},{"taxonomy":"product_cat","embeddable":true,"href":"https:\/\/olemosaic.com\/pt-pt\/wp-json\/wp\/v2\/product_cat?post=32276"},{"taxonomy":"product_tag","embeddable":true,"href":"https:\/\/olemosaic.com\/pt-pt\/wp-json\/wp\/v2\/product_tag?post=32276"}],"curies":[{"name":"wp","href":"https:\/\/api.w.org\/{rel}","templated":true}]}}