{"id":32275,"date":"2025-02-20T23:32:24","date_gmt":"2025-02-20T22:32:24","guid":{"rendered":"http:\/\/olemosaic.com\/producto\/iman-de-metal-salamandra-mojacar-plata-8-cm-2\/"},"modified":"2025-07-25T20:20:36","modified_gmt":"2025-07-25T18:20:36","slug":"iman-de-metal-salamandra-mojacar-prata-8-cm-2","status":"publish","type":"product","link":"https:\/\/olemosaic.com\/pt-pt\/produto\/iman-de-metal-salamandra-mojacar-prata-8-cm-2\/","title":{"rendered":"\u00cdman de metal. Salamandra. Moj\u00e1car. Prata. Fundo branco. 8 cm."},"content":{"rendered":"<p>Este \u00edman met\u00e1lico de 8 cm \u00e9 uma recorda\u00e7\u00e3o encantadora que capta a ess\u00eancia de Moj\u00e1car, uma pitoresca aldeia andaluza. Decorado com salamandras chamativas, o design vibrante inspira-se no estilo de mosaico tradicional que caracteriza a regi\u00e3o. As lagartixas coloridas, pintadas numa paleta de azuis, verdes, vermelhos e amarelos, parecem ganhar vida sobre um fundo branco que simula a textura da cer\u00e2mica t\u00edpica. A inscri\u00e7\u00e3o &#8220;MOJ\u00c1CAR&#8221; na parte superior n\u00e3o s\u00f3 identifica a pe\u00e7a, como tamb\u00e9m liga os turistas \u00e0 rica cultura local. Este \u00edman n\u00e3o \u00e9 apenas funcional, mas tamb\u00e9m serve como um lembrete visual da beleza e do folclore de Moj\u00e1car.<\/p>\n<p>As salamandras, s\u00edmbolo de boa sorte na cultura andaluza, conferem um significado adicional a esta recorda\u00e7\u00e3o, tornando-a uma op\u00e7\u00e3o ideal para quem procura um presente \u00fanico e representativo. Na Ol\u00e9 Mosaic, especializamo-nos na distribui\u00e7\u00e3o de recorda\u00e7\u00f5es por grosso, oferecendo este \u00edman de salamandra como uma pe\u00e7a aut\u00eantica e de qualidade que encantar\u00e1 os visitantes. Perfeito para lojas de recorda\u00e7\u00f5es tur\u00edsticas, este \u00edman destaca-se n\u00e3o s\u00f3 pelo seu apelo visual, mas tamb\u00e9m pela sua relev\u00e2ncia cultural como recorda\u00e7\u00e3o de uma viagem a Espanha.<\/p>\n","protected":false},"excerpt":{"rendered":"<p>\u00cdman met\u00e1lico de 8 cm, decorado com salamandras chamativas num design vibrante inspirado no estilo mosaico t\u00edpico de Moj\u00e1car. Este \u00edman apresenta uma s\u00e9rie de lagartixas coloridas em tons de azul, verde, vermelho e amarelo, sobre um fundo branco que simula cer\u00e2mica. Com a inscri\u00e7\u00e3o &#8220;MOJ\u00c1CAR&#8221; na parte superior, este souvenir capta a ess\u00eancia do folclore local e \u00e9 ideal para levar uma recorda\u00e7\u00e3o visual desta encantadora localidade andaluza.<\/p>\n","protected":false},"featured_media":13533,"template":"","meta":{"_acf_changed":false},"product_brand":[],"product_cat":[699],"product_tag":[516],"class_list":{"0":"post-32275","1":"product","2":"type-product","3":"status-publish","4":"has-post-thumbnail","6":"product_cat-imanes","7":"product_tag-animais","8":"pa_ciudad-mojacar","9":"pa_motivo-salamandras","10":"pa_pais-espana","12":"first","13":"instock","14":"shipping-taxable","15":"product-type-simple"},"acf":[],"_links":{"self":[{"href":"https:\/\/olemosaic.com\/pt-pt\/wp-json\/wp\/v2\/product\/32275","targetHints":{"allow":["GET"]}}],"collection":[{"href":"https:\/\/olemosaic.com\/pt-pt\/wp-json\/wp\/v2\/product"}],"about":[{"href":"https:\/\/olemosaic.com\/pt-pt\/wp-json\/wp\/v2\/types\/product"}],"wp:featuredmedia":[{"embeddable":true,"href":"https:\/\/olemosaic.com\/pt-pt\/wp-json\/wp\/v2\/media\/13533"}],"wp:attachment":[{"href":"https:\/\/olemosaic.com\/pt-pt\/wp-json\/wp\/v2\/media?parent=32275"}],"wp:term":[{"taxonomy":"product_brand","embeddable":true,"href":"https:\/\/olemosaic.com\/pt-pt\/wp-json\/wp\/v2\/product_brand?post=32275"},{"taxonomy":"product_cat","embeddable":true,"href":"https:\/\/olemosaic.com\/pt-pt\/wp-json\/wp\/v2\/product_cat?post=32275"},{"taxonomy":"product_tag","embeddable":true,"href":"https:\/\/olemosaic.com\/pt-pt\/wp-json\/wp\/v2\/product_tag?post=32275"}],"curies":[{"name":"wp","href":"https:\/\/api.w.org\/{rel}","templated":true}]}}