{"id":32259,"date":"2025-02-20T22:32:23","date_gmt":"2025-02-20T22:32:23","guid":{"rendered":"http:\/\/olemosaic.com\/producto\/iman-de-metal-buho-barcelona-negro-8-cm\/"},"modified":"2025-07-25T18:58:30","modified_gmt":"2025-07-25T16:58:30","slug":"iman-de-metal-mocho-barcelona-preto-8-cm","status":"publish","type":"product","link":"https:\/\/olemosaic.com\/pt-pt\/produto\/iman-de-metal-mocho-barcelona-preto-8-cm\/","title":{"rendered":"\u00cdman de metal. Mocho. Barcelona. Preto. 8 cm."},"content":{"rendered":"<p>Este \u00edman met\u00e1lico de 8 cm \u00e9 uma recorda\u00e7\u00e3o encantadora de Barcelona, com um design vibrante de um mocho inspirado no emblem\u00e1tico mosaico arquitet\u00f3nico da cidade. A figura do mocho, s\u00edmbolo de sabedoria e mist\u00e9rio, destaca-se sobre um fundo preto que real\u00e7a as cores vivas do mosaico, criando um contraste visual impactante. As formas geom\u00e9tricas que adornam o mocho evocam a t\u00e9cnica do trencad\u00eds, famosa pelo seu uso nos edif\u00edcios de Antoni Gaud\u00ed. Na parte superior, a palavra &#8220;Barcelona&#8221; \u00e9 apresentada em letras estilizadas, acrescentando um toque de eleg\u00e2ncia que completa o design.<\/p>\n<p>Este \u00edman n\u00e3o \u00e9 apenas um elemento decorativo, mas tamb\u00e9m capta a ess\u00eancia da rica cultura e do estilo art\u00edstico de Barcelona, tornando-o uma recorda\u00e7\u00e3o perfeita para quem deseja levar um peda\u00e7o da cidade. A sua autenticidade e design atraente tornam-no um excelente souvenir para turistas e um produto ideal para lojas de presentes que procurem oferecer artigos representativos da capital catal\u00e3. Na Ol\u00e9 Mosaic especializamo-nos na distribui\u00e7\u00e3o de souvenirs por grosso, assegurando qualidade e originalidade em cada pe\u00e7a. Este \u00edman de mocho \u00e9 uma excelente escolha para quem procura souvenirs de Barcelona aut\u00eanticos e memor\u00e1veis.<\/p>\n","protected":false},"excerpt":{"rendered":"<p>\u00cdman met\u00e1lico de 8 cm com um design colorido de um mocho, inspirado nos mosaicos da arquitetura barcelonesa. Este atraente \u00edman destaca-se sobre um fundo preto que contrasta com as cores vivas do mocho, adornado com formas geom\u00e9tricas que evocam o trencad\u00eds. A palavra &#8220;Barcelona&#8221; na parte superior acrescenta um toque de eleg\u00e2ncia, tornando-o uma recorda\u00e7\u00e3o perfeita do estilo art\u00edstico da cidade.<\/p>\n","protected":false},"featured_media":11441,"template":"","meta":{"_acf_changed":false},"product_brand":[],"product_cat":[699],"product_tag":[516],"class_list":{"0":"post-32259","1":"product","2":"type-product","3":"status-publish","4":"has-post-thumbnail","6":"product_cat-imanes","7":"product_tag-animais","8":"pa_ciudad-barcelona","9":"pa_motivo-corujas","10":"pa_pais-espana","12":"first","13":"instock","14":"shipping-taxable","15":"product-type-simple"},"acf":[],"_links":{"self":[{"href":"https:\/\/olemosaic.com\/pt-pt\/wp-json\/wp\/v2\/product\/32259","targetHints":{"allow":["GET"]}}],"collection":[{"href":"https:\/\/olemosaic.com\/pt-pt\/wp-json\/wp\/v2\/product"}],"about":[{"href":"https:\/\/olemosaic.com\/pt-pt\/wp-json\/wp\/v2\/types\/product"}],"wp:featuredmedia":[{"embeddable":true,"href":"https:\/\/olemosaic.com\/pt-pt\/wp-json\/wp\/v2\/media\/11441"}],"wp:attachment":[{"href":"https:\/\/olemosaic.com\/pt-pt\/wp-json\/wp\/v2\/media?parent=32259"}],"wp:term":[{"taxonomy":"product_brand","embeddable":true,"href":"https:\/\/olemosaic.com\/pt-pt\/wp-json\/wp\/v2\/product_brand?post=32259"},{"taxonomy":"product_cat","embeddable":true,"href":"https:\/\/olemosaic.com\/pt-pt\/wp-json\/wp\/v2\/product_cat?post=32259"},{"taxonomy":"product_tag","embeddable":true,"href":"https:\/\/olemosaic.com\/pt-pt\/wp-json\/wp\/v2\/product_tag?post=32259"}],"curies":[{"name":"wp","href":"https:\/\/api.w.org\/{rel}","templated":true}]}}