{"id":32258,"date":"2025-02-20T22:32:23","date_gmt":"2025-02-20T22:32:23","guid":{"rendered":"http:\/\/olemosaic.com\/producto\/iman-de-metal-bailaora-marbella-negro-8-cm\/"},"modified":"2025-07-25T18:35:38","modified_gmt":"2025-07-25T16:35:38","slug":"iman-de-metal-bailarina-marbella-preto-8-cm","status":"publish","type":"product","link":"https:\/\/olemosaic.com\/pt-pt\/produto\/iman-de-metal-bailarina-marbella-preto-8-cm\/","title":{"rendered":"\u00cdman de metal. Bailarina. Marbella. Preto. 8 cm."},"content":{"rendered":"<p>Este \u00edman met\u00e1lico de 8 cm \u00e9 uma recorda\u00e7\u00e3o encantadora que representa a vibrante cultura de Marbella, captando a ess\u00eancia do folclore andaluz. A imagem mostra uma elegante bailarina de flamenco, vestida com um traje colorido que exibe um mosaico de padr\u00f5es sobre um fundo preto, criando um contraste visual cativante. A bailarina, adornada com uma flor vermelha no cabelo, adota uma pose din\u00e2mica que evoca o movimento gracioso do flamenco, uma das dan\u00e7as mais representativas de Espanha.<\/p>\n<p>A palavra \u201cMARBELLA\u201d \u00e9 impressa em letras chamativas \u00e0 esquerda da bailarina, acrescentando um toque moderno ao design e facilitando a sua identifica\u00e7\u00e3o como um souvenir t\u00edpico da cidade. Este \u00edman n\u00e3o \u00e9 apenas um acess\u00f3rio pr\u00e1tico, mas tamb\u00e9m uma pe\u00e7a de arte decorativa que representa a paix\u00e3o pela dan\u00e7a e pelo folclore andaluz, ideal para recordar uma visita a esta bela localidade.<\/p>\n<p>Na Ol\u00e9 Mosaic, especializamo-nos na distribui\u00e7\u00e3o de souvenirs por grosso, e este \u00edman de bailarina \u00e9 uma excelente op\u00e7\u00e3o para lojas de presentes tur\u00edsticos que procuram oferecer produtos aut\u00eanticos e representativos da cultura espanhola. Os souvenirs de Marbella como este \u00edman s\u00e3o perfeitos para quem procura uma recorda\u00e7\u00e3o \u00fanica e atraente da sua viagem.<\/p>\n","protected":false},"excerpt":{"rendered":"<p>\u00cdman met\u00e1lico de 8 cm que representa uma elegante bailarina de flamenco, inspirada no folclore de Marbella. O design mostra a bailarina trajada com um vibrante vestido colorido, com padr\u00f5es estilo mosaico sobre um fundo preto. A palavra \u201cMARBELLA\u201d destaca-se em letras chamativas \u00e0 esquerda, enquanto a bailarina, adornada com uma flor vermelha no cabelo, capta a ess\u00eancia da dan\u00e7a andaluza com um movimento din\u00e2mico. Uma recorda\u00e7\u00e3o colorida e representativa da cultura espanhola.<\/p>\n","protected":false},"featured_media":10546,"template":"","meta":{"_acf_changed":false},"product_brand":[],"product_cat":[699],"product_tag":[],"class_list":{"0":"post-32258","1":"product","2":"type-product","3":"status-publish","4":"has-post-thumbnail","6":"product_cat-imanes","7":"pa_ciudad-marbella","8":"pa_motivo-dancarinos","9":"pa_pais-espana","11":"first","12":"instock","13":"shipping-taxable","14":"product-type-simple"},"acf":[],"_links":{"self":[{"href":"https:\/\/olemosaic.com\/pt-pt\/wp-json\/wp\/v2\/product\/32258","targetHints":{"allow":["GET"]}}],"collection":[{"href":"https:\/\/olemosaic.com\/pt-pt\/wp-json\/wp\/v2\/product"}],"about":[{"href":"https:\/\/olemosaic.com\/pt-pt\/wp-json\/wp\/v2\/types\/product"}],"wp:featuredmedia":[{"embeddable":true,"href":"https:\/\/olemosaic.com\/pt-pt\/wp-json\/wp\/v2\/media\/10546"}],"wp:attachment":[{"href":"https:\/\/olemosaic.com\/pt-pt\/wp-json\/wp\/v2\/media?parent=32258"}],"wp:term":[{"taxonomy":"product_brand","embeddable":true,"href":"https:\/\/olemosaic.com\/pt-pt\/wp-json\/wp\/v2\/product_brand?post=32258"},{"taxonomy":"product_cat","embeddable":true,"href":"https:\/\/olemosaic.com\/pt-pt\/wp-json\/wp\/v2\/product_cat?post=32258"},{"taxonomy":"product_tag","embeddable":true,"href":"https:\/\/olemosaic.com\/pt-pt\/wp-json\/wp\/v2\/product_tag?post=32258"}],"curies":[{"name":"wp","href":"https:\/\/api.w.org\/{rel}","templated":true}]}}