{"id":32257,"date":"2025-02-20T23:32:23","date_gmt":"2025-02-20T22:32:23","guid":{"rendered":"http:\/\/olemosaic.com\/producto\/iman-de-metal-sagrada-familia-barcelona-8-cm-6\/"},"modified":"2025-07-25T20:01:28","modified_gmt":"2025-07-25T18:01:28","slug":"iman-de-metal-sagrada-familia-barcelona-8-cm-6-pt-pt","status":"publish","type":"product","link":"https:\/\/olemosaic.com\/pt-pt\/produto\/iman-de-metal-sagrada-familia-barcelona-8-cm-6-pt-pt\/","title":{"rendered":"\u00cdman de metal. Sagrada Fam\u00edlia. Antoni Gaud\u00ed. Barcelona. Fundo azul. 8 cm."},"content":{"rendered":"<p>Este \u00edman met\u00e1lico de 8 cm \u00e9 uma recorda\u00e7\u00e3o encantadora da ic\u00f3nica Sagrada Fam\u00edlia de Barcelona, a monumental obra de Antoni Gaud\u00ed que atrai milh\u00f5es de visitantes todos os anos. O seu design vibrante, em estilo mosaico, real\u00e7a a majestosidade das famosas torres e fachadas do templo, captando a ess\u00eancia do modernismo catal\u00e3o numa pe\u00e7a compacta e decorativa. Com um fundo azul que evoca o c\u00e9u mediterr\u00e2nico, o \u00edman acrescenta um toque alegre e colorido a qualquer superf\u00edcie met\u00e1lica.<\/p>\n<p>Na parte superior, o nome &#8220;Barcelona&#8221; \u00e9 apresentado em letras chamativas, perfeitamente integradas no estilo art\u00edstico do \u00edman. Este detalhe n\u00e3o s\u00f3 refor\u00e7a a liga\u00e7\u00e3o com a cidade, como tamb\u00e9m o torna um presente ideal para quem deseja levar um peda\u00e7o da arte e da cultura barcelonesas. Este souvenir, real\u00e7ado pela sua autenticidade e pelo seu design cuidado, \u00e9 uma excelente op\u00e7\u00e3o para colecionadores ou como presente para amigos e familiares.<\/p>\n<p>A Ol\u00e9 Mosaic especializa-se em oferecer souvenirs de metal por grosso, garantindo produtos que refletem a riqueza cultural e art\u00edstica de cada regi\u00e3o. Este \u00edman da Sagrada Fam\u00edlia \u00e9 um exemplo perfeito de como um pequeno objeto pode ter um grande significado, tornando-se um tesouro que evoca recorda\u00e7\u00f5es de uma das cidades mais vibrantes de Espanha.<\/p>\n","protected":false},"excerpt":{"rendered":"<p>\u00cdman met\u00e1lico de 8 cm que representa a ic\u00f3nica Sagrada Fam\u00edlia de Barcelona. Este \u00edman apresenta um design colorido em estilo mosaico, onde se destacam as famosas torres e fachadas do monumento, sobre um fundo azul. O t\u00edtulo &#8220;Barcelona&#8221; aparece impresso na parte superior com letras chamativas, o que acrescenta um toque atraente \u00e0 recorda\u00e7\u00e3o. Ideal para colecionadores ou como presente, este \u00edman capta a ess\u00eancia da arquitetura modernista de Antoni Gaud\u00ed.<\/p>\n","protected":false},"featured_media":11386,"template":"","meta":{"_acf_changed":false},"product_brand":[],"product_cat":[699],"product_tag":[],"class_list":{"0":"post-32257","1":"product","2":"type-product","3":"status-publish","4":"has-post-thumbnail","6":"product_cat-imanes","7":"pa_ciudad-barcelona","8":"pa_motivo-sagrada-familia","9":"pa_pais-espana","11":"first","12":"instock","13":"shipping-taxable","14":"product-type-simple"},"acf":[],"_links":{"self":[{"href":"https:\/\/olemosaic.com\/pt-pt\/wp-json\/wp\/v2\/product\/32257","targetHints":{"allow":["GET"]}}],"collection":[{"href":"https:\/\/olemosaic.com\/pt-pt\/wp-json\/wp\/v2\/product"}],"about":[{"href":"https:\/\/olemosaic.com\/pt-pt\/wp-json\/wp\/v2\/types\/product"}],"wp:featuredmedia":[{"embeddable":true,"href":"https:\/\/olemosaic.com\/pt-pt\/wp-json\/wp\/v2\/media\/11386"}],"wp:attachment":[{"href":"https:\/\/olemosaic.com\/pt-pt\/wp-json\/wp\/v2\/media?parent=32257"}],"wp:term":[{"taxonomy":"product_brand","embeddable":true,"href":"https:\/\/olemosaic.com\/pt-pt\/wp-json\/wp\/v2\/product_brand?post=32257"},{"taxonomy":"product_cat","embeddable":true,"href":"https:\/\/olemosaic.com\/pt-pt\/wp-json\/wp\/v2\/product_cat?post=32257"},{"taxonomy":"product_tag","embeddable":true,"href":"https:\/\/olemosaic.com\/pt-pt\/wp-json\/wp\/v2\/product_tag?post=32257"}],"curies":[{"name":"wp","href":"https:\/\/api.w.org\/{rel}","templated":true}]}}