{"id":32255,"date":"2025-02-20T22:32:23","date_gmt":"2025-02-20T22:32:23","guid":{"rendered":"http:\/\/olemosaic.com\/producto\/iman-de-metal-bailaores-sevilla-negro-8-cm\/"},"modified":"2025-07-25T18:35:52","modified_gmt":"2025-07-25T16:35:52","slug":"iman-de-metal-bailarinos-sevilha-preto-8-cm","status":"publish","type":"product","link":"https:\/\/olemosaic.com\/pt-pt\/produto\/iman-de-metal-bailarinos-sevilha-preto-8-cm\/","title":{"rendered":"\u00cdman de metal. Bailarinos. Sevilha. Preto. 8 cm."},"content":{"rendered":"<p>Este \u00edman met\u00e1lico de 8 cm \u00e9 uma recorda\u00e7\u00e3o colorida que capta a ess\u00eancia vibrante de Sevilha, representando dois bailarinos de flamenco numa cena cativante. Com um fundo preto que real\u00e7a as cores vivas, o design mostra uma bailarina com um belo vestido vermelho adornado com folhos, girando com gra\u00e7a ao ritmo da m\u00fasica, enquanto o bailarino, elegantemente vestido, segura um chap\u00e9u no alto, celebrando a alegria da arte flamenca. A cena \u00e9 emoldurada por um arco decorado com flores, que evoca as ruas tradicionais andaluzas e o calor da cultura sevilhana.<\/p>\n<p>Este \u00edman n\u00e3o \u00e9 apenas uma recorda\u00e7\u00e3o, mas uma representa\u00e7\u00e3o tang\u00edvel da paix\u00e3o e da hist\u00f3ria que rodeiam o flamenco, um s\u00edmbolo da identidade cultural de Sevilha. O seu apelo visual torna-o uma op\u00e7\u00e3o ideal para turistas que procuram souvenirs aut\u00eanticos que reflitam a sua experi\u00eancia na cidade. Na Ol\u00e9 Mosaic, como distribuidores de souvenirs por grosso, garantimos produtos de qualidade que captam a ess\u00eancia cultural de cada regi\u00e3o, fazendo deste \u00edman de bailarinos um excelente complemento para lojas de presentes tur\u00edsticos que desejem oferecer artigos representativos de Sevilha e da sua rica tradi\u00e7\u00e3o art\u00edstica.<\/p>\n","protected":false},"excerpt":{"rendered":"<p>\u00cdman met\u00e1lico de 8 cm que representa dois bailarinos de flamenco, evocando a ess\u00eancia de Sevilha. Esta recorda\u00e7\u00e3o atraente, com um design vibrante sobre fundo preto, mostra uma bailarina com um belo vestido vermelho com folhos, enquanto o bailarino segura um chap\u00e9u. A cena \u00e9 adornada com um arco floral, transmitindo a alegria e o colorido da arte flamenca num ambiente andaluz. Ideal para recordar a paix\u00e3o do flamenco sevilhano.<\/p>\n","protected":false},"featured_media":7111,"template":"","meta":{"_acf_changed":false},"product_brand":[],"product_cat":[699],"product_tag":[],"class_list":{"0":"post-32255","1":"product","2":"type-product","3":"status-publish","4":"has-post-thumbnail","6":"product_cat-imanes","7":"pa_ciudad-sevilla","8":"pa_motivo-dancarinos","9":"pa_pais-espana","11":"first","12":"instock","13":"shipping-taxable","14":"product-type-simple"},"acf":[],"_links":{"self":[{"href":"https:\/\/olemosaic.com\/pt-pt\/wp-json\/wp\/v2\/product\/32255","targetHints":{"allow":["GET"]}}],"collection":[{"href":"https:\/\/olemosaic.com\/pt-pt\/wp-json\/wp\/v2\/product"}],"about":[{"href":"https:\/\/olemosaic.com\/pt-pt\/wp-json\/wp\/v2\/types\/product"}],"wp:featuredmedia":[{"embeddable":true,"href":"https:\/\/olemosaic.com\/pt-pt\/wp-json\/wp\/v2\/media\/7111"}],"wp:attachment":[{"href":"https:\/\/olemosaic.com\/pt-pt\/wp-json\/wp\/v2\/media?parent=32255"}],"wp:term":[{"taxonomy":"product_brand","embeddable":true,"href":"https:\/\/olemosaic.com\/pt-pt\/wp-json\/wp\/v2\/product_brand?post=32255"},{"taxonomy":"product_cat","embeddable":true,"href":"https:\/\/olemosaic.com\/pt-pt\/wp-json\/wp\/v2\/product_cat?post=32255"},{"taxonomy":"product_tag","embeddable":true,"href":"https:\/\/olemosaic.com\/pt-pt\/wp-json\/wp\/v2\/product_tag?post=32255"}],"curies":[{"name":"wp","href":"https:\/\/api.w.org\/{rel}","templated":true}]}}