{"id":32229,"date":"2025-02-20T22:32:23","date_gmt":"2025-02-20T22:32:23","guid":{"rendered":"http:\/\/olemosaic.com\/producto\/iman-de-metal-salamandra-tenerife-negro-8-cm\/"},"modified":"2025-07-25T19:42:20","modified_gmt":"2025-07-25T17:42:20","slug":"iman-de-metal-salamandra-tenerife-preto-8-cm","status":"publish","type":"product","link":"https:\/\/olemosaic.com\/pt-pt\/produto\/iman-de-metal-salamandra-tenerife-preto-8-cm\/","title":{"rendered":"\u00cdman de metal. Salamandra. Tenerife. Preto. 8 cm."},"content":{"rendered":"<p>Este \u00edman met\u00e1lico de 8 cm \u00e9 uma brilhante homenagem \u00e0 biodiversidade de Tenerife, captando a ess\u00eancia dos seus vibrantes ecossistemas. Com um design impressionante de uma salamandra colorida, esta recorda\u00e7\u00e3o \u00e9 ideal para quem deseja levar um peda\u00e7o da rica natureza da ilha can\u00e1ria. A salamandra, adornada com um espl\u00eandido mosaico de tons laranja, amarelo e azul, destaca-se sobre um fundo preto que real\u00e7a a sua beleza e os detalhes art\u00edsticos. Al\u00e9m disso, uma pequena lagartixa acompanha esta maravilha, criando um apelo visual que evoca a fauna t\u00edpica de Tenerife. A palavra &#8220;TENERIFE&#8221; apresenta-se em letras chamativas, refor\u00e7ando a liga\u00e7\u00e3o geogr\u00e1fica e cultural que o \u00edman representa.<\/p>\n<p>Este \u00edman n\u00e3o \u00e9 apenas uma recorda\u00e7\u00e3o visual, mas tamb\u00e9m um reflexo do patrim\u00f3nio natural da regi\u00e3o, tornando-se uma excelente op\u00e7\u00e3o para os turistas que procuram souvenirs aut\u00eanticos e representativos da sua visita \u00e0s Ilhas Can\u00e1rias. Na Ol\u00e9 Mosaic, orgulhamo-nos de ser distribuidores de souvenirs de qualidade por grosso, garantindo que cada pe\u00e7a, como este \u00edman de salamandra, conte uma hist\u00f3ria de autenticidade e beleza cultural. Ideal para lojas de presentes tur\u00edsticos, este \u00edman \u00e9 perfeito para quem aprecia a natureza e deseja recordar a sua experi\u00eancia em Tenerife de uma forma \u00fanica.<\/p>\n","protected":false},"excerpt":{"rendered":"<p>\u00cdman de metal de 8 cm com o design de uma salamandra colorida, inspirado na biodiversidade de Tenerife. O fundo preto real\u00e7a a ilustra\u00e7\u00e3o em mosaico, com tons vibrantes que representam a salamandra e uma pequena lagartixa em tons de laranja e amarelo. A palavra &#8220;TENERIFE&#8221; est\u00e1 impressa em letras chamativas, em refer\u00eancia a esta ilha can\u00e1ria. Um souvenir ideal para recordar a natureza e a cultura de Tenerife.<\/p>\n","protected":false},"featured_media":12872,"template":"","meta":{"_acf_changed":false},"product_brand":[],"product_cat":[699],"product_tag":[516],"class_list":{"0":"post-32229","1":"product","2":"type-product","3":"status-publish","4":"has-post-thumbnail","6":"product_cat-imanes","7":"product_tag-animais","8":"pa_ciudad-tenerife","9":"pa_motivo-salamandras","10":"pa_pais-espana","12":"first","13":"instock","14":"shipping-taxable","15":"product-type-simple"},"acf":[],"_links":{"self":[{"href":"https:\/\/olemosaic.com\/pt-pt\/wp-json\/wp\/v2\/product\/32229","targetHints":{"allow":["GET"]}}],"collection":[{"href":"https:\/\/olemosaic.com\/pt-pt\/wp-json\/wp\/v2\/product"}],"about":[{"href":"https:\/\/olemosaic.com\/pt-pt\/wp-json\/wp\/v2\/types\/product"}],"wp:featuredmedia":[{"embeddable":true,"href":"https:\/\/olemosaic.com\/pt-pt\/wp-json\/wp\/v2\/media\/12872"}],"wp:attachment":[{"href":"https:\/\/olemosaic.com\/pt-pt\/wp-json\/wp\/v2\/media?parent=32229"}],"wp:term":[{"taxonomy":"product_brand","embeddable":true,"href":"https:\/\/olemosaic.com\/pt-pt\/wp-json\/wp\/v2\/product_brand?post=32229"},{"taxonomy":"product_cat","embeddable":true,"href":"https:\/\/olemosaic.com\/pt-pt\/wp-json\/wp\/v2\/product_cat?post=32229"},{"taxonomy":"product_tag","embeddable":true,"href":"https:\/\/olemosaic.com\/pt-pt\/wp-json\/wp\/v2\/product_tag?post=32229"}],"curies":[{"name":"wp","href":"https:\/\/api.w.org\/{rel}","templated":true}]}}