{"id":32227,"date":"2025-02-20T23:32:22","date_gmt":"2025-02-20T22:32:22","guid":{"rendered":"http:\/\/olemosaic.com\/producto\/iman-de-metal-panoramica-ronda-8-cm\/"},"modified":"2025-07-25T18:52:40","modified_gmt":"2025-07-25T16:52:40","slug":"iman-de-metal-panoramica-ronda-8-cm-pt-pt","status":"publish","type":"product","link":"https:\/\/olemosaic.com\/pt-pt\/produto\/iman-de-metal-panoramica-ronda-8-cm-pt-pt\/","title":{"rendered":"\u00cdman de metal. Panor\u00e2mica. Ronda. 8 cm."},"content":{"rendered":"<p>Este \u00edman met\u00e1lico de 8 cm \u00e9 uma aut\u00eantica homenagem \u00e0 majestosa Ronda, cidade emblem\u00e1tica da Andaluzia, conhecida pela sua impressionante arquitetura e paisagens. O design vibrante e colorido apresenta a ic\u00f3nica Ponte Nova (Puente Nuevo), s\u00edmbolo da uni\u00e3o entre as duas partes desta pitoresca cidade, que se ergue majestosamente sobre um desfiladeiro profundo. Na parte superior, um touro vermelho, emblema da cultura taurom\u00e1quica de Ronda, acrescenta um toque de dinamismo e tradi\u00e7\u00e3o a esta recorda\u00e7\u00e3o atraente.<\/p>\n<p>Acompanhando estas imagens, as figuras do design representam a rica heran\u00e7a cultural local, captando a ess\u00eancia do folclore e da hist\u00f3ria de Ronda. O fundo de mosaico com cores vivas n\u00e3o s\u00f3 real\u00e7a a apar\u00eancia do \u00edman, como tamb\u00e9m simboliza a diversidade cultural da regi\u00e3o, tornando-o um objeto chamativo para qualquer superf\u00edcie met\u00e1lica. A palavra &#8220;RONDA&#8221;, escrita em letras grandes e coloridas, destaca-se e garante que esta recorda\u00e7\u00e3o seja facilmente reconhec\u00edvel.<\/p>\n<p>Este \u00edman n\u00e3o \u00e9 apenas uma recorda\u00e7\u00e3o visual, mas uma pe\u00e7a que encapsula a beleza e o esp\u00edrito de Ronda, tornando-se um excelente presente para os turistas que procuram souvenirs \u00fanicos e aut\u00eanticos. Na Ol\u00e9 Mosaic, como grossista de souvenirs, oferecemos produtos que refletem a cultura e a hist\u00f3ria de Espanha, fazendo deste \u00edman de Ronda uma op\u00e7\u00e3o ideal para lojas de presentes tur\u00edsticos que desejem destacar o melhor desta encantadora cidade andaluza.<\/p>\n","protected":false},"excerpt":{"rendered":"<p>\u00cdman met\u00e1lico de 8 cm com uma vibrante panor\u00e2mica de Ronda. Este design atraente inclui a ic\u00f3nica Ponte Nova, um touro vermelho na parte superior e figuras que representam a cultura local. Com um fundo de mosaico de cores vivas, o \u00edman apresenta a palavra &#8220;RONDA&#8221; em letras chamativas, captando a ess\u00eancia desta pitoresca cidade andaluza. Ideal para colecionadores ou como recorda\u00e7\u00e3o \u00fanica.<\/p>\n","protected":false},"featured_media":12830,"template":"","meta":{"_acf_changed":false},"product_brand":[],"product_cat":[699],"product_tag":[],"class_list":{"0":"post-32227","1":"product","2":"type-product","3":"status-publish","4":"has-post-thumbnail","6":"product_cat-imanes","7":"pa_ciudad-ronda","8":"pa_motivo-panoramas","9":"pa_pais-espana","11":"first","12":"instock","13":"shipping-taxable","14":"product-type-simple"},"acf":[],"_links":{"self":[{"href":"https:\/\/olemosaic.com\/pt-pt\/wp-json\/wp\/v2\/product\/32227","targetHints":{"allow":["GET"]}}],"collection":[{"href":"https:\/\/olemosaic.com\/pt-pt\/wp-json\/wp\/v2\/product"}],"about":[{"href":"https:\/\/olemosaic.com\/pt-pt\/wp-json\/wp\/v2\/types\/product"}],"wp:featuredmedia":[{"embeddable":true,"href":"https:\/\/olemosaic.com\/pt-pt\/wp-json\/wp\/v2\/media\/12830"}],"wp:attachment":[{"href":"https:\/\/olemosaic.com\/pt-pt\/wp-json\/wp\/v2\/media?parent=32227"}],"wp:term":[{"taxonomy":"product_brand","embeddable":true,"href":"https:\/\/olemosaic.com\/pt-pt\/wp-json\/wp\/v2\/product_brand?post=32227"},{"taxonomy":"product_cat","embeddable":true,"href":"https:\/\/olemosaic.com\/pt-pt\/wp-json\/wp\/v2\/product_cat?post=32227"},{"taxonomy":"product_tag","embeddable":true,"href":"https:\/\/olemosaic.com\/pt-pt\/wp-json\/wp\/v2\/product_tag?post=32227"}],"curies":[{"name":"wp","href":"https:\/\/api.w.org\/{rel}","templated":true}]}}