{"id":32226,"date":"2025-02-20T23:32:22","date_gmt":"2025-02-20T22:32:22","guid":{"rendered":"http:\/\/olemosaic.com\/producto\/iman-de-metal-sagrada-familia-barcelona-plata-8-cm-4\/"},"modified":"2025-07-25T20:26:55","modified_gmt":"2025-07-25T18:26:55","slug":"iman-de-metal-sagrada-familia-barcelona-prata-8-cm-4","status":"publish","type":"product","link":"https:\/\/olemosaic.com\/pt-pt\/produto\/iman-de-metal-sagrada-familia-barcelona-prata-8-cm-4\/","title":{"rendered":"\u00cdman de metal. Sagrada Fam\u00edlia. Trencad\u00eds. Barcelona. Prata. 8 cm."},"content":{"rendered":"<p>Este \u00edman met\u00e1lico de 8 cm \u00e9 uma recorda\u00e7\u00e3o atraente que representa a emblem\u00e1tica Sagrada Fam\u00edlia de Barcelona, uma das obras-primas do arquiteto Antoni Gaud\u00ed. A sua ilustra\u00e7\u00e3o vibrante, realizada num estilo de mosaico colorido, capta a ess\u00eancia deste monumento com tons brilhantes que evocam la singularidade da sua arquitetura. Os detalhes em f\u00facsia, azul e amarelo d\u00e3o vida \u00e0s ic\u00f3nicas torres e fachadas da bas\u00edlica, criando um design espetacular que real\u00e7a a sua majestosidade.<\/p>\n<p>Na parte superior do \u00edman encontra-se a inscri\u00e7\u00e3o &#8220;Barcelona&#8221;, que complementa perfeitamente a imagem, recordando aos turistas a sua experi\u00eancia nesta cidade fascinante. O seu acabamento em prata confere um toque moderno e elegante, tornando-o um artigo decorativo ideal, funcional e art\u00edstico. Este \u00edman \u00e9 uma forma perfeita de levar para casa um fragmento da rica cultura catal\u00e3 e celebrar a hist\u00f3ria arquitet\u00f3nica que representa.<\/p>\n<p>Na Ol\u00e9 Mosaic, especializamo-nos na distribui\u00e7\u00e3o de souvenirs por grosso, oferecendo produtos aut\u00eanticos que refletem a heran\u00e7a cultural de Espanha. Este \u00edman da Sagrada Fam\u00edlia \u00e9 uma op\u00e7\u00e3o excecional para lojas de presentes tur\u00edsticos que procuram oferecer recorda\u00e7\u00f5es representativas e de qualidade aos seus clientes. N\u00e3o perca a oportunidade de incorporar esta recorda\u00e7\u00e3o de Barcelona no seu cat\u00e1logo; \u00e9 um elemento imprescind\u00edvel para quem deseja recordar a sua visita a esta joia arquitet\u00f3nica.<\/p>\n","protected":false},"excerpt":{"rendered":"<p>\u00cdman met\u00e1lico de 8 cm com uma ilustra\u00e7\u00e3o vibrante da Sagrada Fam\u00edlia de Barcelona. Este souvenir atraente destaca-se pelo seu design colorido em estilo mosaico, com detalhes brilhantes que refletem a arquitetura \u00fanica do monumento. A inscri\u00e7\u00e3o &#8220;Barcelona&#8221; na parte superior complementa a cena, tornando este \u00edman um artigo decorativo ideal para recordar a beleza desta emblem\u00e1tica bas\u00edlica. O seu acabamento prateado confere um toque elegante e moderno.<\/p>\n","protected":false},"featured_media":11377,"template":"","meta":{"_acf_changed":false},"product_brand":[],"product_cat":[699],"product_tag":[],"class_list":{"0":"post-32226","1":"product","2":"type-product","3":"status-publish","4":"has-post-thumbnail","6":"product_cat-imanes","7":"pa_ciudad-barcelona","8":"pa_motivo-sagrada-familia","9":"pa_pais-espana","11":"first","12":"instock","13":"shipping-taxable","14":"product-type-simple"},"acf":[],"_links":{"self":[{"href":"https:\/\/olemosaic.com\/pt-pt\/wp-json\/wp\/v2\/product\/32226","targetHints":{"allow":["GET"]}}],"collection":[{"href":"https:\/\/olemosaic.com\/pt-pt\/wp-json\/wp\/v2\/product"}],"about":[{"href":"https:\/\/olemosaic.com\/pt-pt\/wp-json\/wp\/v2\/types\/product"}],"wp:featuredmedia":[{"embeddable":true,"href":"https:\/\/olemosaic.com\/pt-pt\/wp-json\/wp\/v2\/media\/11377"}],"wp:attachment":[{"href":"https:\/\/olemosaic.com\/pt-pt\/wp-json\/wp\/v2\/media?parent=32226"}],"wp:term":[{"taxonomy":"product_brand","embeddable":true,"href":"https:\/\/olemosaic.com\/pt-pt\/wp-json\/wp\/v2\/product_brand?post=32226"},{"taxonomy":"product_cat","embeddable":true,"href":"https:\/\/olemosaic.com\/pt-pt\/wp-json\/wp\/v2\/product_cat?post=32226"},{"taxonomy":"product_tag","embeddable":true,"href":"https:\/\/olemosaic.com\/pt-pt\/wp-json\/wp\/v2\/product_tag?post=32226"}],"curies":[{"name":"wp","href":"https:\/\/api.w.org\/{rel}","templated":true}]}}