{"id":32219,"date":"2025-02-20T23:32:22","date_gmt":"2025-02-20T22:32:22","guid":{"rendered":"http:\/\/olemosaic.com\/producto\/iman-de-metal-sagrada-familia-barcelona-plata-8-cm-3\/"},"modified":"2025-07-25T20:28:59","modified_gmt":"2025-07-25T18:28:59","slug":"iman-de-metal-sagrada-familia-barcelona-prata-8-cm-3","status":"publish","type":"product","link":"https:\/\/olemosaic.com\/pt-pt\/produto\/iman-de-metal-sagrada-familia-barcelona-prata-8-cm-3\/","title":{"rendered":"\u00cdman de metal. Sagrada Fam\u00edlia. Letras douradas Barcelona. Prata. 8 cm."},"content":{"rendered":"<p>Este \u00edman met\u00e1lico de 8 cm \u00e9 uma recorda\u00e7\u00e3o atraente que representa a ic\u00f3nica Sagrada Fam\u00edlia de Barcelona, obra-prima do arquiteto Antoni Gaud\u00ed. O seu design vibrante, inspirado nos vitrais coloridos, captura a ess\u00eancia do monumento com detalhes meticulosamente elaborados em tons quentes e fascinantes que destacam a sua intrincada arquitetura. A parte superior do \u00edman apresenta a palavra &#8220;Barcelona&#8221; em letras douradas, acrescentando um toque de eleg\u00e2ncia e distin\u00e7\u00e3o que refor\u00e7a a sua liga\u00e7\u00e3o com a cidade. Esta recorda\u00e7\u00e3o n\u00e3o \u00e9 apenas um objeto decorativo ideal para personalizar o seu frigor\u00edfico ou qualquer superf\u00edcie met\u00e1lica, mas tamb\u00e9m \u00e9 um s\u00edmbolo aut\u00eantico do legado arquitet\u00f3nico de Barcelona e do modernismo catal\u00e3o. Al\u00e9m disso, este \u00edman da Sagrada Fam\u00edlia \u00e9 uma excelente op\u00e7\u00e3o para turistas que procuram levar um peda\u00e7o da cultura espanhola num artigo pr\u00e1tico e atraente. Na Ol\u00e9 Mosaic distribu\u00edmos recorda\u00e7\u00f5es de qualidade por grosso que celebram a autenticidade e o turismo cultural, tornando este \u00edman perfeito para lojas de presentes que desejem oferecer produtos representativos da rica hist\u00f3ria e patrim\u00f3nio de Barcelona.<\/p>\n","protected":false},"excerpt":{"rendered":"<p>\u00cdman met\u00e1lico de 8 cm que representa a ic\u00f3nica Sagrada Fam\u00edlia de Barcelona. O design, vibrante e reminiscente dos vitrais, utiliza cores quentes e chamativas que real\u00e7am os detalhes arquitet\u00f3nicos do monumento. Na parte superior, a palavra &#8220;Barcelona&#8221; destaca-se com letras douradas. Uma recorda\u00e7\u00e3o perfeita para recordar a majestade desta obra de Antoni Gaud\u00ed, ideal para decorar o frigor\u00edfico ou qualquer superf\u00edcie met\u00e1lica.<\/p>\n","protected":false},"featured_media":11369,"template":"","meta":{"_acf_changed":false},"product_brand":[],"product_cat":[699],"product_tag":[],"class_list":{"0":"post-32219","1":"product","2":"type-product","3":"status-publish","4":"has-post-thumbnail","6":"product_cat-imanes","7":"pa_ciudad-barcelona","8":"pa_motivo-sagrada-familia","9":"pa_pais-espana","11":"first","12":"instock","13":"shipping-taxable","14":"product-type-simple"},"acf":[],"_links":{"self":[{"href":"https:\/\/olemosaic.com\/pt-pt\/wp-json\/wp\/v2\/product\/32219","targetHints":{"allow":["GET"]}}],"collection":[{"href":"https:\/\/olemosaic.com\/pt-pt\/wp-json\/wp\/v2\/product"}],"about":[{"href":"https:\/\/olemosaic.com\/pt-pt\/wp-json\/wp\/v2\/types\/product"}],"wp:featuredmedia":[{"embeddable":true,"href":"https:\/\/olemosaic.com\/pt-pt\/wp-json\/wp\/v2\/media\/11369"}],"wp:attachment":[{"href":"https:\/\/olemosaic.com\/pt-pt\/wp-json\/wp\/v2\/media?parent=32219"}],"wp:term":[{"taxonomy":"product_brand","embeddable":true,"href":"https:\/\/olemosaic.com\/pt-pt\/wp-json\/wp\/v2\/product_brand?post=32219"},{"taxonomy":"product_cat","embeddable":true,"href":"https:\/\/olemosaic.com\/pt-pt\/wp-json\/wp\/v2\/product_cat?post=32219"},{"taxonomy":"product_tag","embeddable":true,"href":"https:\/\/olemosaic.com\/pt-pt\/wp-json\/wp\/v2\/product_tag?post=32219"}],"curies":[{"name":"wp","href":"https:\/\/api.w.org\/{rel}","templated":true}]}}