{"id":32218,"date":"2025-02-20T23:32:22","date_gmt":"2025-02-20T22:32:22","guid":{"rendered":"http:\/\/olemosaic.com\/producto\/iman-de-metal-sagrada-familia-barcelona-negro-8-cm-3\/"},"modified":"2025-07-25T18:52:11","modified_gmt":"2025-07-25T16:52:11","slug":"iman-de-metal-sagrada-familia-barcelona-preto-8-cm-3","status":"publish","type":"product","link":"https:\/\/olemosaic.com\/pt-pt\/produto\/iman-de-metal-sagrada-familia-barcelona-preto-8-cm-3\/","title":{"rendered":"\u00cdman de metal. Sagrada Fam\u00edlia. Torres da Bas\u00edlica. Barcelona. Fundo preto. 8 cm."},"content":{"rendered":"<p>Este \u00edman met\u00e1lico de 8 cm \u00e9 a recorda\u00e7\u00e3o perfeita para capturar a majestade da Sagrada Fam\u00edlia, o c\u00e9lebre monumento de Barcelona. Com um design vibrante que evoca o estilo dos vitrais, este \u00edman apresenta uma colorida representa\u00e7\u00e3o da ic\u00f3nica bas\u00edlica, mostrando com grande detalhe as suas distintivas torres e ornamenta\u00e7\u00e3o. O fundo preto real\u00e7a a explos\u00e3o de cores, oferecendo um contraste que faz com que cada matiz brilhe com intensidade, evocando uma sensa\u00e7\u00e3o de assombro perante a obra-prima de Antoni Gaud\u00ed.<\/p>\n<p>A palavra &#8220;Barcelona&#8221; est\u00e1 elegantemente inscrita em letras vibrantes na parte superior, acrescentando um toque de identidade local que o torna numa pe\u00e7a \u00fanica e memor\u00e1vel. Esta recorda\u00e7\u00e3o n\u00e3o \u00e9 apenas um objeto decorativo; \u00e9 um peda\u00e7o da rica cultura catal\u00e3 que os visitantes podem levar consigo como um lembrete tang\u00edvel da sua viagem.<\/p>\n<p>Na Ol\u00e9 Mosaic, orgulhamo-nos de oferecer recorda\u00e7\u00f5es aut\u00eanticas que refletem a heran\u00e7a cultural de Espanha. Este \u00edman da Sagrada Fam\u00edlia \u00e9 uma excelente op\u00e7\u00e3o para retalhistas que procuram recorda\u00e7\u00f5es representativas de Barcelona e que atraiam os turistas que desejam levar uma recorda\u00e7\u00e3o significativa da sua visita. Com o seu design atraente e a sua liga\u00e7\u00e3o cultural, este \u00edman destaca-se como um imprescind\u00edvel para qualquer colecionador.<\/p>\n","protected":false},"excerpt":{"rendered":"<p>\u00cdman met\u00e1lico de 8 cm que apresenta uma colorida representa\u00e7\u00e3o da Sagrada Fam\u00edlia, o emblem\u00e1tico monumento de Barcelona. Sobre um fundo preto que real\u00e7a as cores vivas, ao estilo de um vitral, o \u00edman mostra os singulares detalhes arquitet\u00f3nicos da bas\u00edlica, destacando as suas torres e ornamenta\u00e7\u00e3o. A palavra &#8220;Barcelona&#8221; aparece com letras vibrantes na parte superior, tornando esta pe\u00e7a numa recorda\u00e7\u00e3o perfeita para quem deseja levar um peda\u00e7o da cultura catal\u00e3.<\/p>\n","protected":false},"featured_media":11372,"template":"","meta":{"_acf_changed":false},"product_brand":[],"product_cat":[699],"product_tag":[],"class_list":{"0":"post-32218","1":"product","2":"type-product","3":"status-publish","4":"has-post-thumbnail","6":"product_cat-imanes","7":"pa_ciudad-barcelona","8":"pa_motivo-sagrada-familia","9":"pa_pais-espana","11":"first","12":"instock","13":"shipping-taxable","14":"product-type-simple"},"acf":[],"_links":{"self":[{"href":"https:\/\/olemosaic.com\/pt-pt\/wp-json\/wp\/v2\/product\/32218","targetHints":{"allow":["GET"]}}],"collection":[{"href":"https:\/\/olemosaic.com\/pt-pt\/wp-json\/wp\/v2\/product"}],"about":[{"href":"https:\/\/olemosaic.com\/pt-pt\/wp-json\/wp\/v2\/types\/product"}],"wp:featuredmedia":[{"embeddable":true,"href":"https:\/\/olemosaic.com\/pt-pt\/wp-json\/wp\/v2\/media\/11372"}],"wp:attachment":[{"href":"https:\/\/olemosaic.com\/pt-pt\/wp-json\/wp\/v2\/media?parent=32218"}],"wp:term":[{"taxonomy":"product_brand","embeddable":true,"href":"https:\/\/olemosaic.com\/pt-pt\/wp-json\/wp\/v2\/product_brand?post=32218"},{"taxonomy":"product_cat","embeddable":true,"href":"https:\/\/olemosaic.com\/pt-pt\/wp-json\/wp\/v2\/product_cat?post=32218"},{"taxonomy":"product_tag","embeddable":true,"href":"https:\/\/olemosaic.com\/pt-pt\/wp-json\/wp\/v2\/product_tag?post=32218"}],"curies":[{"name":"wp","href":"https:\/\/api.w.org\/{rel}","templated":true}]}}