{"id":32217,"date":"2025-02-20T23:32:22","date_gmt":"2025-02-20T22:32:22","guid":{"rendered":"http:\/\/olemosaic.com\/producto\/iman-de-metal-sagrada-familia-barcelona-8-cm-4\/"},"modified":"2025-07-25T20:29:00","modified_gmt":"2025-07-25T18:29:00","slug":"iman-de-metal-sagrada-familia-barcelona-8-cm-4-pt-pt","status":"publish","type":"product","link":"https:\/\/olemosaic.com\/pt-pt\/produto\/iman-de-metal-sagrada-familia-barcelona-8-cm-4-pt-pt\/","title":{"rendered":"\u00cdman de metal. Sagrada Fam\u00edlia. Modernismo catal\u00e3o. Barcelona. Fundo azul. 8 cm."},"content":{"rendered":"<p>Este \u00edman met\u00e1lico de 8 cm destaca-se pela sua vibrante representa\u00e7\u00e3o da Sagrada Fam\u00edlia, o emblem\u00e1tico monumento de Barcelona que simboliza a rica heran\u00e7a arquitet\u00f3nica da cidade. Com um design cativante, a ilustra\u00e7\u00e3o mostra as majestosas torres da bas\u00edlica, detalhadas com cores quentes que evocam a luz mediterr\u00e2nica. O fundo azul, que representa o c\u00e9u limpo de Barcelona, real\u00e7a o aspeto ensolarado e alegre deste destino tur\u00edstico. A palavra &#8220;Barcelona&#8221; aparece estilizada na borda, o que torna este \u00edman numa recorda\u00e7\u00e3o perfeita para os visitantes que desejam levar um peda\u00e7o da cultura modernista catal\u00e3.<\/p>\n<p>Esta recorda\u00e7\u00e3o n\u00e3o \u00e9 apenas uma representa\u00e7\u00e3o art\u00edstica da Sagrada Fam\u00edlia, mas tamb\u00e9m uma homenagem \u00e0 vis\u00e3o do seu criador, Antoni Gaud\u00ed, cujas inova\u00e7\u00f5es transformaram este monumento numa das maravilhas arquitet\u00f3nicas do mundo. Ideal para adornar qualquer frigor\u00edfico, este \u00edman acrescenta um toque cultural e art\u00edstico aos lares, sendo uma excelente op\u00e7\u00e3o para turistas que procuram recorda\u00e7\u00f5es que reflitam a autenticidade da sua viagem. Na Ol\u00e9 Mosaic, distribu\u00edmos recorda\u00e7\u00f5es por grosso, e este \u00edman da Sagrada Fam\u00edlia \u00e9 uma valiosa adi\u00e7\u00e3o \u00e0 oferta de lojas de presentes tur\u00edsticos que procuram produtos \u00fanicos e representativos de Barcelona. Com o seu design atraente e a sua liga\u00e7\u00e3o cultural, \u00e9 a recorda\u00e7\u00e3o ideal para recordar uma das cidades mais fascinantes de Espanha.<\/p>\n","protected":false},"excerpt":{"rendered":"<p>\u00cdman met\u00e1lico de 8 cm com a emblem\u00e1tica Sagrada Fam\u00edlia de Barcelona, apresentado num design vibrante. Este \u00edman destaca-se pela sua ilustra\u00e7\u00e3o em cores quentes, que reproduz as majestosas torres e os detalhes arquitet\u00f3nicos \u00fanicos do monumento, sobre um fundo azul que evoca o c\u00e9u da cidade. Com a palavra &#8220;Barcelona&#8221; estilizada na borda, \u00e9 a recorda\u00e7\u00e3o perfeita para levar um peda\u00e7o da arquitetura modernista catal\u00e3 a qualquer lugar.<\/p>\n","protected":false},"featured_media":11366,"template":"","meta":{"_acf_changed":false},"product_brand":[],"product_cat":[699],"product_tag":[],"class_list":{"0":"post-32217","1":"product","2":"type-product","3":"status-publish","4":"has-post-thumbnail","6":"product_cat-imanes","7":"pa_ciudad-barcelona","8":"pa_motivo-sagrada-familia","9":"pa_pais-espana","11":"first","12":"instock","13":"shipping-taxable","14":"product-type-simple"},"acf":[],"_links":{"self":[{"href":"https:\/\/olemosaic.com\/pt-pt\/wp-json\/wp\/v2\/product\/32217","targetHints":{"allow":["GET"]}}],"collection":[{"href":"https:\/\/olemosaic.com\/pt-pt\/wp-json\/wp\/v2\/product"}],"about":[{"href":"https:\/\/olemosaic.com\/pt-pt\/wp-json\/wp\/v2\/types\/product"}],"wp:featuredmedia":[{"embeddable":true,"href":"https:\/\/olemosaic.com\/pt-pt\/wp-json\/wp\/v2\/media\/11366"}],"wp:attachment":[{"href":"https:\/\/olemosaic.com\/pt-pt\/wp-json\/wp\/v2\/media?parent=32217"}],"wp:term":[{"taxonomy":"product_brand","embeddable":true,"href":"https:\/\/olemosaic.com\/pt-pt\/wp-json\/wp\/v2\/product_brand?post=32217"},{"taxonomy":"product_cat","embeddable":true,"href":"https:\/\/olemosaic.com\/pt-pt\/wp-json\/wp\/v2\/product_cat?post=32217"},{"taxonomy":"product_tag","embeddable":true,"href":"https:\/\/olemosaic.com\/pt-pt\/wp-json\/wp\/v2\/product_tag?post=32217"}],"curies":[{"name":"wp","href":"https:\/\/api.w.org\/{rel}","templated":true}]}}