{"id":32216,"date":"2025-02-20T23:32:22","date_gmt":"2025-02-20T22:32:22","guid":{"rendered":"http:\/\/olemosaic.com\/producto\/iman-de-metal-sagrada-familia-barcelona-negro-8-cm-2\/"},"modified":"2025-07-25T18:40:48","modified_gmt":"2025-07-25T16:40:48","slug":"iman-de-metal-sagrada-familia-barcelona-preto-8-cm-2","status":"publish","type":"product","link":"https:\/\/olemosaic.com\/pt-pt\/produto\/iman-de-metal-sagrada-familia-barcelona-preto-8-cm-2\/","title":{"rendered":"\u00cdman de metal. Sagrada Fam\u00edlia. Mosaico. Arquitetura Gaud\u00ed. Barcelona. Fundo preto. 8 cm."},"content":{"rendered":"<p>Este \u00edman met\u00e1lico de 8 cm destaca a emblem\u00e1tica Sagrada Fam\u00edlia de Barcelona, um dos monumentos mais ic\u00f3nicos da cidade e uma obra-prima do famoso arquiteto Antoni Gaud\u00ed. Com um design vibrante que evoca a arte do mosaico, o \u00edman apresenta uma representa\u00e7\u00e3o colorida da majestosa bas\u00edlica, mostrando as suas intrincadas torres e fachadas decoradas que parecem ganhar vida gra\u00e7as \u00e0 exuberante paleta de cores. Na parte superior, o texto &#8220;I \u2665 Barcelona&#8221; define-se com letras audazes e elegantes, criando um contraste harm\u00f3nico com o fundo preto, que real\u00e7a ainda mais a beleza da arquitetura. Esta recorda\u00e7\u00e3o n\u00e3o \u00e9 apenas um objeto decorativo, mas tamb\u00e9m uma aut\u00eantica express\u00e3o da cultura catal\u00e3, ideal para quem deseja levar um peda\u00e7o de Barcelona. Como distribuidores de recorda\u00e7\u00f5es de Barcelona, a Ol\u00e9 Mosaic oferece uma ampla variedade de produtos que capturam a ess\u00eancia desta maravilhosa cidade. Este \u00edman \u00e9 uma excelente op\u00e7\u00e3o para lojas de presentes tur\u00edsticos, pois combina qualidade, criatividade e a rica heran\u00e7a da arquitetura de Gaud\u00ed, tornando-o numa recorda\u00e7\u00e3o inestim\u00e1vel da experi\u00eancia de cada visitante.<\/p>\n","protected":false},"excerpt":{"rendered":"<p>\u00cdman met\u00e1lico de 8 cm com a ic\u00f3nica Sagrada Fam\u00edlia de Barcelona. Este design colorido apresenta uma representa\u00e7\u00e3o art\u00edstica com tons vibrantes, ao estilo do mosaico. A imagem inclui o texto &#8220;I \u2665 Barcelona&#8221; na parte superior, o que cria um contraste elegante sobre fundo preto. Perfeito para recordar a magn\u00edfica arquitetura de Gaud\u00ed e levar um peda\u00e7o de Barcelona consigo.<\/p>\n","protected":false},"featured_media":13535,"template":"","meta":{"_acf_changed":false},"product_brand":[],"product_cat":[699],"product_tag":[],"class_list":{"0":"post-32216","1":"product","2":"type-product","3":"status-publish","4":"has-post-thumbnail","6":"product_cat-imanes","7":"pa_ciudad-barcelona","8":"pa_motivo-sagrada-familia","9":"pa_pais-espana","11":"first","12":"instock","13":"shipping-taxable","14":"product-type-simple"},"acf":[],"_links":{"self":[{"href":"https:\/\/olemosaic.com\/pt-pt\/wp-json\/wp\/v2\/product\/32216","targetHints":{"allow":["GET"]}}],"collection":[{"href":"https:\/\/olemosaic.com\/pt-pt\/wp-json\/wp\/v2\/product"}],"about":[{"href":"https:\/\/olemosaic.com\/pt-pt\/wp-json\/wp\/v2\/types\/product"}],"wp:featuredmedia":[{"embeddable":true,"href":"https:\/\/olemosaic.com\/pt-pt\/wp-json\/wp\/v2\/media\/13535"}],"wp:attachment":[{"href":"https:\/\/olemosaic.com\/pt-pt\/wp-json\/wp\/v2\/media?parent=32216"}],"wp:term":[{"taxonomy":"product_brand","embeddable":true,"href":"https:\/\/olemosaic.com\/pt-pt\/wp-json\/wp\/v2\/product_brand?post=32216"},{"taxonomy":"product_cat","embeddable":true,"href":"https:\/\/olemosaic.com\/pt-pt\/wp-json\/wp\/v2\/product_cat?post=32216"},{"taxonomy":"product_tag","embeddable":true,"href":"https:\/\/olemosaic.com\/pt-pt\/wp-json\/wp\/v2\/product_tag?post=32216"}],"curies":[{"name":"wp","href":"https:\/\/api.w.org\/{rel}","templated":true}]}}