{"id":32215,"date":"2025-02-20T23:32:22","date_gmt":"2025-02-20T22:32:22","guid":{"rendered":"http:\/\/olemosaic.com\/producto\/iman-de-metal-panoramica-barcelona-plata-8-cm-3\/"},"modified":"2025-07-25T19:01:36","modified_gmt":"2025-07-25T17:01:36","slug":"iman-de-metal-panoramica-barcelona-prata-8-cm-3","status":"publish","type":"product","link":"https:\/\/olemosaic.com\/pt-pt\/produto\/iman-de-metal-panoramica-barcelona-prata-8-cm-3\/","title":{"rendered":"\u00cdman de metal. Panor\u00e2mica. Edif\u00edcios Gaud\u00ed. Barcelona. Prata. 8 cm."},"content":{"rendered":"<p>Este \u00edman met\u00e1lico de 8 cm com uma vibrante panor\u00e2mica de Barcelona \u00e9 a recorda\u00e7\u00e3o perfeita para recordar a beleza e o car\u00e1cter \u00fanico da cidade condal. O design apresenta uma colorida representa\u00e7\u00e3o da emblem\u00e1tica Sagrada Fam\u00edlia e do Parque G\u00fcell, duas das obras-primas do c\u00e9lebre arquiteto Antoni Gaud\u00ed, ic\u00f3nicas pelas suas formas onduladas e pelo seu exuberante uso da cor. Em tons de vermelho, azul e amarelo, o \u00edman evoca o estilo modernista que caracteriza a arquitetura barcelonesa, criando um efeito visual cativante que captura a ess\u00eancia da cidade. A frase &#8220;I \u2665 Barcelona&#8221; destaca-se na parte superior, acrescentando um toque pessoal e divertido \u00e0 recorda\u00e7\u00e3o, ideal para os turistas que procuram levar um pedacinho desta vibrante metr\u00f3pole. O seu acabamento prateado confere-lhe um aspeto elegante e atraente, tornando este \u00edman n\u00e3o apenas uma recorda\u00e7\u00e3o funcional, mas tamb\u00e9m um elemento decorativo que alegrar\u00e1 qualquer frigor\u00edfico ou superf\u00edcie met\u00e1lica. Na Ol\u00e9 Mosaic, somos especialistas na distribui\u00e7\u00e3o de recorda\u00e7\u00f5es por grosso, e este \u00edman de Barcelona \u00e9 uma magn\u00edfica op\u00e7\u00e3o para as lojas de presentes tur\u00edsticos que desejam oferecer produtos aut\u00eanticos e de qualidade. Com este \u00edman, os visitantes poder\u00e3o reviver cada momento da sua viagem a Barcelona, transformando-o num aut\u00eantico tesouro cultural.<\/p>\n","protected":false},"excerpt":{"rendered":"<p>\u00cdman met\u00e1lico com uma colorida panor\u00e2mica de Barcelona, de 8 cm. Este \u00edman apresenta uma vibrante representa\u00e7\u00e3o da Sagrada Fam\u00edlia e do Parque G\u00fcell, com um design em tons de vermelho, azul e amarelo que evoca o estilo modernista de Gaud\u00ed. A frase &#8220;I \u2665 Barcelona&#8221; destaca-se na parte superior, criando uma recorda\u00e7\u00e3o perfeita da cidade condal. O seu acabamento prateado e os detalhes art\u00edsticos tornam-no numa recorda\u00e7\u00e3o ideal para os amantes de Barcelona.<\/p>\n","protected":false},"featured_media":11409,"template":"","meta":{"_acf_changed":false},"product_brand":[],"product_cat":[699],"product_tag":[],"class_list":{"0":"post-32215","1":"product","2":"type-product","3":"status-publish","4":"has-post-thumbnail","6":"product_cat-imanes","7":"pa_ciudad-barcelona","8":"pa_motivo-panoramas","9":"pa_pais-espana","11":"first","12":"instock","13":"shipping-taxable","14":"product-type-simple"},"acf":[],"_links":{"self":[{"href":"https:\/\/olemosaic.com\/pt-pt\/wp-json\/wp\/v2\/product\/32215","targetHints":{"allow":["GET"]}}],"collection":[{"href":"https:\/\/olemosaic.com\/pt-pt\/wp-json\/wp\/v2\/product"}],"about":[{"href":"https:\/\/olemosaic.com\/pt-pt\/wp-json\/wp\/v2\/types\/product"}],"wp:featuredmedia":[{"embeddable":true,"href":"https:\/\/olemosaic.com\/pt-pt\/wp-json\/wp\/v2\/media\/11409"}],"wp:attachment":[{"href":"https:\/\/olemosaic.com\/pt-pt\/wp-json\/wp\/v2\/media?parent=32215"}],"wp:term":[{"taxonomy":"product_brand","embeddable":true,"href":"https:\/\/olemosaic.com\/pt-pt\/wp-json\/wp\/v2\/product_brand?post=32215"},{"taxonomy":"product_cat","embeddable":true,"href":"https:\/\/olemosaic.com\/pt-pt\/wp-json\/wp\/v2\/product_cat?post=32215"},{"taxonomy":"product_tag","embeddable":true,"href":"https:\/\/olemosaic.com\/pt-pt\/wp-json\/wp\/v2\/product_tag?post=32215"}],"curies":[{"name":"wp","href":"https:\/\/api.w.org\/{rel}","templated":true}]}}