{"id":32194,"date":"2025-02-20T22:32:21","date_gmt":"2025-02-20T22:32:21","guid":{"rendered":"http:\/\/olemosaic.com\/producto\/iman-de-metal-gallo-plata-8-cm\/"},"modified":"2025-07-25T20:26:01","modified_gmt":"2025-07-25T18:26:01","slug":"iman-de-metal-galo-prata-8-cm","status":"publish","type":"product","link":"https:\/\/olemosaic.com\/pt-pt\/produto\/iman-de-metal-galo-prata-8-cm\/","title":{"rendered":"\u00cdman de metal. Galo. Prata. 8 cm."},"content":{"rendered":"<p>Este \u00edman met\u00e1lico de 8 cm, com o design do emblem\u00e1tico Galo de Barcelos, \u00e9 uma representa\u00e7\u00e3o aut\u00eantica da tradi\u00e7\u00e3o cultural portuguesa. Elaborado com uma t\u00e9cnica de mosaico vibrante, este souvenir destaca-se pela sua exibi\u00e7\u00e3o colorida de tons de vermelho, amarelo, azul e verde, que d\u00e3o vida \u00e0 imagem deste galo, s\u00edmbolo da esperan\u00e7a e da justi\u00e7a no folclore portugu\u00eas. A figura do galo apresenta-se sobre um fundo que simula cer\u00e2mica partida, criando uma apar\u00eancia art\u00edstica e atrativa, perfeita para decorar qualquer frigor\u00edfico.<\/p>\n<p>O seu acabamento brilhante n\u00e3o s\u00f3 real\u00e7a as cores deslumbrantes, como tamb\u00e9m confere um toque moderno e contempor\u00e2neo, tornando-o um elemento decorativo que chama a aten\u00e7\u00e3o. Ao adquirir este \u00edman, n\u00e3o leva apenas para casa um pedacinho de arte, mas tamb\u00e9m uma pe\u00e7a carregada de significado cultural que evoca a rica tradi\u00e7\u00e3o portuguesa, tornando-o uma recorda\u00e7\u00e3o ideal para turistas que procuram uma liga\u00e7\u00e3o aut\u00eantica com Portugal. Na Ol\u00e9 Mosaic, como grossista de souvenirs, oferecemos este \u00edman do Galo de Barcelos como uma excelente op\u00e7\u00e3o para lojas de presentes tur\u00edsticos, garantindo produtos de alta qualidade que celebram a heran\u00e7a cultural \u00fanica da regi\u00e3o. Este \u00edman \u00e9, sem d\u00favida, uma escolha perfeita para quem deseja levar para casa um peda\u00e7o da hist\u00f3ria e da alegria de Portugal.<\/p>\n","protected":false},"excerpt":{"rendered":"<p>\u00cdman de metal de 8 cm com um design colorido de galo inspirado no famoso &#8220;Galo de Barcelos&#8221;. Este \u00edman apresenta uma t\u00e9cnica de mosaico com tons vibrantes de vermelho, amarelo, azul e verde, real\u00e7ando a figura do galo sobre um fundo com padr\u00f5es irregulares que simulam cer\u00e2mica partida. A fus\u00e3o de cores e o acabamento brilhante tornam esta recorda\u00e7\u00e3o num elemento decorativo atrativo para qualquer frigor\u00edfico, evocando a rica tradi\u00e7\u00e3o portuguesa.<\/p>\n","protected":false},"featured_media":11456,"template":"","meta":{"_acf_changed":false},"product_brand":[],"product_cat":[699],"product_tag":[516],"class_list":{"0":"post-32194","1":"product","2":"type-product","3":"status-publish","4":"has-post-thumbnail","6":"product_cat-imanes","7":"product_tag-animais","8":"pa_motivo-galos","10":"first","11":"instock","12":"shipping-taxable","13":"product-type-simple"},"acf":[],"_links":{"self":[{"href":"https:\/\/olemosaic.com\/pt-pt\/wp-json\/wp\/v2\/product\/32194","targetHints":{"allow":["GET"]}}],"collection":[{"href":"https:\/\/olemosaic.com\/pt-pt\/wp-json\/wp\/v2\/product"}],"about":[{"href":"https:\/\/olemosaic.com\/pt-pt\/wp-json\/wp\/v2\/types\/product"}],"wp:featuredmedia":[{"embeddable":true,"href":"https:\/\/olemosaic.com\/pt-pt\/wp-json\/wp\/v2\/media\/11456"}],"wp:attachment":[{"href":"https:\/\/olemosaic.com\/pt-pt\/wp-json\/wp\/v2\/media?parent=32194"}],"wp:term":[{"taxonomy":"product_brand","embeddable":true,"href":"https:\/\/olemosaic.com\/pt-pt\/wp-json\/wp\/v2\/product_brand?post=32194"},{"taxonomy":"product_cat","embeddable":true,"href":"https:\/\/olemosaic.com\/pt-pt\/wp-json\/wp\/v2\/product_cat?post=32194"},{"taxonomy":"product_tag","embeddable":true,"href":"https:\/\/olemosaic.com\/pt-pt\/wp-json\/wp\/v2\/product_tag?post=32194"}],"curies":[{"name":"wp","href":"https:\/\/api.w.org\/{rel}","templated":true}]}}