{"id":32192,"date":"2025-02-20T22:32:21","date_gmt":"2025-02-20T22:32:21","guid":{"rendered":"http:\/\/olemosaic.com\/producto\/iman-de-metal-bulldog-barcelona-8-cm\/"},"modified":"2025-07-25T19:59:08","modified_gmt":"2025-07-25T17:59:08","slug":"iman-de-metal-bulldog-barcelona-8-cm-pt-pt","status":"publish","type":"product","link":"https:\/\/olemosaic.com\/pt-pt\/produto\/iman-de-metal-bulldog-barcelona-8-cm-pt-pt\/","title":{"rendered":"\u00cdman de metal. Bulldog. Barcelona. 8 cm."},"content":{"rendered":"<p>Este \u00edman met\u00e1lico de 8 cm funde arte, alegria e a ess\u00eancia de Barcelona numa \u00fanica pe\u00e7a. Apresenta um design vibrante de um bulldog com um estilo de mosaico, inspirado na famosa obra do arquiteto Antoni Gaud\u00ed, conhecido pelos seus mosaicos coloridos que adornam a cidade. A ilustra\u00e7\u00e3o destaca-se pelas suas tonalidades chamativas que captam a luz da Costa Mediterr\u00e2nica, com cada sec\u00e7\u00e3o do bulldog a sobressair num jogo de cores que v\u00e3o desde o vermelho intenso ao azul-celeste, criando um efeito visual din\u00e2mico e atrativo.<\/p>\n<p>A base do \u00edman \u00e9 decorada com um fundo azul claro que real\u00e7a ainda mais a figura do c\u00e3o, acrescentando um ar fresco ao design. Numa lateral, o texto &#8220;Barcelona&#8221; apresenta-se com letras alegres, solidificando a liga\u00e7\u00e3o com esta cidade vibrante. Este \u00edman n\u00e3o \u00e9 apenas um acess\u00f3rio decorativo, mas um aut\u00eantico souvenir que evoca as alegrias e a cultura de Barcelona, tornando-o um excelente presente para quem procura levar um peda\u00e7o da cidade para casa.<\/p>\n<p>Na Ol\u00e9 Mosaic, somos distribuidores de souvenirs por grosso, e este \u00edman de bulldog \u00e9 uma op\u00e7\u00e3o perfeita para lojas de presentes tur\u00edsticos que desejem oferecer produtos aut\u00eanticos e representativos da cultura espanhola. Os souvenirs de Barcelona como este \u00edman n\u00e3o s\u00f3 decoram qualquer frigor\u00edfico, como tamb\u00e9m evocam recorda\u00e7\u00f5es queridas de uma das cidades mais emblem\u00e1ticas da Europa, ideal tanto para turistas como para colecionadores.<\/p>\n","protected":false},"excerpt":{"rendered":"<p>\u00cdman met\u00e1lico de 8 cm com um design vibrante de um bulldog ao estilo mosaico, inspirado na rica cultura de Barcelona. Este \u00edman destaca-se pelas suas tonalidades chamativas e pela sua t\u00e9cnica de ilustra\u00e7\u00e3o, que recorda os famosos mosaicos de Gaud\u00ed. Com a palavra &#8220;Barcelona&#8221; numa lateral, esta pe\u00e7a capta a ess\u00eancia da cidade de forma alegre e colorida, ideal para levar um pedacinho de Espanha para casa.<\/p>\n","protected":false},"featured_media":12858,"template":"","meta":{"_acf_changed":false},"product_brand":[],"product_cat":[699],"product_tag":[],"class_list":{"0":"post-32192","1":"product","2":"type-product","3":"status-publish","4":"has-post-thumbnail","6":"product_cat-imanes","7":"pa_ciudad-barcelona","8":"pa_motivo-bulldogs","9":"pa_pais-espana","11":"first","12":"instock","13":"shipping-taxable","14":"product-type-simple"},"acf":[],"_links":{"self":[{"href":"https:\/\/olemosaic.com\/pt-pt\/wp-json\/wp\/v2\/product\/32192","targetHints":{"allow":["GET"]}}],"collection":[{"href":"https:\/\/olemosaic.com\/pt-pt\/wp-json\/wp\/v2\/product"}],"about":[{"href":"https:\/\/olemosaic.com\/pt-pt\/wp-json\/wp\/v2\/types\/product"}],"wp:featuredmedia":[{"embeddable":true,"href":"https:\/\/olemosaic.com\/pt-pt\/wp-json\/wp\/v2\/media\/12858"}],"wp:attachment":[{"href":"https:\/\/olemosaic.com\/pt-pt\/wp-json\/wp\/v2\/media?parent=32192"}],"wp:term":[{"taxonomy":"product_brand","embeddable":true,"href":"https:\/\/olemosaic.com\/pt-pt\/wp-json\/wp\/v2\/product_brand?post=32192"},{"taxonomy":"product_cat","embeddable":true,"href":"https:\/\/olemosaic.com\/pt-pt\/wp-json\/wp\/v2\/product_cat?post=32192"},{"taxonomy":"product_tag","embeddable":true,"href":"https:\/\/olemosaic.com\/pt-pt\/wp-json\/wp\/v2\/product_tag?post=32192"}],"curies":[{"name":"wp","href":"https:\/\/api.w.org\/{rel}","templated":true}]}}