{"id":32191,"date":"2025-02-20T23:32:21","date_gmt":"2025-02-20T22:32:21","guid":{"rendered":"http:\/\/olemosaic.com\/producto\/iman-de-metal-sagrada-familia-barcelona-8-cm-3\/"},"modified":"2025-07-25T19:55:21","modified_gmt":"2025-07-25T17:55:21","slug":"iman-de-metal-sagrada-familia-barcelona-8-cm-3-pt-pt","status":"publish","type":"product","link":"https:\/\/olemosaic.com\/pt-pt\/produto\/iman-de-metal-sagrada-familia-barcelona-8-cm-3-pt-pt\/","title":{"rendered":"\u00cdman de metal. Sagrada Fam\u00edlia. Tons laranja, amarelo e azul. Barcelona. 8 cm."},"content":{"rendered":"<p>Este \u00edman met\u00e1lico de 8 cm capta a majestade da Sagrada Fam\u00edlia, o s\u00edmbolo ic\u00f3nico de Barcelona, num design vibrante que reflete a ess\u00eancia do genial arquiteto Antoni Gaud\u00ed. Com um estilo inspirador, este \u00edman apresenta uma representa\u00e7\u00e3o maravilhosa do famoso mosaico que adorna o monumento, onde as torres coloridas se erguem majestosamente, repletas de detalhes intrincados. A paleta de cores, com laranjas, amarelos e azuis, real\u00e7a a beleza arquitet\u00f3nica desta obra-prima, criando uma pe\u00e7a que n\u00e3o \u00e9 apenas decorativa, mas tamb\u00e9m um reflexo fiel da cultura modernista catal\u00e3.<\/p>\n<p>Na parte superior, o nome &#8220;Barcelona&#8221; destaca-se em letras elegantes, acrescentando um toque identificativo e atrativo que o torna a recorda\u00e7\u00e3o perfeita da cidade. Este \u00edman n\u00e3o \u00e9 apenas uma excelente op\u00e7\u00e3o para decorar o seu frigor\u00edfico, mas tamb\u00e9m uma forma de levar consigo um pedacinho da hist\u00f3ria e da cultura de Barcelona. Ideal para turistas que procuram souvenirs aut\u00eanticos, este \u00edman destaca-se pela sua qualidade e design, tornando-se uma recorda\u00e7\u00e3o que capta a ess\u00eancia da Sagrada Fam\u00edlia.<\/p>\n<p>Na Ol\u00e9 Mosaic, como distribuidores de souvenirs por grosso, oferecemos este \u00edman da Sagrada Fam\u00edlia, entre outros produtos que representam o melhor da tradi\u00e7\u00e3o espanhola. \u00c9 uma escolha ideal para lojas de presentes tur\u00edsticos que desejem oferecer aos seus clientes uma recorda\u00e7\u00e3o aut\u00eantica e evocativa de Barcelona.<\/p>\n","protected":false},"excerpt":{"rendered":"<p>\u00cdman de metal de 8 cm que capta a majestade da Sagrada Fam\u00edlia de Barcelona. Este \u00edman apresenta um design vibrante inspirado no famoso mosaico de Gaud\u00ed, com as suas torres ic\u00f3nicas a surgir, cheias de cor e detalhe. A combina\u00e7\u00e3o de tons alaranjados, amarelos e azuis real\u00e7a a beleza deste monumento emblem\u00e1tico, enquanto o nome &#8220;Barcelona&#8221; na parte superior acrescenta um toque identificativo e atrativo. Perfeito para recordar a sua visita a esta maravilha arquitet\u00f3nica.<\/p>\n","protected":false},"featured_media":11371,"template":"","meta":{"_acf_changed":false},"product_brand":[],"product_cat":[699],"product_tag":[],"class_list":{"0":"post-32191","1":"product","2":"type-product","3":"status-publish","4":"has-post-thumbnail","6":"product_cat-imanes","7":"pa_ciudad-barcelona","8":"pa_motivo-sagrada-familia","9":"pa_pais-espana","11":"first","12":"instock","13":"shipping-taxable","14":"product-type-simple"},"acf":[],"_links":{"self":[{"href":"https:\/\/olemosaic.com\/pt-pt\/wp-json\/wp\/v2\/product\/32191","targetHints":{"allow":["GET"]}}],"collection":[{"href":"https:\/\/olemosaic.com\/pt-pt\/wp-json\/wp\/v2\/product"}],"about":[{"href":"https:\/\/olemosaic.com\/pt-pt\/wp-json\/wp\/v2\/types\/product"}],"wp:featuredmedia":[{"embeddable":true,"href":"https:\/\/olemosaic.com\/pt-pt\/wp-json\/wp\/v2\/media\/11371"}],"wp:attachment":[{"href":"https:\/\/olemosaic.com\/pt-pt\/wp-json\/wp\/v2\/media?parent=32191"}],"wp:term":[{"taxonomy":"product_brand","embeddable":true,"href":"https:\/\/olemosaic.com\/pt-pt\/wp-json\/wp\/v2\/product_brand?post=32191"},{"taxonomy":"product_cat","embeddable":true,"href":"https:\/\/olemosaic.com\/pt-pt\/wp-json\/wp\/v2\/product_cat?post=32191"},{"taxonomy":"product_tag","embeddable":true,"href":"https:\/\/olemosaic.com\/pt-pt\/wp-json\/wp\/v2\/product_tag?post=32191"}],"curies":[{"name":"wp","href":"https:\/\/api.w.org\/{rel}","templated":true}]}}