{"id":32190,"date":"2025-02-20T22:32:21","date_gmt":"2025-02-20T22:32:21","guid":{"rendered":"http:\/\/olemosaic.com\/producto\/iman-de-metal-punt-de-trobada-barcelona-8-cm\/"},"modified":"2025-07-25T20:08:50","modified_gmt":"2025-07-25T18:08:50","slug":"iman-de-metal-punt-de-trobada-barcelona-8-cm-pt-pt","status":"publish","type":"product","link":"https:\/\/olemosaic.com\/pt-pt\/produto\/iman-de-metal-punt-de-trobada-barcelona-8-cm-pt-pt\/","title":{"rendered":"\u00cdman de metal. Punt de trobada. Barcelona. 8 cm."},"content":{"rendered":"<p>Este \u00edman met\u00e1lico de 8 cm capta a ess\u00eancia vibrante da arte moderna de Barcelona, tornando-se uma recorda\u00e7\u00e3o imprescind\u00edvel para os visitantes desta cidade emblem\u00e1tica. Decorado com um design de mosaico que evoca o estilo ic\u00f3nico de Antoni Gaud\u00ed, este \u00edman apresenta uma explos\u00e3o de formas coloridas em tons de vermelho, amarelo, azul e preto, dispostas sobre um elegante fundo branco que real\u00e7a a beleza do mosaico. A palavra &#8220;Barcelona&#8221; destaca-se na parte superior, acrescentando um toque de liga\u00e7\u00e3o direta com a cidade, o que o torna uma op\u00e7\u00e3o ideal para colecionadores e amantes da arte.<\/p>\n<p>Este souvenir n\u00e3o \u00e9 apenas um objeto decorativo; simboliza a rica heran\u00e7a cultural de Barcelona, famosa pelas suas obras-primas arquitet\u00f3nicas e pela sua abordagem inovadora \u00e0 arte. Os visitantes encontrar\u00e3o neste \u00edman uma recorda\u00e7\u00e3o tang\u00edvel das suas experi\u00eancias e explora\u00e7\u00f5es na urbe catal\u00e3, encapsulando a criatividade e a paix\u00e3o que caracterizam a cidade. Na Ol\u00e9 Mosaic, dedicamo-nos \u00e0 distribui\u00e7\u00e3o de souvenirs aut\u00eanticos, e este \u00edman de Barcelona representa perfeitamente o nosso compromisso com a qualidade e a relev\u00e2ncia cultural. Ideal para lojas de presentes tur\u00edsticos que procuram oferecer produtos atrativos e significativos.<\/p>\n","protected":false},"excerpt":{"rendered":"<p>\u00cdman met\u00e1lico de 8 cm que capta a ess\u00eancia da arte moderna de Barcelona. Decorado com um design vibrante de mosaico, que evoca o famoso estilo de Antoni Gaud\u00ed, este \u00edman apresenta formas coloridas em tons de vermelho, amarelo, azul e preto sobre um fundo branco. A palavra &#8220;Barcelona&#8221; destaca-se na parte superior, tornando-o uma recorda\u00e7\u00e3o perfeita da cidade. Ideal para colecionadores e amantes da arte.<\/p>\n","protected":false},"featured_media":7931,"template":"","meta":{"_acf_changed":false},"product_brand":[],"product_cat":[699],"product_tag":[],"class_list":{"0":"post-32190","1":"product","2":"type-product","3":"status-publish","4":"has-post-thumbnail","6":"product_cat-imanes","7":"pa_ciudad-barcelona","8":"pa_motivo-punt-de-trobada","9":"pa_pais-espana","11":"first","12":"instock","13":"shipping-taxable","14":"product-type-simple"},"acf":[],"_links":{"self":[{"href":"https:\/\/olemosaic.com\/pt-pt\/wp-json\/wp\/v2\/product\/32190","targetHints":{"allow":["GET"]}}],"collection":[{"href":"https:\/\/olemosaic.com\/pt-pt\/wp-json\/wp\/v2\/product"}],"about":[{"href":"https:\/\/olemosaic.com\/pt-pt\/wp-json\/wp\/v2\/types\/product"}],"wp:featuredmedia":[{"embeddable":true,"href":"https:\/\/olemosaic.com\/pt-pt\/wp-json\/wp\/v2\/media\/7931"}],"wp:attachment":[{"href":"https:\/\/olemosaic.com\/pt-pt\/wp-json\/wp\/v2\/media?parent=32190"}],"wp:term":[{"taxonomy":"product_brand","embeddable":true,"href":"https:\/\/olemosaic.com\/pt-pt\/wp-json\/wp\/v2\/product_brand?post=32190"},{"taxonomy":"product_cat","embeddable":true,"href":"https:\/\/olemosaic.com\/pt-pt\/wp-json\/wp\/v2\/product_cat?post=32190"},{"taxonomy":"product_tag","embeddable":true,"href":"https:\/\/olemosaic.com\/pt-pt\/wp-json\/wp\/v2\/product_tag?post=32190"}],"curies":[{"name":"wp","href":"https:\/\/api.w.org\/{rel}","templated":true}]}}